{"id":2848,"date":"2023-03-31T07:57:51","date_gmt":"2023-03-31T07:57:51","guid":{"rendered":"https:\/\/cookiedropping.com\/mehr-zum-thema-deutsch-franzoesische-geschaeftsbeziehungen\/"},"modified":"2024-01-24T13:09:52","modified_gmt":"2024-01-24T13:09:52","slug":"vertiefung","status":"publish","type":"page","link":"https:\/\/cookiedropping.com\/de\/vertiefung\/","title":{"rendered":"Mehr zum Thema: Deutsch-franz\u00f6sische Gesch\u00e4ftsbeziehungen"},"content":{"rendered":"\n<div class=\"wp-block-cover is-light\"><span aria-hidden=\"true\" class=\"wp-block-cover__background has-background-dim-0 has-background-dim\"><\/span><img loading=\"lazy\" decoding=\"async\" width=\"940\" height=\"250\" src=\"https:\/\/cookiedropping.com\/wp-content\/uploads\/2014\/05\/d0-approfondir-v2.jpg\" class=\"wp-block-cover__image-background wp-post-image\" alt=\"\" data-object-fit=\"cover\" srcset=\"https:\/\/cookiedropping.com\/wp-content\/uploads\/2014\/05\/d0-approfondir-v2.jpg 940w, https:\/\/cookiedropping.com\/wp-content\/uploads\/2014\/05\/d0-approfondir-v2-300x80.jpg 300w, https:\/\/cookiedropping.com\/wp-content\/uploads\/2014\/05\/d0-approfondir-v2-768x204.jpg 768w\" sizes=\"auto, (max-width: 940px) 100vw, 940px\" \/><div class=\"wp-block-cover__inner-container is-layout-flow wp-block-cover-is-layout-flow\">\n<div class=\"wp-block-group is-content-justification-left is-nowrap is-layout-flex wp-container-core-group-is-layout-c1c43fa8 wp-block-group-is-layout-flex\" style=\"margin-top:0;margin-bottom:0;padding-top:0;padding-right:0;padding-bottom:0;padding-left:0\">\n<p class=\"header-whiteline\" style=\"margin-top:0em;margin-right:0;margin-bottom:0;margin-left:var(--wp--preset--spacing--30);padding-top:0.17em;padding-right:0.17em;padding-bottom:0.17em;padding-left:0.17em;font-size:clamp(1.039em, 1.039rem + ((1vw - 0.2em) * 1.02), 1.6em);\"><strong>Schlichte Kulturunterschiede<\/strong><\/p>\n<\/div>\n\n\n\n<div class=\"wp-block-group is-nowrap is-layout-flex wp-container-core-group-is-layout-dd7dc145 wp-block-group-is-layout-flex\" style=\"margin-top:0px;margin-bottom:0px\">\n<p class=\"has-text-align-left header-yellowline\" style=\"margin-top:0;margin-bottom:0em;margin-left:var(--wp--preset--spacing--30);padding-top:0.17em;padding-right:0.17em;padding-bottom:0.17em;padding-left:0.17em;font-size:clamp(1.039em, 1.039rem + ((1vw - 0.2em) * 1.02), 1.6em);\"><strong><strong>oder deutsch-franz\u00f6sische Beziehungsmechanismen?<\/strong><\/strong><\/p>\n<\/div>\n<\/div><\/div>\n\n\n<h2 class=\"wp-block-post-title\">Mehr zum Thema: Deutsch-franz\u00f6sische Gesch\u00e4ftsbeziehungen<\/h2>\n\n\n<div class=\"wp-block-group is-nowrap is-layout-flex wp-container-core-group-is-layout-b79ae030 wp-block-group-is-layout-flex\" style=\"padding-right:0px;padding-left:0px;font-size:0.8em\">\n<p>Lire cette page \u00e0 partir d&#8217;un point de vue fran\u00e7ais:<\/p>\n\n\n\n<div class=\"wp-block-group lang-inline has-global-padding is-content-justification-left is-layout-constrained wp-container-core-group-is-layout-eec01751 wp-block-group-is-layout-constrained\" style=\"padding-right:0px;padding-left:0px\">\n<div class=\"wpml-ls-statics-shortcode_actions wpml-ls wpml-ls-legacy-list-horizontal\">\n\t<ul role=\"menu\"><li class=\"wpml-ls-slot-shortcode_actions wpml-ls-item wpml-ls-item-fr wpml-ls-first-item wpml-ls-last-item wpml-ls-item-legacy-list-horizontal\" role=\"none\">\n\t\t\t\t<a href=\"https:\/\/cookiedropping.com\/\" class=\"wpml-ls-link\" role=\"menuitem\"  aria-label=\"Zu Franz\u00f6sisch wechseln\" title=\"Zu Franz\u00f6sisch wechseln\" >\n                    <span class=\"wpml-ls-display\">Franz\u00f6sisch<\/span><\/a>\n\t\t\t<\/li><\/ul>\n<\/div>\n\n<\/div>\n<\/div>\n\n\n\n<figure class=\"wp-block-pullquote\"><blockquote><p>Clearing business-cultural blockages has been our passion since 1984 &nbsp;<\/p><cite>JPB Consulting<\/cite><\/blockquote><\/figure>\n\n\n\n<div class=\"wp-block-columns is-layout-flex wp-container-core-columns-is-layout-28f84493 wp-block-columns-is-layout-flex\">\n<div class=\"wp-block-column is-layout-flow wp-block-column-is-layout-flow\" style=\"flex-basis:66.66%\">\n<h2 class=\"wp-block-heading\">UM DAS THEMA &#8222;DEUTSCH-FRANZ\u00d6SISCHE BUSINESS-BEZIEHUNGEN&#8220; ZU VERTIEFEN\u2026<\/h2>\n\n\n\n<p>Das JPB-Team mit Experten, Consultants und Senior-Coachs hat die F\u00e4higkeit entwickelt, im Rahmen der Begleitung deutscher und franz\u00f6sischer Unternehmen als&nbsp;<strong>unparteiische Kulturbotschafter<\/strong>&nbsp;zu handeln.<\/p>\n\n\n\n<p>Hier einige&nbsp;<strong>Anregungen<\/strong>&nbsp;dazu, um das Thema der deutsch-franz\u00f6sischen Gesch\u00e4ftsbeziehungen n\u00e4her zu beleuchten:<\/p>\n<\/div>\n\n\n\n<div class=\"wp-block-column is-layout-flow wp-block-column-is-layout-flow\" style=\"flex-basis:33.33%\">\n<figure class=\"wp-block-image size-full\"><img loading=\"lazy\" decoding=\"async\" width=\"600\" height=\"275\" src=\"https:\/\/cookiedropping.com\/wp-content\/uploads\/2013\/12\/coq-aigle.jpg\" alt=\"\" class=\"wp-image-807\" srcset=\"https:\/\/cookiedropping.com\/wp-content\/uploads\/2013\/12\/coq-aigle.jpg 600w, https:\/\/cookiedropping.com\/wp-content\/uploads\/2013\/12\/coq-aigle-300x138.jpg 300w\" sizes=\"auto, (max-width: 600px) 100vw, 600px\" \/><\/figure>\n<\/div>\n<\/div>\n\n\n\n<div class=\"wp-block-columns is-layout-flex wp-container-core-columns-is-layout-28f84493 wp-block-columns-is-layout-flex\">\n<div class=\"wp-block-column has-border-color has-tertiary-border-color is-layout-flow wp-block-column-is-layout-flow\" style=\"border-width:2px;padding-top:1em;padding-right:1em;padding-bottom:1em;padding-left:1em\">\n<figure class=\"wp-block-image aligncenter size-full is-resized\"><a href=\"https:\/\/cookiedropping.com\/livre-de-reference\/\"><img loading=\"lazy\" decoding=\"async\" width=\"335\" height=\"478\" src=\"https:\/\/cookiedropping.com\/wp-content\/uploads\/2014\/01\/Livre-JPB.jpg\" alt=\"Livre sur le management franco-allemand JPB\" class=\"wp-image-517\" style=\"aspect-ratio:3\/4;object-fit:cover;width:250px\" srcset=\"https:\/\/cookiedropping.com\/wp-content\/uploads\/2014\/01\/Livre-JPB.jpg 335w, https:\/\/cookiedropping.com\/wp-content\/uploads\/2014\/01\/Livre-JPB-210x300.jpg 210w\" sizes=\"auto, (max-width: 335px) 100vw, 335px\" \/><\/a><figcaption class=\"wp-element-caption\"><a href=\"https:\/\/cookiedropping.com\/de\/bartha-breuer-deutsch-franzoesische-geschaeftsbeziehungen\/\" data-type=\"page\" data-id=\"3036\">Referenzbuch zum deutsch-franz\u00f6sischen Management<\/a><\/figcaption><\/figure>\n<\/div>\n\n\n\n<div class=\"wp-block-column has-border-color has-tertiary-border-color is-layout-flow wp-block-column-is-layout-flow\" style=\"border-width:2px;padding-top:1em;padding-right:1em;padding-bottom:1em;padding-left:1em\">\n<figure class=\"wp-block-image aligncenter size-full is-resized\"><img loading=\"lazy\" decoding=\"async\" width=\"350\" height=\"433\" src=\"https:\/\/cookiedropping.com\/wp-content\/uploads\/2014\/02\/d24.png\" alt=\"Le pi\u00e8ge relationnel franco-allemand\" class=\"wp-image-738\" style=\"aspect-ratio:3\/4;object-fit:cover;width:250px\" srcset=\"https:\/\/cookiedropping.com\/wp-content\/uploads\/2014\/02\/d24.png 350w, https:\/\/cookiedropping.com\/wp-content\/uploads\/2014\/02\/d24-242x300.png 242w\" sizes=\"auto, (max-width: 350px) 100vw, 350px\" \/><figcaption class=\"wp-element-caption\"><a href=\"https:\/\/cookiedropping.com\/de\/deutsch-franzoesischer-beziehungsfall\/\" data-type=\"page\" data-id=\"3037\">Die deutsch-franz\u00f6sische Beziehungsfalle<\/a><\/figcaption><\/figure>\n<\/div>\n\n\n\n<div class=\"wp-block-column has-border-color has-tertiary-border-color is-layout-flow wp-block-column-is-layout-flow\" style=\"border-width:2px;padding-top:1em;padding-right:1em;padding-bottom:1em;padding-left:1em\">\n<figure class=\"wp-block-image aligncenter size-full is-resized\"><img loading=\"lazy\" decoding=\"async\" width=\"563\" height=\"421\" src=\"https:\/\/cookiedropping.com\/wp-content\/uploads\/2014\/07\/emotionale-viren-1a.jpg\" alt=\"\" class=\"wp-image-2491\" style=\"aspect-ratio:3\/4;object-fit:cover;width:250px\" srcset=\"https:\/\/cookiedropping.com\/wp-content\/uploads\/2014\/07\/emotionale-viren-1a.jpg 563w, https:\/\/cookiedropping.com\/wp-content\/uploads\/2014\/07\/emotionale-viren-1a-300x224.jpg 300w\" sizes=\"auto, (max-width: 563px) 100vw, 563px\" \/><figcaption class=\"wp-element-caption\"><a href=\"https:\/\/cookiedropping.com\/de\/emotionale-viren\/\" data-type=\"page\" data-id=\"3038\">Emotionale Viren<\/a><\/figcaption><\/figure>\n<\/div>\n<\/div>\n\n\n\n<div class=\"wp-block-columns is-layout-flex wp-container-core-columns-is-layout-28f84493 wp-block-columns-is-layout-flex\">\n<div class=\"wp-block-column is-vertically-aligned-bottom has-border-color has-tertiary-border-color is-layout-flow wp-container-core-column-is-layout-5ddddc0e wp-block-column-is-layout-flow\" style=\"border-width:2px;padding-top:1em;padding-right:1em;padding-bottom:1em;padding-left:1em\">\n<figure class=\"wp-block-image aligncenter size-full is-resized\"><img loading=\"lazy\" decoding=\"async\" width=\"355\" height=\"266\" src=\"https:\/\/cookiedropping.com\/wp-content\/uploads\/2013\/12\/GABS-Sprachproblem-D4.jpg\" alt=\"\" class=\"wp-image-2465\" style=\"width:250px\" srcset=\"https:\/\/cookiedropping.com\/wp-content\/uploads\/2013\/12\/GABS-Sprachproblem-D4.jpg 355w, https:\/\/cookiedropping.com\/wp-content\/uploads\/2013\/12\/GABS-Sprachproblem-D4-300x225.jpg 300w\" sizes=\"auto, (max-width: 355px) 100vw, 355px\" \/><figcaption class=\"wp-element-caption\"><a href=\"https:\/\/cookiedropping.com\/de\/berechenbare-franzosen\/\" data-type=\"page\" data-id=\"3040\">Wann Franzosen berechenbar werden<\/a><\/figcaption><\/figure>\n<\/div>\n\n\n\n<div class=\"wp-block-column is-vertically-aligned-top has-border-color has-tertiary-border-color is-layout-flow wp-container-core-column-is-layout-5ddddc0e wp-block-column-is-layout-flow\" style=\"border-width:2px;padding-top:1em;padding-right:1em;padding-bottom:1em;padding-left:1em\">\n<figure class=\"wp-block-image aligncenter size-full is-resized\"><img loading=\"lazy\" decoding=\"async\" width=\"355\" height=\"267\" src=\"https:\/\/cookiedropping.com\/wp-content\/uploads\/2013\/12\/GABS-Wertloses-Zeug-0-_-D5.jpg\" alt=\"\" class=\"wp-image-2470\" style=\"width:250px\" srcset=\"https:\/\/cookiedropping.com\/wp-content\/uploads\/2013\/12\/GABS-Wertloses-Zeug-0-_-D5.jpg 355w, https:\/\/cookiedropping.com\/wp-content\/uploads\/2013\/12\/GABS-Wertloses-Zeug-0-_-D5-300x226.jpg 300w\" sizes=\"auto, (max-width: 355px) 100vw, 355px\" \/><figcaption class=\"wp-element-caption\"><a href=\"https:\/\/cookiedropping.com\/de\/deutsch-franzoesische-unterschiede\/\" data-type=\"page\" data-id=\"3039\">Erg\u00e4nzungspotential trotz deutsch-franz\u00f6sischer kultureller Unterschiede<\/a><\/figcaption><\/figure>\n<\/div>\n\n\n\n<div class=\"wp-block-column has-border-color has-tertiary-border-color is-layout-flow wp-container-core-column-is-layout-5ddddc0e wp-block-column-is-layout-flow\" style=\"border-width:2px;padding-top:1em;padding-right:1em;padding-bottom:1em;padding-left:1em\">\n<figure class=\"wp-block-image aligncenter size-full is-resized\"><img loading=\"lazy\" decoding=\"async\" width=\"633\" height=\"573\" src=\"https:\/\/cookiedropping.com\/wp-content\/uploads\/2013\/12\/puzzle-DE-2.jpg\" alt=\"\" class=\"wp-image-2533\" style=\"width:250px\" srcset=\"https:\/\/cookiedropping.com\/wp-content\/uploads\/2013\/12\/puzzle-DE-2.jpg 633w, https:\/\/cookiedropping.com\/wp-content\/uploads\/2013\/12\/puzzle-DE-2-300x272.jpg 300w\" sizes=\"auto, (max-width: 633px) 100vw, 633px\" \/><figcaption class=\"wp-element-caption\"><a href=\"https:\/\/cookiedropping.com\/de\/systemischer-ansatz\/\" data-type=\"page\" data-id=\"3041\">Der systemische Ansatz<\/a><\/figcaption><\/figure>\n<\/div>\n<\/div>\n\n\n\n<hr class=\"wp-block-separator has-text-color has-custom-jpb-yellow-color has-alpha-channel-opacity has-custom-jpb-yellow-background-color has-background is-style-wide\"\/>\n\n\n\n<h3 class=\"wp-block-heading\">UNSERE ST\u00c4RKEN:&nbsp;<\/h3>\n\n\n\n<div class=\"wp-block-columns is-layout-flex wp-container-core-columns-is-layout-28f84493 wp-block-columns-is-layout-flex\">\n<div class=\"wp-block-column is-layout-flow wp-block-column-is-layout-flow\" style=\"flex-basis:20%\">\n<figure class=\"wp-block-image size-full\"><img loading=\"lazy\" decoding=\"async\" width=\"300\" height=\"225\" src=\"https:\/\/cookiedropping.com\/wp-content\/uploads\/2014\/08\/logo2.jpg\" alt=\"JPB Consulting\" class=\"wp-image-1444\"\/><\/figure>\n<\/div>\n\n\n\n<div class=\"wp-block-column is-layout-flow wp-block-column-is-layout-flow\" style=\"flex-basis:80%\">\n<ul class=\"list-yellow-checks wp-block-list\">\n<li>Einzigartiges geballtes Know-how im deutsch-franz\u00f6sischen Management.<\/li>\n\n\n\n<li>Pragmatische und nachhaltige L\u00f6sungswege, operativ und strategisch.<\/li>\n\n\n\n<li>Expertise und Methodik seit 1984, weiterentwickelt und bew\u00e4hrt.<\/li>\n<\/ul>\n<\/div>\n<\/div>\n\n\n\n<ul class=\"list-small-arrows wp-block-list\">\n<li><strong><strong>Zur Optimierung der Effizienz Ihrer deutsch-franz\u00f6sischen Zusammenarbeit.<\/strong><\/strong><\/li>\n<\/ul>\n\n\n\n<hr class=\"wp-block-separator has-text-color has-custom-jpb-yellow-color has-alpha-channel-opacity has-custom-jpb-yellow-background-color has-background is-style-wide\"\/>\n\n\n\n<div class=\"wp-block-columns has-contrast-color has-text-color is-layout-flex wp-container-core-columns-is-layout-28f84493 wp-block-columns-is-layout-flex\">\n<div class=\"wp-block-column is-layout-flow wp-block-column-is-layout-flow\" style=\"padding-top:1em;padding-right:1em;padding-bottom:1em;padding-left:1em\">\n<div class=\"wp-block-group is-nowrap is-layout-flex wp-container-core-group-is-layout-f66f9956 wp-block-group-is-layout-flex\">\n<div class=\"wp-block-outermost-icon-block\"><div class=\"icon-container\" style=\"width:2.5em\"><svg xmlns=\"http:\/\/www.w3.org\/2000\/svg\" width=\"16\" height=\"16\" viewBox=\"0 0 16 16\"><path fill=\"currentColor\" d=\"M11 2.5a2.5 2.5 0 1 1 .603 1.628l-6.718 3.12a2.5 2.5 0 0 1 0 1.504l6.718 3.12a2.5 2.5 0 1 1-.488.876l-6.718-3.12a2.5 2.5 0 1 1 0-3.256l6.718-3.12A2.5 2.5 0 0 1 11 2.5\"><\/path><\/svg><\/div><\/div>\n\n\n\n<div class=\"wp-block-group is-vertical is-layout-flex wp-container-core-group-is-layout-fe9cc265 wp-block-group-is-layout-flex\">\n<p>Bestimmt kennen Sie Kollegen, die mit deutsch-franz\u00f6sischen Problemstellungen konfrontiert sind?<\/p>\n\n\n\n<p>Empfehlen Sie diese Seite m\u00f6glichen Interessenten!<\/p>\n<\/div>\n<\/div>\n<\/div>\n\n\n\n<div class=\"wp-block-column has-tertiary-background-color has-background is-layout-flow wp-block-column-is-layout-flow\" style=\"padding-top:1em;padding-right:1em;padding-bottom:1em;padding-left:1em\">\n<div class=\"wp-block-group is-nowrap is-layout-flex wp-container-core-group-is-layout-f66f9956 wp-block-group-is-layout-flex\">\n<div class=\"wp-block-outermost-icon-block\"><div class=\"icon-container\" style=\"width:3em\"><svg xmlns=\"http:\/\/www.w3.org\/2000\/svg\" width=\"36\" height=\"36\" viewBox=\"0 0 36 36\"><path fill=\"currentColor\" d=\"M32 6H4a2 2 0 0 0-2 2v20a2 2 0 0 0 2 2h28a2 2 0 0 0 2-2V8a2 2 0 0 0-2-2m-1.54 22H5.66l7-7.24l-1.44-1.39L4 26.84V9.52l12.43 12.37a2 2 0 0 0 2.82 0L32 9.21v17.5l-7.36-7.36l-1.41 1.41ZM5.31 8h25.07L17.84 20.47Z\" class=\"clr-i-outline clr-i-outline-path-1\"><\/path><path fill=\"none\" d=\"M0 0h36v36H0z\"><\/path><\/svg><\/div><\/div>\n\n\n\n<p>Kontakt:<br>00.33.1.39.16.95.17<br><a href=\"mailto:jpb@cookiedropping.com\" target=\"_blank\" rel=\"jpb@cookiedropping.com noopener nofollow\">jpb@cookiedropping.com<\/a><\/p>\n<\/div>\n<\/div>\n<\/div>\n","protected":false},"excerpt":{"rendered":"<p>Clearing business-cultural blockages has been our passion since 1984 &nbsp; JPB Consulting UM DAS THEMA &#8222;DEUTSCH-FRANZ\u00d6SISCHE BUSINESS-BEZIEHUNGEN&#8220; ZU VERTIEFEN\u2026 Das JPB-Team mit Experten, Consultants und Senior-Coachs hat die F\u00e4higkeit entwickelt, im Rahmen der Begleitung deutscher und franz\u00f6sischer Unternehmen als&nbsp;unparteiische Kulturbotschafter&nbsp;zu handeln. Hier einige&nbsp;Anregungen&nbsp;dazu, um das Thema der deutsch-franz\u00f6sischen Gesch\u00e4ftsbeziehungen n\u00e4her zu beleuchten: UNSERE ST\u00c4RKEN:&nbsp;<\/p>\n","protected":false},"author":1,"featured_media":2412,"parent":0,"menu_order":0,"comment_status":"closed","ping_status":"closed","template":"wp-custom-template-page-without-cover","meta":{"advgb_blocks_editor_width":"","advgb_blocks_columns_visual_guide":"","footnotes":""},"class_list":["post-2848","page","type-page","status-publish","has-post-thumbnail","hentry"],"coauthors":[],"author_meta":{"author_link":"https:\/\/cookiedropping.com\/de\/author\/mbd-berlin\/","display_name":"mbd.berlin"},"relative_dates":{"created":"Posted 3\u00a0Jahren ago","modified":"Updated 2\u00a0Jahren ago"},"absolute_dates":{"created":"Posted on M\u00e4rz 31, 2023","modified":"Updated on Januar 24, 2024"},"absolute_dates_time":{"created":"Posted on M\u00e4rz 31, 2023 7:57 a.m.","modified":"Updated on Januar 24, 2024 1:09 p.m."},"featured_img_caption":"","featured_img":"https:\/\/cookiedropping.com\/wp-content\/uploads\/2014\/05\/d0-approfondir-v2.jpg","series_order":"","_links":{"self":[{"href":"https:\/\/cookiedropping.com\/de\/wp-json\/wp\/v2\/pages\/2848","targetHints":{"allow":["GET"]}}],"collection":[{"href":"https:\/\/cookiedropping.com\/de\/wp-json\/wp\/v2\/pages"}],"about":[{"href":"https:\/\/cookiedropping.com\/de\/wp-json\/wp\/v2\/types\/page"}],"author":[{"embeddable":true,"href":"https:\/\/cookiedropping.com\/de\/wp-json\/wp\/v2\/users\/1"}],"replies":[{"embeddable":true,"href":"https:\/\/cookiedropping.com\/de\/wp-json\/wp\/v2\/comments?post=2848"}],"version-history":[{"count":5,"href":"https:\/\/cookiedropping.com\/de\/wp-json\/wp\/v2\/pages\/2848\/revisions"}],"predecessor-version":[{"id":6210,"href":"https:\/\/cookiedropping.com\/de\/wp-json\/wp\/v2\/pages\/2848\/revisions\/6210"}],"wp:featuredmedia":[{"embeddable":true,"href":"https:\/\/cookiedropping.com\/de\/wp-json\/wp\/v2\/media\/2412"}],"wp:attachment":[{"href":"https:\/\/cookiedropping.com\/de\/wp-json\/wp\/v2\/media?parent=2848"}],"curies":[{"name":"wp","href":"https:\/\/api.w.org\/{rel}","templated":true}]}}