{"id":2854,"date":"2023-03-31T08:14:12","date_gmt":"2023-03-31T08:14:12","guid":{"rendered":"https:\/\/cookiedropping.com\/kontakt\/"},"modified":"2024-01-25T16:35:40","modified_gmt":"2024-01-25T16:35:40","slug":"kontakt","status":"publish","type":"page","link":"https:\/\/cookiedropping.com\/de\/kontakt\/","title":{"rendered":"Kontakt"},"content":{"rendered":"<h2 class=\"wp-block-post-title\">Kontakt<\/h2>\n\n\n<hr class=\"wp-block-separator has-text-color has-tertiary-color has-alpha-channel-opacity has-tertiary-background-color has-background is-style-wide\"\/>\n\n\n\n<div class=\"wp-block-group has-global-padding is-layout-constrained wp-block-group-is-layout-constrained\">\n<div class=\"wp-block-group is-nowrap is-layout-flex wp-container-core-group-is-layout-b79ae030 wp-block-group-is-layout-flex\" style=\"padding-right:0px;padding-left:0px;font-size:0.8em\">\n<p>Lire cette page \u00e0 partir d&#8217;un point de vue fran\u00e7ais:<\/p>\n\n\n\n<div class=\"wp-block-group lang-inline has-global-padding is-content-justification-left is-layout-constrained wp-container-core-group-is-layout-eec01751 wp-block-group-is-layout-constrained\" style=\"padding-right:0px;padding-left:0px\">\n<div class=\"wpml-ls-statics-shortcode_actions wpml-ls wpml-ls-legacy-list-horizontal\">\n\t<ul role=\"menu\"><li class=\"wpml-ls-slot-shortcode_actions wpml-ls-item wpml-ls-item-fr wpml-ls-first-item wpml-ls-last-item wpml-ls-item-legacy-list-horizontal\" role=\"none\">\n\t\t\t\t<a href=\"https:\/\/cookiedropping.com\/\" class=\"wpml-ls-link\" role=\"menuitem\"  aria-label=\"Zu Franz\u00f6sisch wechseln\" title=\"Zu Franz\u00f6sisch wechseln\" >\n                    <span class=\"wpml-ls-display\">Franz\u00f6sisch<\/span><\/a>\n\t\t\t<\/li><\/ul>\n<\/div>\n\n<\/div>\n<\/div>\n\n\n\n<figure class=\"wp-block-image alignright size-full is-resized has-custom-border\"><img loading=\"lazy\" decoding=\"async\" width=\"311\" height=\"186\" src=\"https:\/\/cookiedropping.com\/wp-content\/uploads\/2014\/01\/equipe-jpb.jpg\" alt=\"\" class=\"has-border-color has-tertiary-border-color wp-image-2184\" style=\"border-width:1px;width:280px\" srcset=\"https:\/\/cookiedropping.com\/wp-content\/uploads\/2014\/01\/equipe-jpb.jpg 311w, https:\/\/cookiedropping.com\/wp-content\/uploads\/2014\/01\/equipe-jpb-300x179.jpg 300w\" sizes=\"auto, (max-width: 311px) 100vw, 311px\" \/><figcaption class=\"wp-element-caption\">Das deutsch-franz\u00f6sische Coach-Experten-Team von JPB Consulting<\/figcaption><\/figure>\n\n\n\n<p><strong>Haben Sie Fragen oder W\u00fcnsche?<\/strong><\/p>\n\n\n\n<p>Hat unser Beratungsspektrum f\u00fcr deutsch-franz\u00f6sisches Management Ihr Interesse geweckt?<\/p>\n\n\n\n<p>M\u00f6chten Sie mehr \u00fcber die Best Practices im deutsch-franz\u00f6sischen Management erfahren?<\/p>\n\n\n\n<p>Unsere Coach-Experten stehen Ihnen jederzeit gerne zur Verf\u00fcgung. Wir werden Ihre Fragen schnellstm\u00f6glich beantworten.<\/p>\n\n\n\n<p>Wir freuen uns auf Ihre Nachricht!<\/p>\n\n\n\n<p>&nbsp;<em>Das deutsch-franz\u00f6sische Coach-Experten-Team von JPB Consulting<\/em><\/p>\n<\/div>\n\n\n<div class=\"wpforms-container wpforms-container-full wpforms-block wpforms-block-5947596e-adfb-4a9b-a6ea-a92c57adb517 wpforms-render-modern\" id=\"wpforms-5871\"><form id=\"wpforms-form-5871\" class=\"wpforms-validate wpforms-form\" data-formid=\"5871\" method=\"post\" enctype=\"multipart\/form-data\" action=\"\/de\/wp-json\/wp\/v2\/pages\/2854\" data-token=\"bb103a6099ad7a09f9ca3af8a57d9a34\" data-token-time=\"1777124141\"><noscript class=\"wpforms-error-noscript\">Bitte aktiviere JavaScript in deinem Browser, um dieses Formular fertigzustellen.<\/noscript><div id=\"wpforms-error-noscript\" style=\"display: none;\">Bitte aktiviere JavaScript in deinem Browser, um dieses Formular fertigzustellen.<\/div><div class=\"wpforms-field-container\"><div id=\"wpforms-5871-field_0-container\" class=\"wpforms-field wpforms-field-name\" data-field-id=\"0\"><label class=\"wpforms-field-label\" for=\"wpforms-5871-field_0\">Name <span class=\"wpforms-required-label\" aria-hidden=\"true\">*<\/span><\/label><input type=\"text\" id=\"wpforms-5871-field_0\" class=\"wpforms-field-medium wpforms-field-required\" name=\"wpforms[fields][0]\" aria-errormessage=\"wpforms-5871-field_0-error\" required><\/div><div id=\"wpforms-5871-field_1-container\" class=\"wpforms-field wpforms-field-email\" data-field-id=\"1\"><label class=\"wpforms-field-label\" for=\"wpforms-5871-field_1\">E-Mail <span class=\"wpforms-required-label\" aria-hidden=\"true\">*<\/span><\/label><input type=\"email\" id=\"wpforms-5871-field_1\" class=\"wpforms-field-medium wpforms-field-required\" name=\"wpforms[fields][1]\" spellcheck=\"false\" aria-errormessage=\"wpforms-5871-field_1-error\" required><\/div><div id=\"wpforms-5871-field_2-container\" class=\"wpforms-field wpforms-field-textarea\" data-field-id=\"2\"><label class=\"wpforms-field-label\" for=\"wpforms-5871-field_2\">Hinterlassen Sie hier Ihre Nachricht. <span class=\"wpforms-required-label\" aria-hidden=\"true\">*<\/span><\/label><textarea id=\"wpforms-5871-field_2\" class=\"wpforms-field-medium wpforms-field-required\" name=\"wpforms[fields][2]\" aria-errormessage=\"wpforms-5871-field_2-error\" required><\/textarea><\/div><div id=\"wpforms-5871-field_3-container\" class=\"wpforms-field wpforms-field-gdpr-checkbox\" data-field-id=\"3\"><label class=\"wpforms-field-label\">DSGVO-Vereinbarung <span class=\"wpforms-required-label\" aria-hidden=\"true\">*<\/span><\/label><ul id=\"wpforms-5871-field_3\" class=\"wpforms-field-required\"><li class=\"choice-1\"><input type=\"checkbox\" id=\"wpforms-5871-field_3_1\" name=\"wpforms[fields][3][]\" value=\"Mit dem Absenden dieses Formulars erlaube ich, dass die in diesem Formular eingegebenen Informationen zur Kontaktaufnahme verwendet werden und akzeptiere die &lt;a target=&quot;_blank&quot; href=&quot;\/de\/datenschutz\/&quot;&gt; Datenschutzerkl\u00e4rung. &lt;\/a&gt;\" aria-errormessage=\"wpforms-5871-field_3_1-error\" required ><label class=\"wpforms-field-label-inline\" for=\"wpforms-5871-field_3_1\">Mit dem Absenden dieses Formulars erlaube ich, dass die in diesem Formular eingegebenen Informationen zur Kontaktaufnahme verwendet werden und akzeptiere die <a target=\"_blank\" href=\"\/de\/datenschutz\/\"> Datenschutzerkl\u00e4rung. <\/a><\/label><\/li><\/ul><\/div><\/div><!-- .wpforms-field-container --><div class=\"wpforms-field wpforms-field-hp\"><label for=\"wpforms-5871-field-hp\" class=\"wpforms-field-label\">Website<\/label><input type=\"text\" name=\"wpforms[hp]\" id=\"wpforms-5871-field-hp\" class=\"wpforms-field-medium\"><\/div><div class=\"wpforms-recaptcha-container wpforms-is-recaptcha wpforms-is-recaptcha-type-v3\" ><input type=\"hidden\" name=\"wpforms[recaptcha]\" value=\"\"><\/div><div class=\"wpforms-submit-container\" ><input type=\"hidden\" name=\"wpforms[id]\" value=\"5871\"><input type=\"hidden\" name=\"page_title\" value=\"\"><input type=\"hidden\" name=\"page_url\" value=\"https:\/\/cookiedropping.com\/de\/wp-json\/wp\/v2\/pages\/2854\"><input type=\"hidden\" name=\"url_referer\" value=\"\"><button type=\"submit\" name=\"wpforms[submit]\" id=\"wpforms-submit-5871\" class=\"wpforms-submit\" data-alt-text=\"Senden....\" data-submit-text=\"Senden\" aria-live=\"assertive\" value=\"wpforms-submit\">Senden<\/button><\/div><\/form><\/div>  <!-- .wpforms-container -->\n\n\n<h3 class=\"wp-block-heading\">Z\u00d6GERN SIE NICHT, UNS SOFORT ZU KONTAKTIEREN, UM IHR DEUTSCH-FRANZ\u00d6SISCHES PROJEKT MIT UNS ZU BESPRECHEN:<\/h3>\n\n\n\n<p><strong>JPB Consulting SAS<\/strong><br><strong>+33(0)1.39.16.95.17 &#8211;\u00a0jpb@cookiedropping.com<\/strong>\u00a0<\/p>\n\n\n\n<p>Verwaltungssitz:<br>15 Chemin des Hauts Doigts<br>F &#8211; 78750 Mareil-Marly<\/p>\n\n\n\n<div class=\"wp-block-group is-nowrap is-layout-flex wp-container-core-group-is-layout-f66f9956 wp-block-group-is-layout-flex\">\n<div class=\"wp-block-outermost-icon-block\"><div class=\"icon-container\" style=\"width:2.5em\"><svg xmlns=\"http:\/\/www.w3.org\/2000\/svg\" width=\"16\" height=\"16\" viewBox=\"0 0 16 16\"><path fill=\"currentColor\" d=\"M11 2.5a2.5 2.5 0 1 1 .603 1.628l-6.718 3.12a2.5 2.5 0 0 1 0 1.504l6.718 3.12a2.5 2.5 0 1 1-.488.876l-6.718-3.12a2.5 2.5 0 1 1 0-3.256l6.718-3.12A2.5 2.5 0 0 1 11 2.5\"><\/path><\/svg><\/div><\/div>\n\n\n\n<div class=\"wp-block-group is-vertical is-layout-flex wp-container-core-group-is-layout-fe9cc265 wp-block-group-is-layout-flex\">\n<p>Bestimmt kennen Sie jemanden in Ihrem Freundes- oder Kollegenkreis, den dieses Thema interessiert.<\/p>\n\n\n\n<p><strong>Empfehlen Sie uns weiter!<\/strong><\/p>\n<\/div>\n<\/div>\n","protected":false},"excerpt":{"rendered":"<p>Haben Sie Fragen oder W\u00fcnsche? Hat unser Beratungsspektrum f\u00fcr deutsch-franz\u00f6sisches Management Ihr Interesse geweckt? M\u00f6chten Sie mehr \u00fcber die Best Practices im deutsch-franz\u00f6sischen Management erfahren? Unsere Coach-Experten stehen Ihnen jederzeit gerne zur Verf\u00fcgung. Wir werden Ihre Fragen schnellstm\u00f6glich beantworten. Wir freuen uns auf Ihre Nachricht! &nbsp;Das deutsch-franz\u00f6sische Coach-Experten-Team von JPB Consulting Z\u00d6GERN SIE NICHT, UNS [&hellip;]<\/p>\n","protected":false},"author":1,"featured_media":0,"parent":0,"menu_order":0,"comment_status":"closed","ping_status":"closed","template":"wp-custom-template-page-home-jpb","meta":{"advgb_blocks_editor_width":"","advgb_blocks_columns_visual_guide":"","footnotes":""},"class_list":["post-2854","page","type-page","status-publish","hentry"],"coauthors":[],"author_meta":{"author_link":"https:\/\/cookiedropping.com\/de\/author\/mbd-berlin\/","display_name":"mbd.berlin"},"relative_dates":{"created":"Posted 3\u00a0Jahren ago","modified":"Updated 2\u00a0Jahren ago"},"absolute_dates":{"created":"Posted on M\u00e4rz 31, 2023","modified":"Updated on Januar 25, 2024"},"absolute_dates_time":{"created":"Posted on M\u00e4rz 31, 2023 8:14 a.m.","modified":"Updated on Januar 25, 2024 4:35 p.m."},"featured_img_caption":"","featured_img":false,"series_order":"","_links":{"self":[{"href":"https:\/\/cookiedropping.com\/de\/wp-json\/wp\/v2\/pages\/2854","targetHints":{"allow":["GET"]}}],"collection":[{"href":"https:\/\/cookiedropping.com\/de\/wp-json\/wp\/v2\/pages"}],"about":[{"href":"https:\/\/cookiedropping.com\/de\/wp-json\/wp\/v2\/types\/page"}],"author":[{"embeddable":true,"href":"https:\/\/cookiedropping.com\/de\/wp-json\/wp\/v2\/users\/1"}],"replies":[{"embeddable":true,"href":"https:\/\/cookiedropping.com\/de\/wp-json\/wp\/v2\/comments?post=2854"}],"version-history":[{"count":7,"href":"https:\/\/cookiedropping.com\/de\/wp-json\/wp\/v2\/pages\/2854\/revisions"}],"predecessor-version":[{"id":6407,"href":"https:\/\/cookiedropping.com\/de\/wp-json\/wp\/v2\/pages\/2854\/revisions\/6407"}],"wp:attachment":[{"href":"https:\/\/cookiedropping.com\/de\/wp-json\/wp\/v2\/media?parent=2854"}],"curies":[{"name":"wp","href":"https:\/\/api.w.org\/{rel}","templated":true}]}}