{"id":2874,"date":"2023-06-01T17:09:45","date_gmt":"2023-06-01T17:09:45","guid":{"rendered":"https:\/\/cookiedropping.com\/?page_id=2874"},"modified":"2024-02-07T17:23:11","modified_gmt":"2024-02-07T17:23:11","slug":"impressum","status":"publish","type":"page","link":"https:\/\/cookiedropping.com\/de\/impressum\/","title":{"rendered":"Impressum"},"content":{"rendered":"\n<div class=\"wp-block-cover alignwide is-light has-custom-content-position is-position-bottom-left\" style=\"min-height:314px;aspect-ratio:unset;\"><span aria-hidden=\"true\" class=\"wp-block-cover__background has-background-dim-0 has-background-dim\"><\/span><img loading=\"lazy\" decoding=\"async\" width=\"940\" height=\"250\" src=\"https:\/\/cookiedropping.com\/wp-content\/uploads\/2014\/02\/a6-mentions.jpg\" class=\"wp-block-cover__image-background wp-post-image\" alt=\"\" data-object-fit=\"cover\" srcset=\"https:\/\/cookiedropping.com\/wp-content\/uploads\/2014\/02\/a6-mentions.jpg 940w, https:\/\/cookiedropping.com\/wp-content\/uploads\/2014\/02\/a6-mentions-300x80.jpg 300w, https:\/\/cookiedropping.com\/wp-content\/uploads\/2014\/02\/a6-mentions-768x204.jpg 768w\" sizes=\"auto, (max-width: 940px) 100vw, 940px\" \/><div class=\"wp-block-cover__inner-container is-layout-flow wp-block-cover-is-layout-flow\">\n<div class=\"wp-block-group is-nowrap is-layout-flex wp-container-core-group-is-layout-3915967b wp-block-group-is-layout-flex\" style=\"margin-top:0;margin-bottom:0;padding-top:0;padding-right:0;padding-bottom:0;padding-left:0\">\n<h2 class=\"wp-block-heading has-background\" style=\"background-color:#ffffff42;font-size:clamp(1.25em, 1.25rem + ((1vw - 0.2em) * 1.364), 2em);text-transform:none\">Impressum<\/h2>\n<\/div>\n<\/div><\/div>\n\n\n\n<hr class=\"wp-block-separator has-text-color has-tertiary-color has-alpha-channel-opacity has-tertiary-background-color has-background is-style-wide\"\/>\n\n\n\n<h2 class=\"wp-block-heading\">JPB Consulting SAS<\/h2>\n\n\n\n<p><strong>Verwaltungssitz<\/strong><br><strong>15 Chemin des Hauts Doigts<\/strong><br><strong>F\u00a0&#8211; 78750 Mareil-Marly<\/strong><br><strong>Tel.: +33 (0) 1.39.16.95.17<\/strong><br><strong>E-Mail: jpb@cookiedropping.com<\/strong><\/p>\n\n\n\n<p>Gesch\u00e4ftsf\u00fchrender Inhaber: Pierre de Bartha<br>Gr\u00fcnder &amp; ehemaliger Partner: Jochen Peter Breuer<\/p>\n\n\n\n<p>USt-IdNr.: FR 25 340 487 917<br>Grundkapital: 40.800 \u20ac<br>Handels- und Gewerberegister-Nr.: RCS Versailles 340 487 917<\/p>\n\n\n\n<p>Inhaltlich verantwortlich: Pierre de Bartha<\/p>\n\n\n\n<p>Gesetzliche Angaben gem\u00e4\u00df:<br>&#8211; Gesetz Nr. 78-87 vom 6. Januar 1978, ge\u00e4ndert durch das Gesetz Nr. 2004-801 vom 6. August 2004 bez\u00fcglich der Informatik, der Dateien und der Freiheiten<br>&#8211; Gesetz Nr. 2004-575 vom 21. Juni 2004 und Artikel 6-III und 19 \u00fcber die Vertrauensw\u00fcrdigkeit in der Digitalwirtschaft<\/p>\n\n\n\n<p>Dienstleister f\u00fcr die Speicherung:<br>Viaduc<br>9, rue James Watt<br>F-49070 Beaucouz\u00e9<br>T\u00e9l : +33 8 92 70 01 47<\/p>\n\n\n\n<h1 class=\"wp-block-heading\">Allgemeine Nutzungsbedingungen:<\/h1>\n\n\n\n<p>Dieser Service ist ausschlie\u00dflich f\u00fcr den pers\u00f6nlichen Gebrauch bestimmt.<br>Die hierin enthaltenen Informationen sind nicht vertraglich bindend und k\u00f6nnen jederzeit ohne Vorank\u00fcndigung ge\u00e4ndert werden.<br>Merkmale und Verf\u00fcgbarkeit der auf diesem Web-Service genannten Produkte und Dienstleistungen gelten f\u00fcr Frankreich.<\/p>\n\n\n\n<p><strong>1. Inhalt des Onlineangebotes<\/strong><br>Der Autor \u00fcbernimmt keinerlei Gew\u00e4hr f\u00fcr die Aktualit\u00e4t, Korrektheit, Vollst\u00e4ndigkeit oder Qualit\u00e4t der bereitgestellten Informationen. Haftungsanspr\u00fcche gegen den Autor, welche sich auf Sch\u00e4den materieller oder ideeller Art beziehen, die durch die Nutzung oder Nichtnutzung der dargebotenen Informationen bzw. durch die Nutzung fehlerhafter und unvollst\u00e4ndiger Informationen verursacht wurden, sind grunds\u00e4tzlich ausgeschlossen, sofern seitens des Autors kein nachweislich vors\u00e4tzliches oder grob fahrl\u00e4ssiges Verschulden vorliegt. Alle Angebote sind freibleibend und unverbindlich. Der Autor beh\u00e4lt es sich ausdr\u00fccklich vor, Teile der Seiten oder das gesamte Angebot ohne gesonderte Ank\u00fcndigung zu ver\u00e4ndern, zu erg\u00e4nzen, zu l\u00f6schen oder die Ver\u00f6ffentlichung zeitweise oder endg\u00fcltig einzustellen.<\/p>\n\n\n\n<p><strong>2. Verweise und Links<\/strong><br>Bei direkten oder indirekten Verweisen auf fremde Webseiten (&#8222;Hyperlinks&#8220;), die au\u00dferhalb des Verantwortungsbereiches des Autors liegen, w\u00fcrde eine Haftungsverpflichtung ausschlie\u00dflich in dem Fall in Kraft treten, in dem der Autor von den Inhalten Kenntnis hat und es ihm technisch m\u00f6glich und zumutbar w\u00e4re, die Nutzung im Falle rechtswidriger Inhalte zu verhindern.<br>Der Autor erkl\u00e4rt hiermit ausdr\u00fccklich, dass zum Zeitpunkt der Linksetzung keine illegalen Inhalte auf den zu verlinkenden Seiten erkennbar waren. Auf die aktuelle und zuk\u00fcnftige Gestaltung, die Inhalte oder die Urheberschaft der verlinkten\/verkn\u00fcpften Seiten hat der Autor keinerlei Einfluss. Deshalb distanziert er sich hiermit ausdr\u00fccklich von allen Inhalten aller verlinkten \/verkn\u00fcpften Seiten, die nach der Linksetzung ver\u00e4ndert wurden. Diese Feststellung gilt f\u00fcr alle innerhalb des eigenen Internetangebotes gesetzten Links und Verweise sowie f\u00fcr Fremdeintr\u00e4ge in vom Autor eingerichteten G\u00e4steb\u00fcchern, Diskussionsforen, Linkverzeichnissen, Mailinglisten und in allen anderen Formen von Datenbanken, auf deren Inhalt externe Schreibzugriffe m\u00f6glich sind.<br>F\u00fcr illegale, fehlerhafte oder unvollst\u00e4ndige Inhalte und insbesondere f\u00fcr Sch\u00e4den, die aus der Nutzung oder Nichtnutzung solcherart dargebotener Informationen entstehen, haftet allein der Anbieter der Seite, auf welche verwiesen wurde, nicht derjenige, der \u00fcber Links auf die jeweilige Ver\u00f6ffentlichung lediglich verweist.<\/p>\n\n\n\n<p>JPB Consulting \u00fcbernimmt keinerlei Haftung f\u00fcr den Zugriff von Benutzern auf andere Internetressourcen \u00fcber Hyperlinks, die im Rahmen der Webseite geschaltet werden. Jeder Rechtsstreit, der aus der Nutzung des jpb.net-Webseite resultiert, unterliegt franz\u00f6sischem Recht.<\/p>\n\n\n\n<p><strong>3. Urheber- und Kennzeichenrecht<\/strong><br>Der Autor ist bestrebt, in allen Publikationen die Urheberrechte der verwendeten Bilder, Grafiken, Tondokumente, Videosequenzen und Texte zu beachten, von ihm selbst erstellte Bilder, Grafiken, Tondokumente, Videosequenzen und Texte zu nutzen oder auf lizenzfreie Grafiken, Tondokumente, Videosequenzen und Texte zur\u00fcckzugreifen. Alle innerhalb des Internetangebotes genannten und ggf. durch Dritte gesch\u00fctzten Marken- und Warenzeichen unterliegen uneingeschr\u00e4nkt den Bestimmungen des jeweils g\u00fcltigen Kennzeichenrechts und den Besitzrechten der jeweiligen eingetragenen Eigent\u00fcmer.<br>Allein aufgrund der blo\u00dfen Nennung ist nicht der Schluss zu ziehen, dass Markenzeichen nicht durch Rechte Dritter gesch\u00fctzt sind! Das Copyright f\u00fcr ver\u00f6ffentlichte, vom Autor selbst erstellte Objekte bleibt allein beim Autor der Seiten. Eine Vervielf\u00e4ltigung oder Verwendung solcher Grafiken, Tondokumente, Videosequenzen und Texte in anderen elektronischen oder gedruckten Publikationen ist ohne ausdr\u00fcckliche Zustimmung des Autors nicht gestattet.<\/p>\n\n\n\n<p><em>Geistiges Eigentum<\/em><br>Die Marke JPB sowie alle anderen auf dieser Webseite aufgef\u00fchrten Handelsmarken sind gesch\u00fctzte Warenzeichen. Jedwede Reproduktion oder Pr\u00e4sentation, selbst Teile dieser Daten und Informationen, ist verboten.<br>Der Inhalt unserer Webseite ist urheberrechtlich gesch\u00fctzt (Urheberrecht, Art. L.111-1 des Gesetzbuchs \u00fcber das Geistige Eigentum).<br>Jedwede Reproduktion oder Pr\u00e4sentation, selbst Teile dieser Daten und Informationen, zu anderen Zwecken und auf gleich welchem Datentr\u00e4ger ist ohne die vorherige ausdr\u00fcckliche Genehmigung durch JPB Consulting verboten und stellt eine Nachahmung im Sinne von Artikel L.335-2 ff. des frz. Urheberrechts dar. Die Nichteinhaltung dieses Verbots stellt eine Nachahmung dar, f\u00fcr die Nachahmer zivil- und strafrechtlich zur Verantwortung gezogen werden k\u00f6nnen.<br>Texte, Bilder, die allgemeine Struktur der Webseite und die entwickelten Technologien sind das alleinige Eigentum von JPB Consulting, genau wie sein Know-how und alle anderen Bestandteile der JPB Consulting-Webseite. Jede vollst\u00e4ndige oder partielle Darstellung dieser Webseite oder ihres Inhalts ohne die ausdr\u00fcckliche schriftliche Genehmigung durch JPB Consulting ist untersagt und stellt eine Nachahmung dar, die durch Artikel L. 335-2 ff. des frz. Urheberrechts sanktioniert wird. Das Urheberrecht definiert die Nachahmung als eine Straftat und sieht eine Haftstrafe von bis zu drei Jahren sowie eine Geldbu\u00dfe in H\u00f6he von 300 000\u20ac vor. Die Marke JPB Consulting, die Marken seiner Partner sowie die Logos dieser Webseite sind gesch\u00fctzte Warenzeichen. Jede vollst\u00e4ndige oder partielle Reproduktion dieser Marken oder Logos unter Nutzung von Bestandteilen dieser Webseite ohne die ausdr\u00fcckliche Genehmigung durch JPB Consulting ist demnach im Sinne des frz. Urheberrechts untersagt.<\/p>\n\n\n\n<p><strong>4.Geltendes Recht und Gerichtsbarkeit<\/strong><\/p>\n\n\n\n<p>Jeder Rechtsstreit im Zusammenhang mit der Nutzung der Webseite jpb.net unterliegt franz\u00f6sischem Recht. S\u00e4mtliche Rechtsstreitigkeiten unterliegen der alleinigen Zust\u00e4ndigkeit der zust\u00e4ndigen Gerichte des Gerichtsbezirks Versailles.<\/p>\n\n\n\n<p><strong>5. Rechtswirksamkeit dieses Haftungsausschlusses<\/strong><br>Dieser Haftungsausschluss ist als Teil des Internetangebotes zu betrachten, von dem aus auf diese Seite verwiesen wurde. Sofern Teile oder einzelne Formulierungen dieses Textes der geltenden Rechtslage nicht, nicht mehr oder nicht vollst\u00e4ndig entsprechen sollten, bleiben die \u00fcbrigen Teile des Dokumentes in ihrem Inhalt und ihrer G\u00fcltigkeit davon unber\u00fchrt.<\/p>\n\n\n\n<p><strong>6. Verwendung von Facebook Social Plugins<\/strong><br>Unser Internetauftritt verwendet Social Plugins (&#8222;Plugins&#8220;) des sozialen Netzwerkes facebook.com, welches von der Facebook Inc., 1601 S. California Ave, Palo Alto, CA 94304, USA betrieben wird (&#8222;Facebook&#8220;). Die Plugins sind an einem der Facebook Logos erkennbar (wei\u00dfes &#8222;f&#8220; auf blauer Kachel oder ein &#8222;Daumen hoch&#8220;-Zeichen) oder sind mit dem Zusatz &#8222;Facebook Social Plugin&#8220; gekennzeichnet. Die Liste und das Aussehen der Facebook Social Plugins kann hier eingesehen werden: http:\/\/developers.facebook.com\/plugins.<br>Wenn Sie eine Webseite unseres Internetauftritts aufrufen, die ein solches Plugin enth\u00e4lt, baut Ihr Browser eine direkte Verbindung mit den Servern von Facebook auf. Der Inhalt des Plugins wird von Facebook direkt an Ihren Browser \u00fcbermittelt und von diesem in die Webseite eingebunden. Wir haben daher keinen Einfluss auf den Umfang der Daten, die Facebook mit Hilfe dieses Plugins erhebt und informieren Sie daher entsprechend unserem Kenntnisstand:<br>Durch die Einbindung der Plugins erh\u00e4lt Facebook die Information, dass Sie die entsprechende Seite unseres Internetauftritts aufgerufen haben. Sind Sie bei Facebook eingeloggt, kann Facebook den Besuch Ihrem Facebook-Konto zuordnen. Wenn Sie mit den Plugins interagieren, zum Beispiel den &#8222;Gef\u00e4llt mir&#8220; Button bet\u00e4tigen oder einen Kommentar abgeben, wird die entsprechende Information von Ihrem Browser direkt an Facebook \u00fcbermittelt und dort gespeichert.Falls Sie kein Mitglied von Facebook sind, besteht trotzdem die M\u00f6glichkeit, dass Facebook Ihre IP-Adresse in Erfahrung bringt und speichert.<br>Zweck und Umfang der Datenerhebung und die weitere Verarbeitung und Nutzung der Daten durch Facebook sowie Ihre diesbez\u00fcglichen Rechte und Einstellungsm\u00f6glichkeiten zum Schutz Ihrer Privatssph\u00e4re entnehmen Sie bitte den Datenschutzhinweisen von Facebook:<a href=\"http:\/\/www.facebook.com\/policy.php\" target=\"_blank\" rel=\"noreferrer noopener\">&nbsp;http:\/\/www.facebook.com\/policy.php<\/a>.<br>Wenn Sie Facebookmitglied sind und nicht m\u00f6chten, dass Facebook \u00fcber unseren Internetauftritt Daten \u00fcber Sie sammelt und mit Ihren bei Facebook gespeicherten Daten verkn\u00fcpft, m\u00fcssen Sie sich vor Ihrem Besuch unseres Internetauftritts bei Facebook ausloggen.<\/p>\n\n\n\n<p><strong>7. Hinweise zum Webtracking des Internetangebotes<\/strong><br>Um Ihnen das Informationsangebot unseres Internetportals so angenehm wie m\u00f6glich zu machen, optimieren wir die Darstellung und Strukturierung der Inhalte laufend. Hierzu messen wir die Besucherstr\u00f6me, um die Nutzerfreundlichkeit unserer Seite messen und bewerten zu k\u00f6nnen. Zu diesen Daten geh\u00f6ren z. B. Datum und Uhrzeit eines Seitenaufrufes, die Reihenfolge, in der Seiten aufgerufen werden, so dass wir z. B. erkennen k\u00f6nnen, wie leicht ein Nutzer bestimmte Informationen findet oder nicht. Hierbei werden keine pers\u00f6nlichen Daten erhoben oder gespeichert, mit denen eine bestimmte Person ermittelt werden k\u00f6nnte.<br>Hierzu verwenden wir Google Analytics, einen Webanalysedienst der Google Inc. (&#8222;Google&#8220;). Google Analytics verwendet sog. &#8222;Cookies&#8220;, Textdateien, die auf Ihrem Computer gespeichert werden und die eine Analyse der Benutzung der Website durch Sie erm\u00f6glicht. Die durch den Cookie erzeugten Informationen \u00fcber Ihre Benutzung dieser Website (einschlie\u00dflich Ihrer IP-Adresse) wird an einen Server von Google in den USA \u00fcbertragen und dort gespeichert. Google wird diese Informationen benutzen, um Ihre Nutzung der Website auszuwerten, um Reports \u00fcber die Websiteaktivit\u00e4ten f\u00fcr die Websitebetreiber zusammenzustellen und um weitere mit der Websitenutzung und der Internetnutzung verbundene Dienstleistungen zu erbringen. Auch wird Google diese Informationen gegebenenfalls an Dritte \u00fcbertragen, sofern dies gesetzlich vorgeschrieben oder soweit Dritte diese Daten im Auftrag von Google verarbeiten. Google wird in keinem Fall Ihre IP-Adresse mit anderen Daten, die von Google gespeichert werden, in Verbindung bringen. Sie k\u00f6nnen die Installation der Cookies durch eine entsprechende Einstellung Ihrer Browser Software verhindern; wir weisen Sie jedoch darauf hin, dass Sie in diesem Fall gegebenenfalls nicht s\u00e4mtliche Funktionen dieser Website voll umf\u00e4nglich nutzen k\u00f6nnen. Durch die Nutzung dieser Website erkl\u00e4ren Sie sich mit der Bearbeitung der \u00fcber Sie erhobenen Daten durch Google in der zuvor beschriebenen Art und Weise und zu dem zuvor benannten Zweck einverstanden.<br>Wenn Sie nicht w\u00fcnschen, dass wir die Performance unserer Webseite auch bei Ihrem Besuch \u00fcberpr\u00fcfen, k\u00f6nnen Sie jederzeit mit Hilfe des folgenden Browserplugin die Erhebung und Speicherung der Messdaten mit Hilfe von Cookies durch Google Analytics unterbinden:&nbsp;<a href=\"https:\/\/tools.google.com\/dlpage\/gaoptout\" target=\"_blank\" rel=\"noreferrer noopener\">tools.google.com\/dlpage\/gaoptout.<\/a><\/p>\n\n\n\n<p><em>Cookies<\/em><br>Cookies sind kleine Texte, die von unserer Webseite an Ihren Webbrowser gesandt und auf Ihrem Computer gespeichert werden. Sie erm\u00f6glichen Informationen \u00fcber den Besuch eines Benutzers auf der Webseite zu speichern ohne den Benutzer jedoch identifizieren zu k\u00f6nnen. Wenn Sie die Cookies nicht installieren, bleibt Ihnen unter Umst\u00e4nden der Zugang zu bestimmten Dienstleistungen verwehrt. Der Benutzer hat \u00fcber die Parametrierungsoptionen in seinem Webbrowser die M\u00f6glichkeit diese Cookies zu desaktivieren.<br>F\u00fcr Microsoft Internet Explorer 6.0 -&gt; 9.0:<br>1. &#8222;Extras&#8220; dann &#8222;Internetoptionen&#8220;<br>2. Registerkarte &#8222;Datenschutz&#8220;<br>3. Sicherheitsniveau ausw\u00e4hlen<br>F\u00fcr Firefox, Safari et Chrome:<br>1. &#8222;Extras&#8220;&gt;&#8220;Einstellungen&#8220;<br>2. Registerkarte &#8222;Private Daten&#8220;<br>3. Men\u00fcpunkt &#8222;Cookies&#8220;<br>F\u00fcr Opera 6.0 et + :<br>1. &#8222;Extras&#8220;&gt;&#8220;Einstellungen&#8220;<br>2. Private Daten<\/p>\n\n\n\n<p><strong>8. Haftungsbeschr\u00e4nkung<\/strong><br>JPB Consulting tut sein M\u00f6glichstes um Internet-Nutzern aktualisierte Informationen und Tools zur Verf\u00fcgung zu stellen, kann aber nicht f\u00fcr Fehler, mangelnde Verf\u00fcgbarkeit oder unzul\u00e4ngliche Funktionalit\u00e4t haftbar gemacht werden. Eine Garantie f\u00fcr die Aktualit\u00e4t, Richtigkeit und Vollst\u00e4ndigkeit der auf dieser Webseite ver\u00f6ffentlichten Informationen kann nicht \u00fcbernommen werden. Der Benutzer erkennt an, dass er diese Informationen unter seiner alleinigen Verantwortung nutzt.<\/p>\n\n\n\n<p><strong>Webdesign und Webmastering:<\/strong><\/p>\n\n\n\n<p><a href=\"http:\/\/www.online-business-development.com\/de\/\" target=\"_blank\" rel=\"noreferrer noopener\">Online Business Development &#8211; deutsch-franz\u00f6sische Webagentur.<\/a><\/p>\n\n\n\n<p>Bilderquelle:\u00ae&nbsp;Shutterstock.com<\/p>\n","protected":false},"excerpt":{"rendered":"<p>JPB Consulting SAS Verwaltungssitz15 Chemin des Hauts DoigtsF\u00a0&#8211; 78750 Mareil-MarlyTel.: +33 (0) 1.39.16.95.17E-Mail: jpb@cookiedropping.com Gesch\u00e4ftsf\u00fchrender Inhaber: Pierre de BarthaGr\u00fcnder &amp; ehemaliger Partner: Jochen Peter Breuer USt-IdNr.: FR 25 340 487 917Grundkapital: 40.800 \u20acHandels- und Gewerberegister-Nr.: RCS Versailles 340 487 917 Inhaltlich verantwortlich: Pierre de Bartha Gesetzliche Angaben gem\u00e4\u00df:&#8211; Gesetz Nr. 78-87 vom 6. Januar 1978, [&hellip;]<\/p>\n","protected":false},"author":1,"featured_media":2245,"parent":0,"menu_order":0,"comment_status":"closed","ping_status":"closed","template":"wp-custom-template-page-home-jpb","meta":{"advgb_blocks_editor_width":"","advgb_blocks_columns_visual_guide":"","footnotes":""},"class_list":["post-2874","page","type-page","status-publish","has-post-thumbnail","hentry"],"coauthors":[],"author_meta":{"author_link":"https:\/\/cookiedropping.com\/de\/author\/mbd-berlin\/","display_name":"mbd.berlin"},"relative_dates":{"created":"Posted 3\u00a0Jahren ago","modified":"Updated 2\u00a0Jahren ago"},"absolute_dates":{"created":"Posted on Juni 1, 2023","modified":"Updated on Februar 7, 2024"},"absolute_dates_time":{"created":"Posted on Juni 1, 2023 5:09 p.m.","modified":"Updated on Februar 7, 2024 5:23 p.m."},"featured_img_caption":"","featured_img":"https:\/\/cookiedropping.com\/wp-content\/uploads\/2014\/02\/a6-mentions.jpg","series_order":"","_links":{"self":[{"href":"https:\/\/cookiedropping.com\/de\/wp-json\/wp\/v2\/pages\/2874","targetHints":{"allow":["GET"]}}],"collection":[{"href":"https:\/\/cookiedropping.com\/de\/wp-json\/wp\/v2\/pages"}],"about":[{"href":"https:\/\/cookiedropping.com\/de\/wp-json\/wp\/v2\/types\/page"}],"author":[{"embeddable":true,"href":"https:\/\/cookiedropping.com\/de\/wp-json\/wp\/v2\/users\/1"}],"replies":[{"embeddable":true,"href":"https:\/\/cookiedropping.com\/de\/wp-json\/wp\/v2\/comments?post=2874"}],"version-history":[{"count":8,"href":"https:\/\/cookiedropping.com\/de\/wp-json\/wp\/v2\/pages\/2874\/revisions"}],"predecessor-version":[{"id":6720,"href":"https:\/\/cookiedropping.com\/de\/wp-json\/wp\/v2\/pages\/2874\/revisions\/6720"}],"wp:featuredmedia":[{"embeddable":true,"href":"https:\/\/cookiedropping.com\/de\/wp-json\/wp\/v2\/media\/2245"}],"wp:attachment":[{"href":"https:\/\/cookiedropping.com\/de\/wp-json\/wp\/v2\/media?parent=2874"}],"curies":[{"name":"wp","href":"https:\/\/api.w.org\/{rel}","templated":true}]}}