{"id":2885,"date":"2023-03-30T20:25:27","date_gmt":"2023-03-30T20:25:27","guid":{"rendered":"https:\/\/cookiedropping.com\/prestations\/"},"modified":"2024-01-24T22:42:39","modified_gmt":"2024-01-24T22:42:39","slug":"leistungen","status":"publish","type":"page","link":"https:\/\/cookiedropping.com\/de\/leistungen\/","title":{"rendered":"Beratungsleistungen f\u00fcr erfolgreiches deutsch-franz\u00f6sisches Management"},"content":{"rendered":"\n<div class=\"wp-block-cover alignwide is-light\" style=\"min-height:314px;aspect-ratio:unset;\"><span aria-hidden=\"true\" class=\"wp-block-cover__background has-background-dim-0 has-background-dim\"><\/span><img loading=\"lazy\" decoding=\"async\" width=\"940\" height=\"250\" src=\"https:\/\/cookiedropping.com\/wp-content\/uploads\/2023\/03\/s0-prestations-franco-allemandes-2.jpg\" class=\"wp-block-cover__image-background wp-post-image\" alt=\"\" data-object-fit=\"cover\" srcset=\"https:\/\/cookiedropping.com\/wp-content\/uploads\/2023\/03\/s0-prestations-franco-allemandes-2.jpg 940w, https:\/\/cookiedropping.com\/wp-content\/uploads\/2023\/03\/s0-prestations-franco-allemandes-2-300x80.jpg 300w, https:\/\/cookiedropping.com\/wp-content\/uploads\/2023\/03\/s0-prestations-franco-allemandes-2-768x204.jpg 768w\" sizes=\"auto, (max-width: 940px) 100vw, 940px\" \/><div class=\"wp-block-cover__inner-container is-layout-flow wp-block-cover-is-layout-flow\">\n<div class=\"wp-block-group is-content-justification-left is-nowrap is-layout-flex wp-container-core-group-is-layout-d7d8e598 wp-block-group-is-layout-flex\" style=\"padding-top:0;padding-right:0;padding-bottom:0;padding-left:0\">\n<p class=\"header-whiteline\" style=\"margin-top:0em;margin-right:0;margin-bottom:0;margin-left:var(--wp--preset--spacing--30);padding-top:0.17em;padding-right:0.17em;padding-bottom:0.17em;padding-left:0.17em;font-size:clamp(1.039em, 1.039rem + ((1vw - 0.2em) * 1.02), 1.6em);\"><strong>Pragmatische Ans\u00e4tze zur Vereinfachung<\/strong><\/p>\n<\/div>\n\n\n\n<div class=\"wp-block-group is-nowrap is-layout-flex wp-container-core-group-is-layout-0585101f wp-block-group-is-layout-flex\" style=\"padding-top:var(--wp--preset--spacing--30)\">\n<p class=\"has-text-align-left header-yellowline\" style=\"margin-top:0;margin-bottom:0em;margin-left:var(--wp--preset--spacing--70);padding-top:0.17em;padding-right:0.17em;padding-bottom:0.17em;padding-left:0.17em;font-size:clamp(1.039em, 1.039rem + ((1vw - 0.2em) * 1.02), 1.6em);\"><strong><strong>komplexer deutsch-franz\u00f6sischer Kooperationsmechanismen<\/strong><\/strong><\/p>\n<\/div>\n<\/div><\/div>\n\n\n<h2 class=\"wp-block-post-title\">Beratungsleistungen f\u00fcr erfolgreiches deutsch-franz\u00f6sisches Management<\/h2>\n\n\n<div class=\"wp-block-group is-nowrap is-layout-flex wp-container-core-group-is-layout-b79ae030 wp-block-group-is-layout-flex\" style=\"padding-right:0px;padding-left:0px;font-size:0.8em\">\n<p>Lire cette page \u00e0 partir d&#8217;un point de vue fran\u00e7ais:<\/p>\n\n\n\n<div class=\"wp-block-group lang-inline has-global-padding is-content-justification-left is-layout-constrained wp-container-core-group-is-layout-eec01751 wp-block-group-is-layout-constrained\" style=\"padding-right:0px;padding-left:0px\">\n<div class=\"wpml-ls-statics-shortcode_actions wpml-ls wpml-ls-legacy-list-horizontal\">\n\t<ul role=\"menu\"><li class=\"wpml-ls-slot-shortcode_actions wpml-ls-item wpml-ls-item-fr wpml-ls-first-item wpml-ls-last-item wpml-ls-item-legacy-list-horizontal\" role=\"none\">\n\t\t\t\t<a href=\"https:\/\/cookiedropping.com\/\" class=\"wpml-ls-link\" role=\"menuitem\"  aria-label=\"Zu Franz\u00f6sisch wechseln\" title=\"Zu Franz\u00f6sisch wechseln\" >\n                    <span class=\"wpml-ls-display\">Franz\u00f6sisch<\/span><\/a>\n\t\t\t<\/li><\/ul>\n<\/div>\n\n<\/div>\n<\/div>\n\n\n\n<figure class=\"wp-block-pullquote\" style=\"font-style:italic;font-weight:200\"><blockquote><p>Unsere Expertise: Abbau von business-kulturellen und zwischenmenschlichen St\u00f6rfaktoren in der deutsch-franz\u00f6sischen Zusammenarbeit.<\/p><\/blockquote><\/figure>\n\n\n\n<div class=\"wp-block-columns is-layout-flex wp-container-core-columns-is-layout-28f84493 wp-block-columns-is-layout-flex\">\n<div class=\"wp-block-column is-layout-flow wp-block-column-is-layout-flow\">\n<figure class=\"wp-block-image size-full is-resized\"><img loading=\"lazy\" decoding=\"async\" width=\"150\" height=\"138\" src=\"https:\/\/cookiedropping.com\/wp-content\/uploads\/2013\/12\/s1-coaching.jpg\" alt=\"Accompagnement franco-allemand\" class=\"wp-image-1063\" style=\"width:150px;height:138px\"\/><\/figure>\n\n\n\n<h3 class=\"wp-block-heading\"><a href=\"https:\/\/cookiedropping.com\/de\/deutsch-franzoesisches-coaching\/\" data-type=\"page\" data-id=\"3006\">EINZEL-COACHING F\u00dcR DAS DEUTSCH-FRANZ\u00d6SISCHE MANAGEMENT<\/a><\/h3>\n\n\n\n<p class=\"has-contrast-color has-text-color\">Individuell<br>oder mit Counterpart<\/p>\n\n\n\n<p class=\"has-contrast-color has-text-color\"><strong><strong>F\u00fcr (obere) F\u00fchrungskr\u00e4fte, Expatriates und deutsch-franz\u00f6sische Schl\u00fcssel-Schnittstellen.<\/strong><\/strong><\/p>\n\n\n\n<p class=\"has-contrast-color has-text-color\">Erfahren Sie, wie Sie Ihre deutsch-franz\u00f6sischen Management-Kompetenzen weiterentwickeln und gleichzeitig strategische sowie t\u00e4gliche operative Herausforderungen nachhaltig bew\u00e4ltigen k\u00f6nnen.<\/p>\n<\/div>\n\n\n\n<div class=\"wp-block-column is-layout-flow wp-block-column-is-layout-flow\">\n<figure class=\"wp-block-image size-full\"><img loading=\"lazy\" decoding=\"async\" width=\"150\" height=\"138\" src=\"https:\/\/cookiedropping.com\/wp-content\/uploads\/2013\/12\/s1b-expertises.jpg\" alt=\"\" class=\"wp-image-1070\"\/><\/figure>\n\n\n\n<h3 class=\"wp-block-heading\"><a href=\"https:\/\/cookiedropping.com\/de\/deutsch-franzoesische-expertise\/\" data-type=\"page\" data-id=\"3007\">FALLBEZOGENES OPERATIVES COACHING<\/a><\/h3>\n\n\n\n<p class=\"has-contrast-color has-text-color\">Individuell<br>oder mit Counterpart<\/p>\n\n\n\n<p class=\"has-contrast-color has-text-color\"><strong><strong>Zum richtigen Einsch\u00e4tzen von Sachlagen, um zielf\u00fchrend entscheiden, kommunizieren, bzw. handeln zu k\u00f6nnen.<\/strong><\/strong><\/p>\n\n\n\n<p class=\"has-contrast-color has-text-color\">Nutzen Sie unser Fachwissen um, im Rahmen Ihrer Zusammenarbeit mit franz\u00f6sischen Kollegen, Partnern oder Mitarbeitern, im vollen Bewusstsein der Sachlage zielf\u00fchrend entscheiden, kommunizieren bzw. handeln zu k\u00f6nnen.<\/p>\n<\/div>\n\n\n\n<div class=\"wp-block-column is-layout-flow wp-block-column-is-layout-flow\">\n<figure class=\"wp-block-image size-full\"><img loading=\"lazy\" decoding=\"async\" width=\"150\" height=\"138\" src=\"https:\/\/cookiedropping.com\/wp-content\/uploads\/2013\/12\/s2-organisations.jpg\" alt=\"Accompagnement d'organisations franco-allemandes\" class=\"wp-image-1069\"\/><\/figure>\n\n\n\n<h3 class=\"wp-block-heading\"><a href=\"https:\/\/cookiedropping.com\/de\/deutsch-franzoesische-begleitung\/\" data-type=\"page\" data-id=\"3008\">BEGLEITUNG VON DEUTSCH-FRANZ\u00d6SISCHEN ORGANISATIONEN<\/a><\/h3>\n\n\n\n<p class=\"has-contrast-color has-text-color\">In Teams und\/oder f\u00fcr die gesamte Organisation<\/p>\n\n\n\n<p class=\"has-contrast-color has-text-color\"><strong><strong>Um Ihre Change- und Integrationsprozesse zum Erfolg zu bringen.<\/strong><\/strong><\/p>\n\n\n\n<p class=\"has-contrast-color has-text-color\">Bringen Sie Ihre Change- und Integrationsprozesse schneller zum Erfolg und f\u00fchren Sie Ihre Teams und Organisationen reibungslos zusammen, indem &#8222;emotionale Viren&#8220; und kulturelle Missverst\u00e4ndnisse aufgedeckt und aufgearbeitet werden.<\/p>\n<\/div>\n\n\n\n<div class=\"wp-block-column is-layout-flow wp-block-column-is-layout-flow\">\n<figure class=\"wp-block-image size-full\"><img loading=\"lazy\" decoding=\"async\" width=\"150\" height=\"138\" src=\"https:\/\/cookiedropping.com\/wp-content\/uploads\/2013\/12\/s3-equipe.jpg\" alt=\"\" class=\"wp-image-1068\"\/><\/figure>\n\n\n\n<h3 class=\"wp-block-heading\"><a href=\"https:\/\/cookiedropping.com\/de\/deutsch-franzosisches-teamcoaching\/\" data-type=\"page\" data-id=\"3016\">DEUTSCH-FRANZ\u00d6SISCHES TEAM-COACHING<\/a><\/h3>\n\n\n\n<p class=\"has-contrast-color has-text-color\">In nationaler bzw. bi-nationaler Aufstellung<\/p>\n\n\n\n<p class=\"has-contrast-color has-text-color\"><strong><strong><strong>Zur Effizienzsteigerung Ihrer Kooperationen zwischen Kollegen, Counterparts und deutsch-franz\u00f6sischen Strukturen.<\/strong><\/strong><\/strong><\/p>\n\n\n\n<p class=\"has-contrast-color has-text-color\">Steigern Sie die Effizienz Ihrer Zusammenarbeit mit Kollegen, Counterparts und Strukturen durch Verst\u00e4ndnis und gegenseitige Akzeptanz sowie gemeinsam gesetzte Bezugspunkte und Motivation aller Key-Player zur Zusammenarbeit.<\/p>\n\n\n\n<p class=\"has-contrast-color has-text-color\">\u27a0&nbsp;<a href=\"https:\/\/cookiedropping.com\/de\/deutsch-franzosisches-teamcoaching\/\" data-type=\"page\" data-id=\"3016\">Deutsch-franz\u00f6sisches Team-Coaching<\/a><br>\u27a0&nbsp;<a href=\"https:\/\/cookiedropping.com\/de\/training\/\" data-type=\"page\" data-id=\"3017\">Deutsch-franz\u00f6sisches interkulturelles Training<\/a><\/p>\n<\/div>\n<\/div>\n\n\n\n<div class=\"wp-block-columns has-border-color has-secondary-border-color has-contrast-color has-text-color is-layout-flex wp-container-core-columns-is-layout-f3e73c6b wp-block-columns-is-layout-flex\" style=\"border-width:1px;padding-top:var(--wp--preset--spacing--30);padding-right:var(--wp--preset--spacing--30);padding-bottom:var(--wp--preset--spacing--30);padding-left:var(--wp--preset--spacing--30)\">\n<div class=\"wp-block-column is-vertically-aligned-center is-layout-flow wp-block-column-is-layout-flow\" style=\"flex-basis:20%\">\n<figure class=\"wp-block-image aligncenter size-full is-resized\"><img loading=\"lazy\" decoding=\"async\" width=\"150\" height=\"138\" src=\"https:\/\/cookiedropping.com\/wp-content\/uploads\/2013\/12\/s4-syntonie.jpg\" alt=\"L\u2019Ev\u00e9nement annuel du management franco-allemand\" class=\"wp-image-1067\" style=\"width:130px;height:120px\"\/><\/figure>\n<\/div>\n\n\n\n<div class=\"wp-block-column is-layout-flow wp-block-column-is-layout-flow\" style=\"flex-basis:80%\">\n<h3 class=\"wp-block-heading has-text-align-center\" style=\"font-size:clamp(0.929em, 0.929rem + ((1vw - 0.2em) * 0.856), 1.4em);\"><a href=\"https:\/\/cookiedropping.com\/de\/syntonie-workshop\/\" data-type=\"page\" data-id=\"3021\"><strong>SYNTONIE-WORKSHOP:<\/strong><\/a><\/h3>\n\n\n\n<p class=\"has-text-align-center\"><strong>Das j\u00e4hrliche Highlight zum deutsch-franz\u00f6sischen Management<\/strong><\/p>\n\n\n\n<h3 class=\"wp-block-heading has-text-align-center\">UNTERNEHMENS\u00dcBERGREIFEND \u2013 INDIVIDUELL ODER MIT COUNTERPART<\/h3>\n\n\n\n<p class=\"has-text-align-center\">Seit 1991 die einzige Plattform f\u00fcr Austausch und Live-Erleben von Management-Erfahrungen<br>f\u00fcr deutsche und franz\u00f6sische (obere) F\u00fchrungskr\u00e4fte.<\/p>\n<\/div>\n<\/div>\n\n\n\n<hr class=\"wp-block-separator has-text-color has-custom-jpb-yellow-color has-alpha-channel-opacity has-custom-jpb-yellow-background-color has-background is-style-wide\"\/>\n\n\n\n<h2 class=\"wp-block-heading\"><strong>UNSERE ST\u00c4RKEN:&nbsp;<\/strong><\/h2>\n\n\n\n<div class=\"wp-block-columns has-contrast-color has-text-color is-layout-flex wp-container-core-columns-is-layout-28f84493 wp-block-columns-is-layout-flex\">\n<div class=\"wp-block-column is-layout-flow wp-block-column-is-layout-flow\" style=\"flex-basis:20%\">\n<figure class=\"wp-block-image size-full\"><img loading=\"lazy\" decoding=\"async\" width=\"300\" height=\"225\" src=\"https:\/\/cookiedropping.com\/wp-content\/uploads\/2014\/08\/logo2.jpg\" alt=\"JPB Consulting\" class=\"wp-image-1444\"\/><\/figure>\n<\/div>\n\n\n\n<div class=\"wp-block-column is-layout-flow wp-block-column-is-layout-flow\" style=\"flex-basis:80%\">\n<ul style=\"line-height:2\" class=\"list-yellow-checks wp-block-list\">\n<li>Einzigartiges geballtes Know-how im deutsch-franz\u00f6sischen Management<\/li>\n\n\n\n<li>&nbsp;Pragmatische und nachhaltige L\u00f6sungswege, operativ und strategisch<\/li>\n\n\n\n<li>Expertise und Methodik seit 1984, weiterentwickelt und bew\u00e4hrt.<\/li>\n<\/ul>\n<\/div>\n<\/div>\n\n\n\n<ul class=\"list-small-arrows wp-block-list\">\n<li class=\"list-small-arrows\"><strong><strong>Zur Optimierung der Effizienz Ihrer deutsch-franz\u00f6sischen Zusammenarbeit.<\/strong><\/strong><\/li>\n<\/ul>\n\n\n\n<hr class=\"wp-block-separator has-text-color has-custom-jpb-yellow-color has-alpha-channel-opacity has-custom-jpb-yellow-background-color has-background is-style-wide\"\/>\n\n\n\n<div class=\"wp-block-columns has-contrast-color has-text-color is-layout-flex wp-container-core-columns-is-layout-28f84493 wp-block-columns-is-layout-flex\">\n<div class=\"wp-block-column is-layout-flow wp-block-column-is-layout-flow\" style=\"padding-top:1em;padding-right:1em;padding-bottom:1em;padding-left:1em\">\n<div class=\"wp-block-group is-nowrap is-layout-flex wp-container-core-group-is-layout-f66f9956 wp-block-group-is-layout-flex\">\n<div class=\"wp-block-outermost-icon-block\"><div class=\"icon-container\" style=\"width:2.5em\"><svg xmlns=\"http:\/\/www.w3.org\/2000\/svg\" width=\"16\" height=\"16\" viewBox=\"0 0 16 16\"><path fill=\"currentColor\" d=\"M11 2.5a2.5 2.5 0 1 1 .603 1.628l-6.718 3.12a2.5 2.5 0 0 1 0 1.504l6.718 3.12a2.5 2.5 0 1 1-.488.876l-6.718-3.12a2.5 2.5 0 1 1 0-3.256l6.718-3.12A2.5 2.5 0 0 1 11 2.5\"><\/path><\/svg><\/div><\/div>\n\n\n\n<div class=\"wp-block-group is-vertical is-layout-flex wp-container-core-group-is-layout-fe9cc265 wp-block-group-is-layout-flex\">\n<p>Bestimmt kennen Sie Kollegen, die mit deutsch-franz\u00f6sischen Problemstellungen konfrontiert sind?<\/p>\n\n\n\n<p>Empfehlen Sie diese Seite m\u00f6glichen Interessenten!<\/p>\n<\/div>\n<\/div>\n<\/div>\n\n\n\n<div class=\"wp-block-column has-tertiary-background-color has-background is-layout-flow wp-block-column-is-layout-flow\" style=\"padding-top:1em;padding-right:1em;padding-bottom:1em;padding-left:1em\">\n<div class=\"wp-block-group is-nowrap is-layout-flex wp-container-core-group-is-layout-f66f9956 wp-block-group-is-layout-flex\">\n<div class=\"wp-block-outermost-icon-block\"><div class=\"icon-container\" style=\"width:3em\"><svg xmlns=\"http:\/\/www.w3.org\/2000\/svg\" width=\"36\" height=\"36\" viewBox=\"0 0 36 36\"><path fill=\"currentColor\" d=\"M32 6H4a2 2 0 0 0-2 2v20a2 2 0 0 0 2 2h28a2 2 0 0 0 2-2V8a2 2 0 0 0-2-2m-1.54 22H5.66l7-7.24l-1.44-1.39L4 26.84V9.52l12.43 12.37a2 2 0 0 0 2.82 0L32 9.21v17.5l-7.36-7.36l-1.41 1.41ZM5.31 8h25.07L17.84 20.47Z\" class=\"clr-i-outline clr-i-outline-path-1\"><\/path><path fill=\"none\" d=\"M0 0h36v36H0z\"><\/path><\/svg><\/div><\/div>\n\n\n\n<p>Kontakt:<br>00.33.1.39.16.95.17<br><a href=\"mailto:jpb@cookiedropping.com\" target=\"_blank\" rel=\"jpb@cookiedropping.com noopener nofollow\">jpb@cookiedropping.com<\/a><\/p>\n<\/div>\n<\/div>\n<\/div>\n","protected":false},"excerpt":{"rendered":"<p>Unsere Expertise: Abbau von business-kulturellen und zwischenmenschlichen St\u00f6rfaktoren in der deutsch-franz\u00f6sischen Zusammenarbeit. EINZEL-COACHING F\u00dcR DAS DEUTSCH-FRANZ\u00d6SISCHE MANAGEMENT Individuelloder mit Counterpart F\u00fcr (obere) F\u00fchrungskr\u00e4fte, Expatriates und deutsch-franz\u00f6sische Schl\u00fcssel-Schnittstellen. Erfahren Sie, wie Sie Ihre deutsch-franz\u00f6sischen Management-Kompetenzen weiterentwickeln und gleichzeitig strategische sowie t\u00e4gliche operative Herausforderungen nachhaltig bew\u00e4ltigen k\u00f6nnen. FALLBEZOGENES OPERATIVES COACHING Individuelloder mit Counterpart Zum richtigen Einsch\u00e4tzen von [&hellip;]<\/p>\n","protected":false},"author":1,"featured_media":1887,"parent":0,"menu_order":0,"comment_status":"closed","ping_status":"closed","template":"wp-custom-template-page-without-cover","meta":{"advgb_blocks_editor_width":"","advgb_blocks_columns_visual_guide":"","footnotes":""},"class_list":["post-2885","page","type-page","status-publish","has-post-thumbnail","hentry"],"coauthors":[],"author_meta":{"author_link":"https:\/\/cookiedropping.com\/de\/author\/mbd-berlin\/","display_name":"mbd.berlin"},"relative_dates":{"created":"Posted 3\u00a0Jahren ago","modified":"Updated 2\u00a0Jahren ago"},"absolute_dates":{"created":"Posted on M\u00e4rz 30, 2023","modified":"Updated on Januar 24, 2024"},"absolute_dates_time":{"created":"Posted on M\u00e4rz 30, 2023 8:25 p.m.","modified":"Updated on Januar 24, 2024 10:42 p.m."},"featured_img_caption":"","featured_img":"https:\/\/cookiedropping.com\/wp-content\/uploads\/2023\/03\/s0-prestations-franco-allemandes-2.jpg","series_order":"","_links":{"self":[{"href":"https:\/\/cookiedropping.com\/de\/wp-json\/wp\/v2\/pages\/2885","targetHints":{"allow":["GET"]}}],"collection":[{"href":"https:\/\/cookiedropping.com\/de\/wp-json\/wp\/v2\/pages"}],"about":[{"href":"https:\/\/cookiedropping.com\/de\/wp-json\/wp\/v2\/types\/page"}],"author":[{"embeddable":true,"href":"https:\/\/cookiedropping.com\/de\/wp-json\/wp\/v2\/users\/1"}],"replies":[{"embeddable":true,"href":"https:\/\/cookiedropping.com\/de\/wp-json\/wp\/v2\/comments?post=2885"}],"version-history":[{"count":12,"href":"https:\/\/cookiedropping.com\/de\/wp-json\/wp\/v2\/pages\/2885\/revisions"}],"predecessor-version":[{"id":6269,"href":"https:\/\/cookiedropping.com\/de\/wp-json\/wp\/v2\/pages\/2885\/revisions\/6269"}],"wp:featuredmedia":[{"embeddable":true,"href":"https:\/\/cookiedropping.com\/de\/wp-json\/wp\/v2\/media\/1887"}],"wp:attachment":[{"href":"https:\/\/cookiedropping.com\/de\/wp-json\/wp\/v2\/media?parent=2885"}],"curies":[{"name":"wp","href":"https:\/\/api.w.org\/{rel}","templated":true}]}}