{"id":3019,"date":"2023-12-16T09:15:21","date_gmt":"2023-12-16T09:15:21","guid":{"rendered":"https:\/\/cookiedropping.com\/?page_id=3019"},"modified":"2024-02-21T18:32:50","modified_gmt":"2024-02-21T18:32:50","slug":"seminar","status":"publish","type":"page","link":"https:\/\/cookiedropping.com\/de\/seminar\/","title":{"rendered":"Interkulturelles deutsch-franz\u00f6sisches Seminar"},"content":{"rendered":"\n<div class=\"wp-block-cover alignwide is-light has-custom-content-position is-position-top-center\" style=\"min-height:314px;aspect-ratio:unset;\"><span aria-hidden=\"true\" class=\"wp-block-cover__background has-background-dim-0 has-background-dim\"><\/span><img loading=\"lazy\" decoding=\"async\" width=\"940\" height=\"250\" src=\"https:\/\/cookiedropping.com\/wp-content\/uploads\/2014\/05\/s3c-seminaire-franco-allemandv2.jpg\" class=\"wp-block-cover__image-background wp-post-image\" alt=\"\" data-object-fit=\"cover\" srcset=\"https:\/\/cookiedropping.com\/wp-content\/uploads\/2014\/05\/s3c-seminaire-franco-allemandv2.jpg 940w, https:\/\/cookiedropping.com\/wp-content\/uploads\/2014\/05\/s3c-seminaire-franco-allemandv2-300x80.jpg 300w, https:\/\/cookiedropping.com\/wp-content\/uploads\/2014\/05\/s3c-seminaire-franco-allemandv2-768x204.jpg 768w\" sizes=\"auto, (max-width: 940px) 100vw, 940px\" \/><div class=\"wp-block-cover__inner-container is-layout-flow wp-block-cover-is-layout-flow\">\n<div class=\"wp-block-group is-content-justification-left is-nowrap is-layout-flex wp-container-core-group-is-layout-c1c43fa8 wp-block-group-is-layout-flex\" style=\"margin-top:0;margin-bottom:0;padding-top:0;padding-right:0;padding-bottom:0;padding-left:0\">\n<p class=\"header-whiteline\" style=\"margin-top:0em;margin-right:0;margin-bottom:0;margin-left:var(--wp--preset--spacing--30);padding-top:0.17em;padding-right:0.17em;padding-bottom:0.17em;padding-left:0.17em;font-size:clamp(1.039em, 1.039rem + ((1vw - 0.2em) * 1.02), 1.6em);\"><strong><strong><strong>Geht es darum, schlichtes interkulturelles Wissen zu vermitteln<\/strong><\/strong><\/strong><\/p>\n<\/div>\n\n\n\n<div class=\"wp-block-group is-nowrap is-layout-flex wp-container-core-group-is-layout-632b3109 wp-block-group-is-layout-flex\" style=\"margin-top:0px;margin-bottom:0px;padding-top:0\">\n<p class=\"has-text-align-left header-yellowline\" style=\"margin-top:0;margin-bottom:0em;margin-left:var(--wp--preset--spacing--30);padding-top:0.17em;padding-right:0.17em;padding-bottom:0.17em;padding-left:0.17em;font-size:clamp(1.039em, 1.039rem + ((1vw - 0.2em) * 1.02), 1.6em);\"><strong><strong><strong>oder business-relevante Verhaltensweisen zu ver\u00e4ndern?<\/strong><\/strong><\/strong><\/p>\n<\/div>\n<\/div><\/div>\n\n\n<h2 class=\"wp-block-post-title\">Interkulturelles deutsch-franz\u00f6sisches Seminar<\/h2>\n\n\n<div class=\"wp-block-group is-nowrap is-layout-flex wp-container-core-group-is-layout-b79ae030 wp-block-group-is-layout-flex\" style=\"padding-right:0px;padding-left:0px;font-size:0.8em\">\n<p>Lire cette page \u00e0 partir d&#8217;un point de vue fran\u00e7ais:<\/p>\n\n\n\n<div class=\"wp-block-group lang-inline has-global-padding is-content-justification-left is-layout-constrained wp-container-core-group-is-layout-eec01751 wp-block-group-is-layout-constrained\" style=\"padding-right:0px;padding-left:0px\">\n<div class=\"wpml-ls-statics-shortcode_actions wpml-ls wpml-ls-legacy-list-horizontal\">\n\t<ul role=\"menu\"><li class=\"wpml-ls-slot-shortcode_actions wpml-ls-item wpml-ls-item-fr wpml-ls-first-item wpml-ls-last-item wpml-ls-item-legacy-list-horizontal\" role=\"none\">\n\t\t\t\t<a href=\"https:\/\/cookiedropping.com\/\" class=\"wpml-ls-link\" role=\"menuitem\"  aria-label=\"Zu Franz\u00f6sisch wechseln\" title=\"Zu Franz\u00f6sisch wechseln\" >\n                    <span class=\"wpml-ls-display\">Franz\u00f6sisch<\/span><\/a>\n\t\t\t<\/li><\/ul>\n<\/div>\n\n<\/div>\n<\/div>\n\n\n\n<div class=\"wp-block-columns is-layout-flex wp-container-core-columns-is-layout-28f84493 wp-block-columns-is-layout-flex\">\n<div class=\"wp-block-column is-layout-flow wp-block-column-is-layout-flow\" style=\"flex-basis:66.66%\">\n<h2 class=\"wp-block-heading\"><br>INTERKULTURELLE DEUTSCH-FRANZ\u00d6SISCHE DIENSTLEISTUNGEN<\/h2>\n\n\n\n<h5 class=\"wp-block-heading\">Kl\u00e4rung der Terminologie<\/h5>\n\n\n\n<p><strong>In der Terminologie der Dienstleistungen, die zum Ziel haben deutsch-franz\u00f6sische interkulturelle Kompetenz zu vermitteln, deutsch-franz\u00f6sische Teams zusammenzuf\u00fchren oder eine deutsch-franz\u00f6sische (kulturelle) Integration zu vollziehen, herrscht gro\u00dfe Verwirrung.<\/strong><\/p>\n\n\n\n<p>Um Ihnen zu helfen, den Ihren Bed\u00fcrfnissen entsprechenden deutsch-franz\u00f6sischen Service zu finden, stellen wir Ihnen hier einige Kernbegriffe des JPB-Fachjargons vor, als Ergebnis unserer \u00fcber 40-j\u00e4hrigen Erfahrung mit der Begleitung von deutsch-franz\u00f6sischen Projekten:<\/p>\n<\/div>\n\n\n\n<div class=\"wp-block-column is-layout-flow wp-block-column-is-layout-flow\" style=\"padding-top:0;padding-right:0;padding-bottom:0;padding-left:0;flex-basis:33.33%\">\n<figure class=\"wp-block-image size-full\"><img loading=\"lazy\" decoding=\"async\" width=\"399\" height=\"257\" src=\"https:\/\/cookiedropping.com\/wp-content\/uploads\/2013\/12\/deutsch-franzoesische-seminar.jpg\" alt=\"\" class=\"wp-image-2539\" srcset=\"https:\/\/cookiedropping.com\/wp-content\/uploads\/2013\/12\/deutsch-franzoesische-seminar.jpg 399w, https:\/\/cookiedropping.com\/wp-content\/uploads\/2013\/12\/deutsch-franzoesische-seminar-300x193.jpg 300w\" sizes=\"auto, (max-width: 399px) 100vw, 399px\" \/><\/figure>\n<\/div>\n<\/div>\n\n\n\n<p>Mit diesem Begriff bezeichnen wir &#8222;mono-kulturelle&#8220;&nbsp;<strong>interkulturelle Trainings<\/strong>, d. h. Veranstaltungen mit Teilnehmern aus ein und derselben Kultur.<\/p>\n\n\n\n<p>Ein&nbsp;<strong>deutsch-franz\u00f6sisches interkulturelles Seminar<\/strong>&nbsp;wird in der Muttersprache der Teilnehmer abgehalten und hat insbesondere zum Ziel, die Intelligenz des Bezugrahmens der Partner-Kultur zu vermitteln.<\/p>\n\n\n\n<ul class=\"wp-block-list\">\n<li><strong>Zu Beginn<\/strong>&nbsp;einer deutsch-franz\u00f6sischen Beziehung und wenn die Beziehungslage gut ist&#8230;<br>\u27a0 Entdecken:&nbsp;<a href=\"https:\/\/cookiedropping.com\/de\/training\/\" data-type=\"page\" data-id=\"3017\">Deutsch-franz\u00f6sisches interkulturelles Training<\/a><\/li>\n\n\n\n<li><strong>Nach Beginn<\/strong>&nbsp;einer deutsch-franz\u00f6sischen Beziehung und wenn sich die Zusammenarbeit als schwierig erweist\u2026<br>\u27a0 Entdecken:&nbsp;<a href=\"https:\/\/cookiedropping.com\/de\/deutsch-franzosisches-teamcoaching\/\" data-type=\"page\" data-id=\"3016\">Team-Coaching f\u00fcr deutsch-franz\u00f6sisches Management<\/a><\/li>\n<\/ul>\n\n\n\n<h2 class=\"wp-block-heading\">2. DEUTSCH-FRANZ\u00d6SISCHER INTERKULTURELLER WORKSHOP<\/h2>\n\n\n\n<p>Mit diesem Begriff bezeichnen wir &#8222;bi-kulturelle&#8220; oder &#8222;multi-kulturelle&#8220; Veranstaltungen, d. h. mit Teilnehmern aus beiden oder mehreren Kulturen.<\/p>\n\n\n\n<p>Ein deutsch-franz\u00f6sischer interkultureller Workshop wird auf Englisch abgehalten oder simultan verdolmetscht, um das Verst\u00e4ndnis der Teilnehmer untereinander zu f\u00f6rdern.<\/p>\n\n\n\n<ul class=\"wp-block-list\">\n<li><strong>Zu Beginn<\/strong>&nbsp;einer deutsch-franz\u00f6sischen Beziehung und wenn die Beziehungslage gut ist\u2026<br>\u27a0 Entdecken:&nbsp;<a href=\"https:\/\/cookiedropping.com\/de\/training\/\" data-type=\"page\" data-id=\"3017\">Interkulturelles deutsch-franz\u00f6sisches Training<\/a><\/li>\n\n\n\n<li><strong>Im Verlauf<\/strong>&nbsp;einer deutsch-franz\u00f6sischen Beziehung und wenn sich die Zusammenarbeit als schwierig erweist\u2026<br>\u27a0 Entdecken:&nbsp;<a href=\"https:\/\/cookiedropping.com\/de\/deutsch-franzosisches-teamcoaching\/\" data-type=\"page\" data-id=\"3016\">Team-Coaching f\u00fcr deutsch-franz\u00f6sisches Management<\/a><\/li>\n\n\n\n<li><strong>Um als Einzelperson oder im deutsch-franz\u00f6sischen Tandem an einem unternehmens\u00fcbergreifenden Seminar teilzunehmen (mit franz\u00f6sischen und deutschen Teilnehmern und Simultanverdolmetschung)\u2026<\/strong><br>\u27a0 Entdecken:&nbsp;<a href=\"https:\/\/cookiedropping.com\/de\/syntonie-workshop\/\" data-type=\"page\" data-id=\"3021\">Syntonie-Workshop<\/a><\/li>\n<\/ul>\n\n\n\n<h2 class=\"wp-block-heading\">3. DEUTSCH-FRANZ\u00d6SISCHE INTERKULTURELLE BEGLEITUNG<\/h2>\n\n\n\n<figure class=\"wp-block-image alignright size-full\"><img loading=\"lazy\" decoding=\"async\" width=\"355\" height=\"245\" src=\"https:\/\/cookiedropping.com\/wp-content\/uploads\/2013\/12\/GABS-die-Geheimregeln-S3C.jpg\" alt=\"\" class=\"wp-image-2475\" srcset=\"https:\/\/cookiedropping.com\/wp-content\/uploads\/2013\/12\/GABS-die-Geheimregeln-S3C.jpg 355w, https:\/\/cookiedropping.com\/wp-content\/uploads\/2013\/12\/GABS-die-Geheimregeln-S3C-300x207.jpg 300w\" sizes=\"auto, (max-width: 355px) 100vw, 355px\" \/><\/figure>\n\n\n\n<p>Mit diesem Begriff bezeichnen wir einen Prozess \u00fcber mehrere Sessions \/ Schritte, der vor allem darauf abzielt, die erworbenen Kenntnisse zu verankern und eine positive, integrationsf\u00f6rdernde Haltung im Rahmen einer deutsch-franz\u00f6sischen Kooperation oder deutsch-franz\u00f6sischen Post-Merger-Integration (PMI) herbeizuf\u00fchren.<\/p>\n\n\n\n<ul class=\"wp-block-list\">\n<li><strong>Deutsch-franz\u00f6sische Begleitung von Einzelpersonen oder individuelle deutsch-franz\u00f6sische Begleitung<\/strong>&nbsp;von (oberen) F\u00fchrungskr\u00e4ften, Expatriates und Schl\u00fcssel-Schnittstellen\u2026<br>\u27a0 Entdecken :&nbsp;<a href=\"https:\/\/cookiedropping.com\/de\/deutsch-franzoesisches-coaching\/\" data-type=\"page\" data-id=\"3006\">Coaching f\u00fcr deutsch-franz\u00f6sisches Management<\/a><\/li>\n\n\n\n<li><strong>Punktuelle deutsch-franz\u00f6sische Begleitung<\/strong>&nbsp;von (oberen) F\u00fchrungskr\u00e4ften, Expatriates und Schl\u00fcssel-Schnittstellen\u2026<br>\u27a0 Entdecken:&nbsp;<a href=\"https:\/\/cookiedropping.com\/de\/deutsch-franzoesische-expertise\/\" data-type=\"page\" data-id=\"3007\">Fallbezogenes operatives Coaching zum deutsch-franz\u00f6sischen Management<\/a><\/li>\n\n\n\n<li>Um den Erfolg von Change- und Integrationsprozessen und die Zusammenf\u00fchrung von deutsch-franz\u00f6sischen Teams und Organisationen zu beschleunigen\u2026<br>\u27a0 Entdecken:&nbsp;<a href=\"https:\/\/cookiedropping.com\/de\/deutsch-franzoesische-begleitung\/\" data-type=\"page\" data-id=\"3008\">Deutsch-franz\u00f6sische Begleitung von Teams und Organisationen mentalmerger\u00ae<\/a><\/li>\n<\/ul>\n\n\n\n<h2 class=\"wp-block-heading\">4. DEUTSCH-FRANZ\u00d6SISCHES INTERKULTURELLES TEAM BUILDING<\/h2>\n\n\n\n<p>Diesen Begriff verwenden Kunden, die sich f\u00fcr folgende Leistungen interessieren:<\/p>\n\n\n\n<ul class=\"wp-block-list\">\n<li>Einzelne Session. \u27a0 Siehe oben &#8222;2. Deutsch-franz\u00f6sische interkulturelle Workshops&#8220;.<\/li>\n\n\n\n<li>Prozessbegleitung. \u27a0 Siehe oben &#8222;3. Deutsch-franz\u00f6sische interkulturelle Begleitung&#8220;.<\/li>\n<\/ul>\n\n\n\n<h2 class=\"wp-block-heading\">5. DEUTSCH-FRANZ\u00d6SISCHES INTERKULTURELLES COACHING<\/h2>\n\n\n\n<p>Diesen Begriff verwenden Kunden in den meisten F\u00e4llen:<\/p>\n\n\n\n<p><strong>Individuelle, ma\u00dfgeschneiderte deutsch-franz\u00f6sische Begleitung bzw. &#8222;Business Coaching&#8220;, &#8222;Executive Coaching&#8220; bzw. &#8222;F\u00fchrungskr\u00e4fte Coaching&#8220;\u2026<\/strong><br>&#8211; Vereinzelte Unterst\u00fctzung f\u00fcr deutsch-franz\u00f6sische Management-Themen\u2026 \u27a0 Entdecken :&nbsp;<a href=\"https:\/\/cookiedropping.com\/de\/deutsch-franzoesische-expertise\/\" data-type=\"page\" data-id=\"3007\">Fallbezogenes operatives Coaching<\/a><br>&#8211; Begleitung und Follow-up-Betreuung\u2026 \u27a0 Entdecken:&nbsp;<a href=\"https:\/\/cookiedropping.com\/de\/deutsch-franzoesisches-coaching\/\" data-type=\"page\" data-id=\"3006\">Individuelles Coaching f\u00fcr deutsch-franz\u00f6sisches Management<\/a><\/p>\n\n\n\n<p><strong>Deutsch-franz\u00f6sische Begleitung von Organisationen und Teams\u2026<\/strong><br>&#8211; Punktuelle unterst\u00fctzende Ma\u00dfnahmen\u2026 \u27a0 Entdecken :&nbsp;<a href=\"https:\/\/cookiedropping.com\/de\/deutsch-franzosisches-teamcoaching\/\" data-type=\"page\" data-id=\"3016\">Deutsch-franz\u00f6sisches Team-Coaching<\/a><br>&#8211; Begleitung und Follow-up-Betreuung \u2026 \u27a0 Entdecken :&nbsp;<a href=\"https:\/\/cookiedropping.com\/de\/deutsch-franzoesische-begleitung\/\" data-type=\"page\" data-id=\"3008\">Deutsch-franz\u00f6sische Begleitung von Organisationen und Teams &#8211; mentalmerger\u00ae<\/a><\/p>\n\n\n\n<h2 class=\"wp-block-heading\">6. DEUTSCH-FRANZ\u00d6SISCHE INTERKULTURELLE SENSIBILISIERUNG<\/h2>\n\n\n\n<p>Mit diesem Begriff bezeichnen wir eine Einzelveranstaltung\u2026<\/p>\n\n\n\n<ul class=\"wp-block-list\">\n<li><strong>Zu Beginn<\/strong>&nbsp;einer deutsch-franz\u00f6sischen Beziehung und wenn die Beziehungslage gut ist \u2026<br>\u27a0 Entdecken :&nbsp;<a href=\"https:\/\/cookiedropping.com\/de\/training\/\" data-type=\"page\" data-id=\"3017\">Deutsch-franz\u00f6sisches interkulturelles Training<\/a><\/li>\n\n\n\n<li><strong>Um als Einzelperson oder im deutsch-franz\u00f6sischen Tandem<\/strong>&nbsp;an einem unternehmens\u00fcbergreifenden deutsch-franz\u00f6sischen Seminar teilzunehmen (mit franz\u00f6sischen und deutschen Teilnehmern und Simultanverdolmetschung)\u2026<br>\u27a0 Entdecken :&nbsp;<a href=\"https:\/\/cookiedropping.com\/de\/syntonie-workshop\/\" data-type=\"page\" data-id=\"3021\">Syntonie-Workshop<\/a><\/li>\n<\/ul>\n\n\n\n<div class=\"wp-block-buttons is-layout-flex wp-block-buttons-is-layout-flex\">\n<div class=\"wp-block-button\"><a class=\"wp-block-button__link wp-element-button\" href=\"https:\/\/cookiedropping.com\/de\/leistungen\/\"><strong>Entdecken Sie unser Beratungsspektrum: \u27a4<\/strong><\/a><\/div>\n<\/div>\n\n\n\n<div class=\"wp-block-advgb-image advgb-image-block full-width advgb-lightbox advgb-img-fa24209d-5f06-4ca3-ace6-2722e103f444\" style=\"background-image:url(https:\/\/cookiedropping.com\/wp-content\/uploads\/2013\/12\/s3c-bartha.jpg);background-position:50% 50%;height:500px;width:500px;justify-content:flex-end;align-items:center\" data-image=\"https:\/\/cookiedropping.com\/wp-content\/uploads\/2013\/12\/s3c-bartha.jpg\"><a class=\"advgb-image-overlay\" style=\"background-color:#000\" target=\"_blank\" rel=\"noopener noreferrer\"><\/a><h4 class=\"advgb-image-title\" style=\"color:#fff\">W\u00e4hrend eines deutsch-franz\u00f6sischen Seminars<div style=\"margin: 0px; padding: 0px; border: 0px; vertical-align: baseline; background: rgb(255, 255, 255); height: 0px; overflow: hidden; visibility: hidden; width: 0px; color: rgb(0, 0, 0); font-family: &quot;Open Sans&quot;; text-transform: none; white-space-collapse: collapse;\" class=\"clear\"><\/div><\/h4><\/div>\n\n\n\n<hr class=\"wp-block-separator has-text-color has-custom-jpb-yellow-color has-alpha-channel-opacity has-custom-jpb-yellow-background-color has-background is-style-wide\"\/>\n\n\n\n<div class=\"wp-block-group has-global-padding is-layout-constrained wp-block-group-is-layout-constrained\">\n<div class=\"wp-block-columns has-contrast-color has-text-color is-layout-flex wp-container-core-columns-is-layout-28f84493 wp-block-columns-is-layout-flex\">\n<div class=\"wp-block-column is-layout-flow wp-block-column-is-layout-flow\" style=\"flex-basis:20%\">\n<figure class=\"wp-block-image size-full\"><img loading=\"lazy\" decoding=\"async\" width=\"150\" height=\"113\" src=\"https:\/\/cookiedropping.com\/wp-content\/uploads\/2014\/01\/logo-jpb.jpg\" alt=\"Logo jpb\" class=\"wp-image-412\"\/><\/figure>\n<\/div>\n\n\n\n<div class=\"wp-block-column is-layout-flow wp-block-column-is-layout-flow\" style=\"flex-basis:80%\">\n<h2 class=\"wp-block-heading\">DIE COACH-EXPERTEN F\u00dcR DEUTSCH-FRANZ\u00d6SISCHES MANAGEMENT: 40 JAHRE PRAXIS<\/h2>\n\n\n\n<ul class=\"wp-block-list\">\n<li>Schnelle, pr\u00e4zise Aufdeckung der tieferen Ursachen von business-kulturellen St\u00f6rfaktoren,<\/li>\n\n\n\n<li>Breites Spektrum an bew\u00e4hrten Best Practices im (deutsch-franz\u00f6sischen) Management)<\/li>\n\n\n\n<li>Antizipieren der franz\u00f6sischen Reaktionen auf Management-L\u00f6sungen, je nach Kontext und Pers\u00f6nlichkeitsstruktur<\/li>\n<\/ul>\n<\/div>\n<\/div>\n\n\n\n<div class=\"wp-block-group has-global-padding is-layout-constrained wp-block-group-is-layout-constrained\">\n<div class=\"wp-block-advgb-image advgb-image-block full-width advgb-lightbox advgb-img-27fba542-3874-487d-81bb-53367a8d466c\" style=\"background-image:url(https:\/\/cookiedropping.com\/wp-content\/uploads\/2014\/01\/JPB_6-consultants_tete-buste_a12.jpg);background-position:50% 31%;height:222px;width:500px;justify-content:flex-end;align-items:center\" data-image=\"https:\/\/cookiedropping.com\/wp-content\/uploads\/2014\/01\/JPB_6-consultants_tete-buste_a12.jpg\"><a class=\"advgb-image-overlay\" style=\"background-color:#000\" target=\"_blank\" rel=\"noopener noreferrer\"><\/a><h4 class=\"advgb-image-title\" style=\"color:#fff\">Das JPB Team<\/h4><\/div>\n\n\n\n<div class=\"wp-block-buttons is-layout-flex wp-block-buttons-is-layout-flex\">\n<div class=\"wp-block-button\"><a class=\"wp-block-button__link has-base-color has-text-color has-link-color has-text-align-center wp-element-button\" href=\"https:\/\/cookiedropping.com\/de\/team\/\"><strong>&gt; Lernen Sie das Team von JPB kennen!<\/strong><\/a><\/div>\n<\/div>\n<\/div>\n<\/div>\n\n\n\n<hr class=\"wp-block-separator has-text-color has-custom-jpb-yellow-color has-alpha-channel-opacity has-custom-jpb-yellow-background-color has-background is-style-wide\"\/>\n\n\n\n<div class=\"wp-block-columns has-contrast-color has-text-color is-layout-flex wp-container-core-columns-is-layout-28f84493 wp-block-columns-is-layout-flex\">\n<div class=\"wp-block-column is-layout-flow wp-block-column-is-layout-flow\" style=\"padding-top:1em;padding-right:1em;padding-bottom:1em;padding-left:1em\">\n<div class=\"wp-block-group is-nowrap is-layout-flex wp-container-core-group-is-layout-f66f9956 wp-block-group-is-layout-flex\">\n<div class=\"wp-block-outermost-icon-block\"><div class=\"icon-container\" style=\"width:2.5em\"><svg xmlns=\"http:\/\/www.w3.org\/2000\/svg\" width=\"16\" height=\"16\" viewBox=\"0 0 16 16\"><path fill=\"currentColor\" d=\"M11 2.5a2.5 2.5 0 1 1 .603 1.628l-6.718 3.12a2.5 2.5 0 0 1 0 1.504l6.718 3.12a2.5 2.5 0 1 1-.488.876l-6.718-3.12a2.5 2.5 0 1 1 0-3.256l6.718-3.12A2.5 2.5 0 0 1 11 2.5\"><\/path><\/svg><\/div><\/div>\n\n\n\n<div class=\"wp-block-group is-vertical is-layout-flex wp-container-core-group-is-layout-fe9cc265 wp-block-group-is-layout-flex\">\n<p>Bestimmt kennen Sie Kollegen, die mit deutsch-franz\u00f6sischen Problemstellungen konfrontiert sind?<\/p>\n\n\n\n<p>Empfehlen Sie diese Seite m\u00f6glichen Interessenten!<\/p>\n<\/div>\n<\/div>\n<\/div>\n\n\n\n<div class=\"wp-block-column has-tertiary-background-color has-background is-layout-flow wp-block-column-is-layout-flow\" style=\"padding-top:1em;padding-right:1em;padding-bottom:1em;padding-left:1em\">\n<div class=\"wp-block-group is-nowrap is-layout-flex wp-container-core-group-is-layout-f66f9956 wp-block-group-is-layout-flex\">\n<div class=\"wp-block-outermost-icon-block\"><div class=\"icon-container\" style=\"width:3em\"><svg xmlns=\"http:\/\/www.w3.org\/2000\/svg\" width=\"36\" height=\"36\" viewBox=\"0 0 36 36\"><path fill=\"currentColor\" d=\"M32 6H4a2 2 0 0 0-2 2v20a2 2 0 0 0 2 2h28a2 2 0 0 0 2-2V8a2 2 0 0 0-2-2m-1.54 22H5.66l7-7.24l-1.44-1.39L4 26.84V9.52l12.43 12.37a2 2 0 0 0 2.82 0L32 9.21v17.5l-7.36-7.36l-1.41 1.41ZM5.31 8h25.07L17.84 20.47Z\" class=\"clr-i-outline clr-i-outline-path-1\"><\/path><path fill=\"none\" d=\"M0 0h36v36H0z\"><\/path><\/svg><\/div><\/div>\n\n\n\n<p>Kontakt:<br>00.33.1.39.16.95.17<br><a href=\"mailto:jpb@cookiedropping.com\" target=\"_blank\" rel=\"jpb@cookiedropping.com noopener nofollow\">jpb@cookiedropping.com<\/a><\/p>\n<\/div>\n<\/div>\n<\/div>\n<style class=\"advgb-styles-renderer\">.advgb-img-fa24209d-5f06-4ca3-ace6-2722e103f444.advgb-image-block .advgb-image-overlay{opacity:0.5 !important;}.advgb-img-fa24209d-5f06-4ca3-ace6-2722e103f444.advgb-image-block:hover .advgb-image-overlay{opacity:0.1 !important;}.advgb-img-27fba542-3874-487d-81bb-53367a8d466c.advgb-image-block .advgb-image-overlay{opacity:0.25 !important;}.advgb-img-27fba542-3874-487d-81bb-53367a8d466c.advgb-image-block:hover .advgb-image-overlay{opacity:0 !important;}.advgb-img-27fba542-3874-487d-81bb-53367a8d466c.advgb-image-block .advgb-image-overlay{opacity:0.25 !important;}.advgb-img-27fba542-3874-487d-81bb-53367a8d466c.advgb-image-block:hover .advgb-image-overlay{opacity:0 !important;}.advgb-img-27fba542-3874-487d-81bb-53367a8d466c.advgb-image-block .advgb-image-overlay{opacity:0.25 !important;}.advgb-img-27fba542-3874-487d-81bb-53367a8d466c.advgb-image-block:hover .advgb-image-overlay{opacity:0 !important;}<\/style>","protected":false},"excerpt":{"rendered":"<p>INTERKULTURELLE DEUTSCH-FRANZ\u00d6SISCHE DIENSTLEISTUNGEN Kl\u00e4rung der Terminologie In der Terminologie der Dienstleistungen, die zum Ziel haben deutsch-franz\u00f6sische interkulturelle Kompetenz zu vermitteln, deutsch-franz\u00f6sische Teams zusammenzuf\u00fchren oder eine deutsch-franz\u00f6sische (kulturelle) Integration zu vollziehen, herrscht gro\u00dfe Verwirrung. Um Ihnen zu helfen, den Ihren Bed\u00fcrfnissen entsprechenden deutsch-franz\u00f6sischen Service zu finden, stellen wir Ihnen hier einige Kernbegriffe des JPB-Fachjargons vor, als [&hellip;]<\/p>\n","protected":false},"author":1,"featured_media":2413,"parent":0,"menu_order":0,"comment_status":"closed","ping_status":"closed","template":"wp-custom-template-page-jpb","meta":{"advgb_blocks_editor_width":"","advgb_blocks_columns_visual_guide":"","footnotes":""},"class_list":["post-3019","page","type-page","status-publish","has-post-thumbnail","hentry"],"coauthors":[],"author_meta":{"author_link":"https:\/\/cookiedropping.com\/de\/author\/mbd-berlin\/","display_name":"mbd.berlin"},"relative_dates":{"created":"Posted 2\u00a0Jahren ago","modified":"Updated 2\u00a0Jahren ago"},"absolute_dates":{"created":"Posted on Dezember 16, 2023","modified":"Updated on Februar 21, 2024"},"absolute_dates_time":{"created":"Posted on Dezember 16, 2023 9:15 a.m.","modified":"Updated on Februar 21, 2024 6:32 p.m."},"featured_img_caption":"","featured_img":"https:\/\/cookiedropping.com\/wp-content\/uploads\/2014\/05\/s3c-seminaire-franco-allemandv2.jpg","series_order":"","_links":{"self":[{"href":"https:\/\/cookiedropping.com\/de\/wp-json\/wp\/v2\/pages\/3019","targetHints":{"allow":["GET"]}}],"collection":[{"href":"https:\/\/cookiedropping.com\/de\/wp-json\/wp\/v2\/pages"}],"about":[{"href":"https:\/\/cookiedropping.com\/de\/wp-json\/wp\/v2\/types\/page"}],"author":[{"embeddable":true,"href":"https:\/\/cookiedropping.com\/de\/wp-json\/wp\/v2\/users\/1"}],"replies":[{"embeddable":true,"href":"https:\/\/cookiedropping.com\/de\/wp-json\/wp\/v2\/comments?post=3019"}],"version-history":[{"count":5,"href":"https:\/\/cookiedropping.com\/de\/wp-json\/wp\/v2\/pages\/3019\/revisions"}],"predecessor-version":[{"id":6984,"href":"https:\/\/cookiedropping.com\/de\/wp-json\/wp\/v2\/pages\/3019\/revisions\/6984"}],"wp:featuredmedia":[{"embeddable":true,"href":"https:\/\/cookiedropping.com\/de\/wp-json\/wp\/v2\/media\/2413"}],"wp:attachment":[{"href":"https:\/\/cookiedropping.com\/de\/wp-json\/wp\/v2\/media?parent=3019"}],"curies":[{"name":"wp","href":"https:\/\/api.w.org\/{rel}","templated":true}]}}