{"id":3020,"date":"2023-12-16T10:27:44","date_gmt":"2023-12-16T10:27:44","guid":{"rendered":"https:\/\/cookiedropping.com\/?page_id=3020"},"modified":"2024-01-24T13:33:13","modified_gmt":"2024-01-24T13:33:13","slug":"konferenz","status":"publish","type":"page","link":"https:\/\/cookiedropping.com\/de\/konferenz\/","title":{"rendered":"Deutsch-franz\u00f6sische interkulturelle Konferenz"},"content":{"rendered":"\n<div class=\"wp-block-cover alignwide is-light\" style=\"min-height:314px;aspect-ratio:unset;\"><span aria-hidden=\"true\" class=\"wp-block-cover__background has-background-dim-0 has-background-dim\"><\/span><img loading=\"lazy\" decoding=\"async\" width=\"940\" height=\"250\" src=\"https:\/\/cookiedropping.com\/wp-content\/uploads\/2014\/05\/s3d-conference-franco-allemandev2.jpg\" class=\"wp-block-cover__image-background wp-post-image\" alt=\"\" data-object-fit=\"cover\" srcset=\"https:\/\/cookiedropping.com\/wp-content\/uploads\/2014\/05\/s3d-conference-franco-allemandev2.jpg 940w, https:\/\/cookiedropping.com\/wp-content\/uploads\/2014\/05\/s3d-conference-franco-allemandev2-300x80.jpg 300w, https:\/\/cookiedropping.com\/wp-content\/uploads\/2014\/05\/s3d-conference-franco-allemandev2-768x204.jpg 768w\" sizes=\"auto, (max-width: 940px) 100vw, 940px\" \/><div class=\"wp-block-cover__inner-container is-layout-flow wp-block-cover-is-layout-flow\">\n<div class=\"wp-block-group is-content-justification-left is-nowrap is-layout-flex wp-container-core-group-is-layout-c1c43fa8 wp-block-group-is-layout-flex\" style=\"margin-top:0;margin-bottom:0;padding-top:0;padding-right:0;padding-bottom:0;padding-left:0\">\n<p class=\"header-whiteline\" style=\"margin-top:0em;margin-right:0;margin-bottom:0;margin-left:var(--wp--preset--spacing--30);padding-top:0.17em;padding-right:0.17em;padding-bottom:0.17em;padding-left:0.17em;font-size:clamp(1.039em, 1.039rem + ((1vw - 0.2em) * 1.02), 1.6em);\"><strong><strong><strong>Eine deutsch-franz\u00f6sische Konferenz\u2026<\/strong><\/strong><\/strong><\/p>\n<\/div>\n\n\n\n<div class=\"wp-block-group is-nowrap is-layout-flex wp-container-core-group-is-layout-7489f87b wp-block-group-is-layout-flex\" style=\"margin-top:0px;margin-bottom:0px;padding-top:0\">\n<p class=\"has-text-align-left header-yellowline\" style=\"margin-top:0;margin-bottom:0em;margin-left:var(--wp--preset--spacing--60);padding-top:0.17em;padding-right:0.17em;padding-bottom:0.17em;padding-left:0.17em;font-size:clamp(1.039em, 1.039rem + ((1vw - 0.2em) * 1.02), 1.6em);\"><strong><strong><strong>&#8230; die sich wirklich lohnt<\/strong><\/strong><\/strong><\/p>\n<\/div>\n<\/div><\/div>\n\n\n<h2 class=\"wp-block-post-title\">Deutsch-franz\u00f6sische interkulturelle Konferenz<\/h2>\n\n\n<div class=\"wp-block-group is-nowrap is-layout-flex wp-container-core-group-is-layout-b79ae030 wp-block-group-is-layout-flex\" style=\"padding-right:0px;padding-left:0px;font-size:0.8em\">\n<p>Lire cette page \u00e0 partir d&#8217;un point de vue fran\u00e7ais:<\/p>\n\n\n\n<div class=\"wp-block-group lang-inline has-global-padding is-content-justification-left is-layout-constrained wp-container-core-group-is-layout-eec01751 wp-block-group-is-layout-constrained\" style=\"padding-right:0px;padding-left:0px\">\n<div class=\"wpml-ls-statics-shortcode_actions wpml-ls wpml-ls-legacy-list-horizontal\">\n\t<ul role=\"menu\"><li class=\"wpml-ls-slot-shortcode_actions wpml-ls-item wpml-ls-item-fr wpml-ls-first-item wpml-ls-last-item wpml-ls-item-legacy-list-horizontal\" role=\"none\">\n\t\t\t\t<a href=\"https:\/\/cookiedropping.com\/\" class=\"wpml-ls-link\" role=\"menuitem\"  aria-label=\"Zu Franz\u00f6sisch wechseln\" title=\"Zu Franz\u00f6sisch wechseln\" >\n                    <span class=\"wpml-ls-display\">Franz\u00f6sisch<\/span><\/a>\n\t\t\t<\/li><\/ul>\n<\/div>\n\n<\/div>\n<\/div>\n\n\n\n<div class=\"wp-block-columns is-layout-flex wp-container-core-columns-is-layout-28f84493 wp-block-columns-is-layout-flex\">\n<div class=\"wp-block-column is-layout-flow wp-block-column-is-layout-flow\" style=\"flex-basis:66.66%\">\n<p>Im Rahmen einer deutsch-franz\u00f6sischen Konferenz sind deutsch-franz\u00f6sische kulturelle Unterschiede und Herausforderungen im deutsch-franz\u00f6sischen Management&nbsp;<strong>immer ein interessantes und unterhaltsames Thema.<\/strong><\/p>\n\n\n\n<p>Das haben die Experten von JPB Consulting festgestellt, nachdem sie im Laufe ihrer 30-j\u00e4hrigen Erfahrung in deutsch-franz\u00f6sischen Kooperationen mit \u00fcber 20 000 Managern und Ingenieuren zahlreiche Lernformate getestet haben.<\/p>\n\n\n\n<p>Als Pioniere seit 1984 im Coaching f\u00fcr erfolgreiches deutsch-franz\u00f6sisches Management best\u00e4tigt JPB Consulting vorbehaltlos:<\/p>\n\n\n\n<p><strong class=\"strorange\">In der Praxis erzeugt eine deutsch-franz\u00f6sische interkulturelle Konferenz in den seltensten F\u00e4llen eine nachhaltige Wirkung\u2026 Sie kann sich sogar als kontraproduktiv erweisen!<\/strong><\/p>\n<\/div>\n\n\n\n<div class=\"wp-block-column is-layout-flow wp-block-column-is-layout-flow\" style=\"padding-top:0;padding-right:0;padding-bottom:0;padding-left:0;flex-basis:33.33%\">\n<figure class=\"wp-block-image size-full\"><img loading=\"lazy\" decoding=\"async\" width=\"399\" height=\"257\" src=\"https:\/\/cookiedropping.com\/wp-content\/uploads\/2013\/12\/deutsch-franzoesische-seminar.jpg\" alt=\"\" class=\"wp-image-2539\" srcset=\"https:\/\/cookiedropping.com\/wp-content\/uploads\/2013\/12\/deutsch-franzoesische-seminar.jpg 399w, https:\/\/cookiedropping.com\/wp-content\/uploads\/2013\/12\/deutsch-franzoesische-seminar-300x193.jpg 300w\" sizes=\"auto, (max-width: 399px) 100vw, 399px\" \/><\/figure>\n<\/div>\n<\/div>\n\n\n\n<h4 class=\"wp-block-heading\">4 BEDINGUNGEN F\u00dcR DEN RETURN ON INVESTMENT<\/h4>\n\n\n\n<h3 class=\"wp-block-heading\">EINER DEUTSCH-FRANZ\u00d6SISCHEN INTERKULTURELLEN KONFERENZ ODER EINES DEUTSCH-FRANZ\u00d6SISCHEN INTERKULTURELLEN VORTRAGS:<\/h3>\n\n\n\n<ol class=\"wp-block-list\">\n<li>Der Zielgruppe die deutsch-franz\u00f6sische interkulturelle Konferenz als den ersten Schritt eines fortlaufenden Prozesses vermitteln.<\/li>\n\n\n\n<li>Im Vorfeld eine Bestandsaufnahme der Wahrnehmungen vornehmen, um den Inhalt des ma\u00dfgeschneiderten deutsch-franz\u00f6sischen Vortrags entsprechend zu gestalten.<\/li>\n\n\n\n<li><strong>Das Thema sollte einen pr\u00e4zisen Aspekt der business-kulturellen Problematik<\/strong>&nbsp;behandeln und nahe an den effektiven Anliegen der Teilnehmer sein.<\/li>\n\n\n\n<li><strong>Mindestdauer<\/strong>&nbsp;einer deutsch-franz\u00f6sischen interkulturellen Konferenz: 2 Stunden.<\/li>\n<\/ol>\n\n\n\n<p>\u27a0&nbsp;<a href=\"https:\/\/cookiedropping.com\/de\/training\/\" data-type=\"page\" data-id=\"3017\">Siehe auch &#8222;Interkulturelle Sensibilisierung&#8220;: deutsch-franz\u00f6sisches interkulturelles Training<\/a><\/p>\n\n\n\n<figure class=\"wp-block-gallery has-nested-images columns-4 is-cropped wp-block-gallery-1 is-layout-flex wp-block-gallery-is-layout-flex\">\n<figure class=\"wp-block-image size-large\"><img loading=\"lazy\" decoding=\"async\" width=\"300\" height=\"326\" data-id=\"702\" src=\"https:\/\/cookiedropping.com\/wp-content\/uploads\/2013\/12\/Axel-Momber-anim.jpg\" alt=\"\" class=\"wp-image-702\" srcset=\"https:\/\/cookiedropping.com\/wp-content\/uploads\/2013\/12\/Axel-Momber-anim.jpg 300w, https:\/\/cookiedropping.com\/wp-content\/uploads\/2013\/12\/Axel-Momber-anim-276x300.jpg 276w\" sizes=\"auto, (max-width: 300px) 100vw, 300px\" \/><figcaption class=\"wp-element-caption\">Axel Momber<\/figcaption><\/figure>\n\n\n\n<figure class=\"wp-block-image size-large\"><img loading=\"lazy\" decoding=\"async\" width=\"300\" height=\"312\" data-id=\"701\" src=\"https:\/\/cookiedropping.com\/wp-content\/uploads\/2013\/12\/Jochen-conf.jpg\" alt=\"\" class=\"wp-image-701\" srcset=\"https:\/\/cookiedropping.com\/wp-content\/uploads\/2013\/12\/Jochen-conf.jpg 300w, https:\/\/cookiedropping.com\/wp-content\/uploads\/2013\/12\/Jochen-conf-288x300.jpg 288w\" sizes=\"auto, (max-width: 300px) 100vw, 300px\" \/><figcaption class=\"wp-element-caption\">Jochen-Peter Breuer<\/figcaption><\/figure>\n\n\n\n<figure class=\"wp-block-image size-large\"><img loading=\"lazy\" decoding=\"async\" width=\"300\" height=\"279\" data-id=\"700\" src=\"https:\/\/cookiedropping.com\/wp-content\/uploads\/2013\/12\/Clipboard01.jpg\" alt=\"conf\u00e9rence franco-allemande\" class=\"wp-image-700\"\/><figcaption class=\"wp-element-caption\">Pierre de Bartha<\/figcaption><\/figure>\n\n\n\n<figure class=\"wp-block-image size-large\"><img loading=\"lazy\" decoding=\"async\" width=\"300\" height=\"306\" data-id=\"703\" src=\"https:\/\/cookiedropping.com\/wp-content\/uploads\/2013\/12\/s3d-conf.jpg\" alt=\"\" class=\"wp-image-703\" srcset=\"https:\/\/cookiedropping.com\/wp-content\/uploads\/2013\/12\/s3d-conf.jpg 300w, https:\/\/cookiedropping.com\/wp-content\/uploads\/2013\/12\/s3d-conf-294x300.jpg 294w\" sizes=\"auto, (max-width: 300px) 100vw, 300px\" \/><figcaption class=\"wp-element-caption\">Susanne Dilcher de Broglie<\/figcaption><\/figure>\n<\/figure>\n\n\n\n<div class=\"wp-block-group has-tertiary-background-color has-background has-global-padding is-layout-constrained wp-container-core-group-is-layout-a48f4d97 wp-block-group-is-layout-constrained\" style=\"padding-top:1em;padding-right:1em;padding-bottom:1em;padding-left:1em\">\n<h2 class=\"wp-block-heading\">DIE 7 RISIKEN EINER KLASSISCHEN, PUNKTUELLEN DEUTSCH-FRANZ\u00d6SISCHEN INTERKULTURELLEN KONFERENZ<\/h2>\n\n\n\n<ol class=\"wp-block-list\">\n<li>Das Format der deutsch-franz\u00f6sischen Konferenz oder des deutsch-franz\u00f6sischen Vortrags&nbsp;<strong>banalisiert die business-kulturelle Problematik<\/strong>&nbsp;und kann&nbsp;<strong>den tr\u00fcgerischen Eindruck<\/strong>&nbsp;vermitteln, dass mit dieser einzigen Konferenz&nbsp;<strong>das gesamte Thema<\/strong>&nbsp;<strong>abgehandelt ist<\/strong>.<\/li>\n\n\n\n<li>Die Tatsache, dass man durch die Teilnahme an einer interkulturellen Konferenz einige allgemeine Anhaltspunkte erhalten hat,&nbsp;<strong>verleitet zu dem Denken,<\/strong>&nbsp;<strong>dass man nunmehr gewarnt ist und die Problematik verstanden hat.<\/strong>&nbsp;Dabei hat der Vortrag lediglich einige Kenntnisse vermittelt, was weit von einem Know-how entfernt ist und noch lange nicht bedeutet, dass man wei\u00df, wie damit umzugehen ist!<\/li>\n\n\n\n<li><strong>Die zwangsl\u00e4ufig anekdotischen Beispiele<\/strong>&nbsp;f\u00fcr St\u00f6rfaktoren aufgrund von deutsch-franz\u00f6sischen kulturellen Unterschieden&nbsp;<strong>k\u00f6nnen dazu beitragen, dass die business-kulturelle Problematik nicht wirklich ernst genommen wird<\/strong>. So kann ein deutsch-franz\u00f6sischer interkultureller Vortrag dazu f\u00fchren, dass&nbsp;<strong>die Bedeutung und die Tragweite des Themas<\/strong>&nbsp;(in Bezug auf Risiken und finanzielle Konsequenzen) heruntergespielt wird.<\/li>\n\n\n\n<li>Je k\u00fcrzer die deutsch-franz\u00f6sische interkulturelle Konferenz ist (1 oder 2 Stunden), desto mehr m\u00fcssen auch die Erkl\u00e4rungen kurz und knapp auf den Punkt gebracht werden und desto gr\u00f6\u00dfer ist die&nbsp;<strong>Gefahr, dass entweder bestehende Vorurteile verst\u00e4rkt werden oder der Inhalt zu banal, ja sogar karikaturartig erscheint.<\/strong><\/li>\n\n\n\n<li>Da aus Zeitmangel keine konkreten L\u00f6sungswege gr\u00fcndlich aufgezeigt werden k\u00f6nnen, besteht das Risiko, die Zuh\u00f6rer mit Beispielen f\u00fcr deutsch-franz\u00f6sische kulturelle Unterschiede oder St\u00f6rfaktoren aus der Praxis des Publikums zu&nbsp;<strong>verunsichern<\/strong>!<\/li>\n\n\n\n<li>&nbsp;<strong>&#8222;Politically correct&#8220; Aussagen<\/strong>&nbsp;vor den anwesenden Counterparts, wie z.B. sich mit Vortragsinhalten nicht identifizieren \/ nicht zugeben, und zwar aus falscher Scham oder aus vermeintlicher R\u00fccksicht auf die Kollegen!<\/li>\n\n\n\n<li>Wenn der deutsch-franz\u00f6sische Vortrag die Deutschen und Franzosen pauschal behandelt und nicht auf effektive&nbsp;<a href=\"https:\/\/cookiedropping.com\/de\/deutsch-franzoesische-zusammenarbeit\/\" data-type=\"page\" data-id=\"2846\">spezifische deutsch-franz\u00f6sische Kooperationskonstellationen<\/a>&nbsp;des Publikums eingeht, l\u00e4uft man Gefahr, dass sich&nbsp;<strong>die Zuh\u00f6rer kaum angesprochen f\u00fchlen<\/strong>.<\/li>\n<\/ol>\n<\/div>\n\n\n\n<hr class=\"wp-block-separator has-text-color has-custom-jpb-yellow-color has-alpha-channel-opacity has-custom-jpb-yellow-background-color has-background is-style-wide\"\/>\n\n\n\n<div class=\"wp-block-group has-global-padding is-layout-constrained wp-block-group-is-layout-constrained\">\n<div class=\"wp-block-columns has-contrast-color has-text-color is-layout-flex wp-container-core-columns-is-layout-28f84493 wp-block-columns-is-layout-flex\">\n<div class=\"wp-block-column is-layout-flow wp-block-column-is-layout-flow\" style=\"flex-basis:20%\">\n<figure class=\"wp-block-image size-full\"><img loading=\"lazy\" decoding=\"async\" width=\"150\" height=\"113\" src=\"https:\/\/cookiedropping.com\/wp-content\/uploads\/2014\/01\/logo-jpb.jpg\" alt=\"Logo jpb\" class=\"wp-image-412\"\/><\/figure>\n<\/div>\n\n\n\n<div class=\"wp-block-column is-layout-flow wp-block-column-is-layout-flow\" style=\"flex-basis:80%\">\n<h2 class=\"wp-block-heading\">DIE COACH-EXPERTEN F\u00dcR DEUTSCH-FRANZ\u00d6SISCHES MANAGEMENT: 40 JAHRE PRAXIS<\/h2>\n\n\n\n<ul class=\"wp-block-list\">\n<li>Schnelle, pr\u00e4zise Aufdeckung der tieferen Ursachen von business-kulturellen St\u00f6rfaktoren,<\/li>\n\n\n\n<li>Breites Spektrum an bew\u00e4hrten Best Practices im (deutsch-franz\u00f6sischen) Management)<\/li>\n\n\n\n<li>Antizipieren der franz\u00f6sischen Reaktionen auf Management-L\u00f6sungen, je nach Kontext und Pers\u00f6nlichkeitsstruktur<\/li>\n<\/ul>\n<\/div>\n<\/div>\n\n\n\n<div class=\"wp-block-group has-global-padding is-layout-constrained wp-block-group-is-layout-constrained\">\n<div class=\"wp-block-advgb-image advgb-image-block full-width advgb-lightbox advgb-img-27fba542-3874-487d-81bb-53367a8d466c\" style=\"background-image:url(https:\/\/cookiedropping.com\/wp-content\/uploads\/2014\/01\/JPB_6-consultants_tete-buste_a12.jpg);background-position:50% 31%;height:222px;width:500px;justify-content:flex-end;align-items:center\" data-image=\"https:\/\/cookiedropping.com\/wp-content\/uploads\/2014\/01\/JPB_6-consultants_tete-buste_a12.jpg\"><a class=\"advgb-image-overlay\" style=\"background-color:#000\" target=\"_blank\" rel=\"noopener noreferrer\"><\/a><h4 class=\"advgb-image-title\" style=\"color:#fff\">Das JPB Team<\/h4><\/div>\n\n\n\n<div class=\"wp-block-buttons is-layout-flex wp-block-buttons-is-layout-flex\">\n<div class=\"wp-block-button\"><a class=\"wp-block-button__link has-base-color has-text-color has-link-color has-text-align-center wp-element-button\" href=\"https:\/\/cookiedropping.com\/de\/team\/\"><strong>&gt; Lernen Sie das Team von JPB kennen!<\/strong><\/a><\/div>\n<\/div>\n<\/div>\n<\/div>\n\n\n\n<hr class=\"wp-block-separator has-text-color has-custom-jpb-yellow-color has-alpha-channel-opacity has-custom-jpb-yellow-background-color has-background is-style-wide\"\/>\n\n\n\n<h2 class=\"wp-block-heading\" style=\"text-transform:uppercase\">Entdecken Sie die typisch deutsch-franz\u00f6sischen Fallen Ihrer Kooperations-Konstellation<\/h2>\n\n\n\n<div class=\"wp-block-columns has-contrast-color has-text-color is-layout-flex wp-container-core-columns-is-layout-28f84493 wp-block-columns-is-layout-flex\">\n<div class=\"wp-block-column has-border-color has-tertiary-border-color is-layout-flow wp-block-column-is-layout-flow\" style=\"border-width:1px\">\n<figure class=\"wp-block-image aligncenter size-full\"><img loading=\"lazy\" decoding=\"async\" width=\"150\" height=\"150\" src=\"https:\/\/cookiedropping.com\/wp-content\/uploads\/2014\/01\/Relation_Maison_mere_Filiale.jpg\" alt=\"Relation entre la maison m\u00e8re et la filiale\" class=\"wp-image-439\"\/><figcaption class=\"wp-element-caption\"><a href=\"https:\/\/cookiedropping.com\/de\/tochtergesellschaft\/\" data-type=\"page\" data-id=\"3030\">Mutter- &amp; Tochter- Gesellschaft<\/a><\/figcaption><\/figure>\n<\/div>\n\n\n\n<div class=\"wp-block-column has-border-color has-tertiary-border-color is-layout-flow wp-block-column-is-layout-flow\" style=\"border-width:1px\">\n<figure class=\"wp-block-image aligncenter size-full\"><img loading=\"lazy\" decoding=\"async\" width=\"150\" height=\"150\" src=\"https:\/\/cookiedropping.com\/wp-content\/uploads\/2014\/01\/Relation_Client_Fournisseur1.jpg\" alt=\"Relation Client Fournisseur\" class=\"wp-image-438\"\/><figcaption class=\"wp-element-caption\"><a href=\"#\"><\/a><a href=\"https:\/\/cookiedropping.com\/de\/kunde\/\" data-type=\"page\" data-id=\"3031\">Kunde und Lieferant<\/a><\/figcaption><\/figure>\n<\/div>\n\n\n\n<div class=\"wp-block-column has-border-color has-tertiary-border-color is-layout-flow wp-block-column-is-layout-flow\" style=\"border-width:1px\">\n<figure class=\"wp-block-image aligncenter size-full\"><img loading=\"lazy\" decoding=\"async\" width=\"150\" height=\"150\" src=\"https:\/\/cookiedropping.com\/wp-content\/uploads\/2014\/01\/Fusion_Acquisition.jpg\" alt=\"\" class=\"wp-image-436\"\/><figcaption class=\"wp-element-caption\"><a href=\"#\"><\/a><a href=\"https:\/\/cookiedropping.com\/de\/mergers\/\" data-type=\"page\" data-id=\"3032\">Merger &amp; Acquisition \/ PMI<\/a><\/figcaption><\/figure>\n<\/div>\n\n\n\n<div class=\"wp-block-column has-border-color has-tertiary-border-color is-layout-flow wp-block-column-is-layout-flow\" style=\"border-width:1px\">\n<figure class=\"wp-block-image aligncenter size-full\"><img loading=\"lazy\" decoding=\"async\" width=\"150\" height=\"150\" src=\"https:\/\/cookiedropping.com\/wp-content\/uploads\/2014\/01\/Changement_Reorganisation.jpg\" alt=\"\" class=\"wp-image-435\"\/><figcaption class=\"wp-element-caption\"><a href=\"https:\/\/cookiedropping.com\/de\/umstrukturierung\/\" data-type=\"page\" data-id=\"3033\">Change, Neuorganisation, Umstrukturierung<\/a><\/figcaption><\/figure>\n<\/div>\n\n\n\n<div class=\"wp-block-column has-border-color has-tertiary-border-color is-layout-flow wp-block-column-is-layout-flow\" style=\"border-width:1px\">\n<figure class=\"wp-block-image aligncenter size-full\"><img loading=\"lazy\" decoding=\"async\" width=\"150\" height=\"150\" src=\"https:\/\/cookiedropping.com\/wp-content\/uploads\/2014\/01\/Managment_dequipe.jpg\" alt=\"\" class=\"wp-image-437\"\/><figcaption class=\"wp-element-caption\"><a href=\"https:\/\/cookiedropping.com\/de\/projektmanagement\/\" data-type=\"page\" data-id=\"3069\">Team- &amp; Projekt-Management<\/a><\/figcaption><\/figure>\n<\/div>\n<\/div>\n\n\n\n<hr class=\"wp-block-separator has-text-color has-custom-jpb-yellow-color has-alpha-channel-opacity has-custom-jpb-yellow-background-color has-background is-style-wide\"\/>\n\n\n\n<div class=\"wp-block-group alimenta-moteur has-contrast-color has-text-color has-global-padding is-layout-constrained wp-block-group-is-layout-constrained\" style=\"line-height:1.5\">\n<p><strong>JPB, die Referenz f\u00fcr deutsch-franz\u00f6sisches Management<\/strong>&nbsp;\u2013 Unsere Coach-Experten sind sowohl Coachs f\u00fcr deutsch-franz\u00f6sisches Management, deutsch-franz\u00f6sische Mediatoren, Moderatoren deutsch-franz\u00f6sischer Workshops als auch interkulturelle deutsch-franz\u00f6sische Trainer f\u00fcr deutsch-franz\u00f6sische Inhouse- oder unternehmens\u00fcbergreifende Seminare.<\/p>\n<\/div>\n\n\n\n<hr class=\"wp-block-separator has-text-color has-custom-jpb-yellow-color has-alpha-channel-opacity has-custom-jpb-yellow-background-color has-background is-style-wide\"\/>\n\n\n\n<div class=\"wp-block-columns has-contrast-color has-text-color is-layout-flex wp-container-core-columns-is-layout-28f84493 wp-block-columns-is-layout-flex\">\n<div class=\"wp-block-column is-layout-flow wp-block-column-is-layout-flow\" style=\"padding-top:1em;padding-right:1em;padding-bottom:1em;padding-left:1em\">\n<div class=\"wp-block-group is-nowrap is-layout-flex wp-container-core-group-is-layout-f66f9956 wp-block-group-is-layout-flex\">\n<div class=\"wp-block-outermost-icon-block\"><div class=\"icon-container\" style=\"width:2.5em\"><svg xmlns=\"http:\/\/www.w3.org\/2000\/svg\" width=\"16\" height=\"16\" viewBox=\"0 0 16 16\"><path fill=\"currentColor\" d=\"M11 2.5a2.5 2.5 0 1 1 .603 1.628l-6.718 3.12a2.5 2.5 0 0 1 0 1.504l6.718 3.12a2.5 2.5 0 1 1-.488.876l-6.718-3.12a2.5 2.5 0 1 1 0-3.256l6.718-3.12A2.5 2.5 0 0 1 11 2.5\"><\/path><\/svg><\/div><\/div>\n\n\n\n<div class=\"wp-block-group is-vertical is-layout-flex wp-container-core-group-is-layout-fe9cc265 wp-block-group-is-layout-flex\">\n<p>Bestimmt kennen Sie Kollegen, die mit deutsch-franz\u00f6sischen Problemstellungen konfrontiert sind?<\/p>\n\n\n\n<p>Empfehlen Sie diese Seite m\u00f6glichen Interessenten!<\/p>\n<\/div>\n<\/div>\n<\/div>\n\n\n\n<div class=\"wp-block-column has-tertiary-background-color has-background is-layout-flow wp-block-column-is-layout-flow\" style=\"padding-top:1em;padding-right:1em;padding-bottom:1em;padding-left:1em\">\n<div class=\"wp-block-group is-nowrap is-layout-flex wp-container-core-group-is-layout-f66f9956 wp-block-group-is-layout-flex\">\n<div class=\"wp-block-outermost-icon-block\"><div class=\"icon-container\" style=\"width:3em\"><svg xmlns=\"http:\/\/www.w3.org\/2000\/svg\" width=\"36\" height=\"36\" viewBox=\"0 0 36 36\"><path fill=\"currentColor\" d=\"M32 6H4a2 2 0 0 0-2 2v20a2 2 0 0 0 2 2h28a2 2 0 0 0 2-2V8a2 2 0 0 0-2-2m-1.54 22H5.66l7-7.24l-1.44-1.39L4 26.84V9.52l12.43 12.37a2 2 0 0 0 2.82 0L32 9.21v17.5l-7.36-7.36l-1.41 1.41ZM5.31 8h25.07L17.84 20.47Z\" class=\"clr-i-outline clr-i-outline-path-1\"><\/path><path fill=\"none\" d=\"M0 0h36v36H0z\"><\/path><\/svg><\/div><\/div>\n\n\n\n<p>Kontakt:<br>00.33.1.39.16.95.17<br><a href=\"mailto:jpb@cookiedropping.com\" target=\"_blank\" rel=\"jpb@cookiedropping.com noopener nofollow\">jpb@cookiedropping.com<\/a><\/p>\n<\/div>\n<\/div>\n<\/div>\n<style class=\"advgb-styles-renderer\">.advgb-img-27fba542-3874-487d-81bb-53367a8d466c.advgb-image-block .advgb-image-overlay{opacity:0.25 !important;}.advgb-img-27fba542-3874-487d-81bb-53367a8d466c.advgb-image-block:hover .advgb-image-overlay{opacity:0 !important;}.advgb-img-27fba542-3874-487d-81bb-53367a8d466c.advgb-image-block .advgb-image-overlay{opacity:0.25 !important;}.advgb-img-27fba542-3874-487d-81bb-53367a8d466c.advgb-image-block:hover .advgb-image-overlay{opacity:0 !important;}.advgb-img-27fba542-3874-487d-81bb-53367a8d466c.advgb-image-block .advgb-image-overlay{opacity:0.25 !important;}.advgb-img-27fba542-3874-487d-81bb-53367a8d466c.advgb-image-block:hover .advgb-image-overlay{opacity:0 !important;}<\/style>","protected":false},"excerpt":{"rendered":"<p>Im Rahmen einer deutsch-franz\u00f6sischen Konferenz sind deutsch-franz\u00f6sische kulturelle Unterschiede und Herausforderungen im deutsch-franz\u00f6sischen Management&nbsp;immer ein interessantes und unterhaltsames Thema. Das haben die Experten von JPB Consulting festgestellt, nachdem sie im Laufe ihrer 30-j\u00e4hrigen Erfahrung in deutsch-franz\u00f6sischen Kooperationen mit \u00fcber 20 000 Managern und Ingenieuren zahlreiche Lernformate getestet haben. Als Pioniere seit 1984 im Coaching f\u00fcr [&hellip;]<\/p>\n","protected":false},"author":1,"featured_media":2424,"parent":0,"menu_order":0,"comment_status":"closed","ping_status":"closed","template":"wp-custom-template-page-jpb","meta":{"advgb_blocks_editor_width":"","advgb_blocks_columns_visual_guide":"","footnotes":""},"class_list":["post-3020","page","type-page","status-publish","has-post-thumbnail","hentry"],"coauthors":[],"author_meta":{"author_link":"https:\/\/cookiedropping.com\/de\/author\/mbd-berlin\/","display_name":"mbd.berlin"},"relative_dates":{"created":"Posted 2\u00a0Jahren ago","modified":"Updated 2\u00a0Jahren ago"},"absolute_dates":{"created":"Posted on Dezember 16, 2023","modified":"Updated on Januar 24, 2024"},"absolute_dates_time":{"created":"Posted on Dezember 16, 2023 10:27 a.m.","modified":"Updated on Januar 24, 2024 1:33 p.m."},"featured_img_caption":"","featured_img":"https:\/\/cookiedropping.com\/wp-content\/uploads\/2014\/05\/s3d-conference-franco-allemandev2.jpg","series_order":"","_links":{"self":[{"href":"https:\/\/cookiedropping.com\/de\/wp-json\/wp\/v2\/pages\/3020","targetHints":{"allow":["GET"]}}],"collection":[{"href":"https:\/\/cookiedropping.com\/de\/wp-json\/wp\/v2\/pages"}],"about":[{"href":"https:\/\/cookiedropping.com\/de\/wp-json\/wp\/v2\/types\/page"}],"author":[{"embeddable":true,"href":"https:\/\/cookiedropping.com\/de\/wp-json\/wp\/v2\/users\/1"}],"replies":[{"embeddable":true,"href":"https:\/\/cookiedropping.com\/de\/wp-json\/wp\/v2\/comments?post=3020"}],"version-history":[{"count":5,"href":"https:\/\/cookiedropping.com\/de\/wp-json\/wp\/v2\/pages\/3020\/revisions"}],"predecessor-version":[{"id":6329,"href":"https:\/\/cookiedropping.com\/de\/wp-json\/wp\/v2\/pages\/3020\/revisions\/6329"}],"wp:featuredmedia":[{"embeddable":true,"href":"https:\/\/cookiedropping.com\/de\/wp-json\/wp\/v2\/media\/2424"}],"wp:attachment":[{"href":"https:\/\/cookiedropping.com\/de\/wp-json\/wp\/v2\/media?parent=3020"}],"curies":[{"name":"wp","href":"https:\/\/api.w.org\/{rel}","templated":true}]}}