{"id":3036,"date":"2023-12-20T17:18:07","date_gmt":"2023-12-20T17:18:07","guid":{"rendered":"https:\/\/cookiedropping.com\/?page_id=3036"},"modified":"2024-02-05T22:20:19","modified_gmt":"2024-02-05T22:20:19","slug":"bartha-breuer-deutsch-franzoesische-geschaeftsbeziehungen","status":"publish","type":"page","link":"https:\/\/cookiedropping.com\/de\/bartha-breuer-deutsch-franzoesische-geschaeftsbeziehungen\/","title":{"rendered":"Das Referenzwerk zum deutsch-franz\u00f6sischen Management"},"content":{"rendered":"\n<div class=\"wp-block-cover alignwide is-light\" style=\"min-height:314px;aspect-ratio:unset;\"><span aria-hidden=\"true\" class=\"wp-block-cover__background has-background-dim-0 has-background-dim\"><\/span><img loading=\"lazy\" decoding=\"async\" width=\"940\" height=\"250\" src=\"https:\/\/cookiedropping.com\/wp-content\/uploads\/2014\/05\/d1-livre-franco-allemand-v2.jpg\" class=\"wp-block-cover__image-background wp-post-image\" alt=\"\" data-object-fit=\"cover\" srcset=\"https:\/\/cookiedropping.com\/wp-content\/uploads\/2014\/05\/d1-livre-franco-allemand-v2.jpg 940w, https:\/\/cookiedropping.com\/wp-content\/uploads\/2014\/05\/d1-livre-franco-allemand-v2-300x80.jpg 300w, https:\/\/cookiedropping.com\/wp-content\/uploads\/2014\/05\/d1-livre-franco-allemand-v2-768x204.jpg 768w\" sizes=\"auto, (max-width: 940px) 100vw, 940px\" \/><div class=\"wp-block-cover__inner-container is-layout-flow wp-block-cover-is-layout-flow\">\n<div class=\"wp-block-group is-content-justification-left is-nowrap is-layout-flex wp-container-core-group-is-layout-c1c43fa8 wp-block-group-is-layout-flex\" style=\"margin-top:0;margin-bottom:0;padding-top:0;padding-right:0;padding-bottom:0;padding-left:0\">\n<p class=\"header-whiteline\" style=\"margin-top:0em;margin-right:0;margin-bottom:0;margin-left:var(--wp--preset--spacing--30);padding-top:0.17em;padding-right:0.17em;padding-bottom:0.17em;padding-left:0.17em;font-size:clamp(1.039em, 1.039rem + ((1vw - 0.2em) * 1.02), 1.6em);\"><strong><strong><strong><strong><strong>Das Referenzwerk<\/strong><\/strong><\/strong><\/strong><\/strong><\/p>\n<\/div>\n\n\n\n<div class=\"wp-block-group is-nowrap is-layout-flex wp-container-core-group-is-layout-7489f87b wp-block-group-is-layout-flex\" style=\"margin-top:0px;margin-bottom:0px;padding-top:0\">\n<p class=\"has-text-align-left header-yellowline\" style=\"margin-top:0;margin-bottom:0em;margin-left:var(--wp--preset--spacing--30);padding-top:0.17em;padding-right:0.17em;padding-bottom:0.17em;padding-left:0.17em;font-size:clamp(1.039em, 1.039rem + ((1vw - 0.2em) * 1.02), 1.6em);\"><strong><strong><strong><strong><strong>zum deutsch-franz\u00f6sischen Management<\/strong><\/strong><\/strong><\/strong><\/strong><\/p>\n<\/div>\n<\/div><\/div>\n\n\n<h2 class=\"wp-block-post-title\">Das Referenzwerk zum deutsch-franz\u00f6sischen Management<\/h2>\n\n\n<div class=\"wp-block-group is-nowrap is-layout-flex wp-container-core-group-is-layout-b79ae030 wp-block-group-is-layout-flex\" style=\"padding-right:0px;padding-left:0px;font-size:0.8em\">\n<p>Lire cette page \u00e0 partir d&#8217;un point de vue fran\u00e7ais:<\/p>\n\n\n\n<div class=\"wp-block-group lang-inline has-global-padding is-content-justification-left is-layout-constrained wp-container-core-group-is-layout-eec01751 wp-block-group-is-layout-constrained\" style=\"padding-right:0px;padding-left:0px\">\n<div class=\"wpml-ls-statics-shortcode_actions wpml-ls wpml-ls-legacy-list-horizontal\">\n\t<ul role=\"menu\"><li class=\"wpml-ls-slot-shortcode_actions wpml-ls-item wpml-ls-item-fr wpml-ls-first-item wpml-ls-last-item wpml-ls-item-legacy-list-horizontal\" role=\"none\">\n\t\t\t\t<a href=\"https:\/\/cookiedropping.com\/\" class=\"wpml-ls-link\" role=\"menuitem\"  aria-label=\"Zu Franz\u00f6sisch wechseln\" title=\"Zu Franz\u00f6sisch wechseln\" >\n                    <span class=\"wpml-ls-display\">Franz\u00f6sisch<\/span><\/a>\n\t\t\t<\/li><\/ul>\n<\/div>\n\n<\/div>\n<\/div>\n\n\n\n<div class=\"wp-block-columns is-layout-flex wp-container-core-columns-is-layout-28f84493 wp-block-columns-is-layout-flex\">\n<div class=\"wp-block-column is-layout-flow wp-block-column-is-layout-flow\" style=\"flex-basis:66.66%\">\n<h5 class=\"wp-block-heading\">&#8222;Deutsch-franz\u00f6sische Gesch\u00e4ftsbeziehungen erfolgreich managen&#8220;<\/h5>\n\n\n\n<p><strong>4. \u00fcberarbeitete und aktualisierte Ausgabe<\/strong><\/p>\n\n\n\n<p><strong>Dieses mittlerweile zur Referenz gewordene Buch richtet sich insbesondere an deutsche Unternehmer und Manager, um ihnen zu helfen, ihre franz\u00f6sischen Partner besser zu verstehen und zu akzeptieren.<\/strong><\/p>\n\n\n\n<p>Ein&nbsp;<strong>Muss<\/strong>&nbsp;f\u00fcr alle Personen mit Verantwortung f\u00fcr den franz\u00f6sischen Markt: deutsche Expatriates in Frankreich, Vertreter von deutschen Muttergesellschaften, deutsche Manger und Ingenieure in franz\u00f6sischen Tochtergesellschaften, Mergers &amp; Acquisitions, Joint Ventures, Neuorganisationen, Beziehungen zwischen Kunden und Lieferanten, deutsch-franz\u00f6sische Projekte\u2026<\/p>\n\n\n\n<div class=\"wp-block-buttons is-layout-flex wp-block-buttons-is-layout-flex\">\n<div class=\"wp-block-button\"><a class=\"wp-block-button__link wp-element-button\" href=\"http:\/\/www.amazon.de\/dp\/3834930040?tag=wwwjpbnet-21&amp;camp=1410&amp;creative=6378&amp;linkCode=as1&amp;creativeASIN=3834930040&amp;adid=02ASB7G5FBAY0SJ1KMCM&amp;&amp;ref-refURL=http%3A%2F%2Frcm-eu.amazon-adsystem.com%2Fe%2Fcm%3Ft%3Dwwwjpbnet-21%26o%3D3%26p%3D8%26l%3Das1%26asins%3D3834930040%26ref%3Dtf_til%26fc1%3D000000%26IS2%3D1%26lt1%3D_blank%26m%3Damazon%26lc1%3D0000FF%26bc1%3D000000%26bg1%3DFFFFFF%26f%3Difr\" target=\"_blank\" rel=\"noreferrer noopener\"><strong>Bei Amazon bestellen<\/strong><\/a><\/div>\n<\/div>\n\n\n\n<p>Bei Lagerfehlbestand&nbsp;<a href=\"http:\/\/www.amazon.fr\/dp\/3834930040?tag=wwwjpbjpbnet-21&amp;camp=1414&amp;creative=6410&amp;linkCode=as1&amp;creativeASIN=3834930040&amp;adid=0YH5PFJET5KGA53HGYZQ&amp;&amp;ref-refURL=http%3A%2F%2Frcm-eu.amazon-adsystem.com%2Fe%2Fcm%3Ft%3Dwwwjpbjpbnet-21%26o%3D8%26p%3D8%26l%3Das1%26asins%3D3834930040%26ref%3Dtf_til%26fc1%3D000000%26IS2%3D1%26lt1%3D_blank%26m%3Damazon%26lc1%3D0000FF%26bc1%3D000000%26bg1%3DFFFFFF%26f%3Difr\" target=\"_blank\" rel=\"noreferrer noopener\">bestellen Sie auf amazon.fr.<\/a><\/p>\n\n\n\n<div class=\"wp-block-group has-global-padding is-layout-constrained wp-block-group-is-layout-constrained\">\n<div class=\"wp-block-columns is-layout-flex wp-container-core-columns-is-layout-28f84493 wp-block-columns-is-layout-flex\">\n<div class=\"wp-block-column is-layout-flow wp-block-column-is-layout-flow\" style=\"flex-basis:145px\">\n<figure class=\"wp-block-image size-full is-resized\"><a href=\"https:\/\/ecoclean-group.net\/de\/\" target=\"_blank\" rel=\"noreferrer noopener\"><img loading=\"lazy\" decoding=\"async\" width=\"120\" height=\"60\" src=\"https:\/\/cookiedropping.com\/wp-content\/uploads\/2014\/01\/durr-ecoclean.jpg\" alt=\"durr ecoclean\" class=\"wp-image-415\" style=\"width:138px;height:auto\"\/><\/a><\/figure>\n<\/div>\n\n\n\n<div class=\"wp-block-column is-layout-flow wp-block-column-is-layout-flow\" style=\"flex-basis:85%\">\n<p style=\"font-style:normal;font-weight:400\"><em>\u00ab Ganz selten gibt es B\u00fccher wie Ihres, die zur interkulturellen Problematik konkrete Antworten und realistische L\u00f6sungen zu den allt\u00e4glichen Problemf\u00e4llen geben. Unglaublich wie viele bedeutende Erkenntnisse und &#8222;D\u00e9j\u00e0-vu-Gef\u00fchle&#8220; Ihr Buch ausgel\u00f6st, sogar bei einem &#8222;alten Hasen&#8220; des deutsch-franz\u00f6sischen Managements wir mir! \u00bb<\/em><\/p>\n<\/div>\n<\/div>\n\n\n\n<p>Michael Poschwitz, Gesch\u00e4ftsf\u00fcrer D\u00fcrr Ecoclean SAS<\/p>\n\n\n\n<p><a href=\"http:\/\/www.amazon.fr\/dp\/3834930040?tag=wwwjpbjpbnet-21&amp;camp=1414&amp;creative=6410&amp;linkCode=as1&amp;creativeASIN=3834930040&amp;adid=0YH5PFJET5KGA53HGYZQ&amp;&amp;ref-refURL=http%3A%2F%2Frcm-eu.amazon-adsystem.com%2Fe%2Fcm%3Ft%3Dwwwjpbjpbnet-21%26o%3D8%26p%3D8%26l%3Das1%26asins%3D3834930040%26ref%3Dtf_til%26fc1%3D000000%26IS2%3D1%26lt1%3D_blank%26m%3Damazon%26lc1%3D0000FF%26bc1%3D000000%26bg1%3DFFFFFF%26f%3Difr\" target=\"_blank\" rel=\"noreferrer noopener\"><\/a><\/p>\n<\/div>\n<\/div>\n\n\n\n<div class=\"wp-block-column is-layout-flow wp-block-column-is-layout-flow\" style=\"flex-basis:33.33%\">\n<figure class=\"wp-block-image aligncenter size-full\"><img loading=\"lazy\" decoding=\"async\" width=\"335\" height=\"478\" src=\"https:\/\/cookiedropping.com\/wp-content\/uploads\/2014\/01\/Livre-JPB.jpg\" alt=\"Livre sur le management franco-allemand JPB\" class=\"wp-image-517\" srcset=\"https:\/\/cookiedropping.com\/wp-content\/uploads\/2014\/01\/Livre-JPB.jpg 335w, https:\/\/cookiedropping.com\/wp-content\/uploads\/2014\/01\/Livre-JPB-210x300.jpg 210w\" sizes=\"auto, (max-width: 335px) 100vw, 335px\" \/><\/figure>\n<\/div>\n<\/div>\n\n\n\n<div class=\"wp-block-columns is-layout-flex wp-container-core-columns-is-layout-28f84493 wp-block-columns-is-layout-flex\">\n<div class=\"wp-block-column is-layout-flow wp-block-column-is-layout-flow\">\n<h2 class=\"wp-block-heading\">DAS REFERENZWERK ZUM DEUTSCH-FRANZ\u00d6SISCHEN MANAGEMENT<\/h2>\n\n\n\n<p>Die beiden Frankreich-Experten Pierre de Bartha und Jochen Breuer vermitteln in diesem bew\u00e4hrten Handbuch (4. \u00fcberarbeitete und aktualisierte Auflage!)&nbsp;<strong>fundierte Analysen, Strategien und L\u00f6sungen f\u00fcr erfolgreiches deutsch-franz\u00f6sisches Kooperationsmanagement<\/strong>.<\/p>\n\n\n\n<p>Dieses&nbsp;<strong>mittlerweile zum Referenzwerk gewordene Buch<\/strong>&nbsp;basiert auf den umfangreichen Praxis-Erfahrungen der Autoren in Kooperations-, Fusions-, und Ver\u00e4nderungsprozessen seit \u00fcber 30 Jahren mit mehr als 20 000 Managern, Ingenieuren und Personalverantwortlichen beider L\u00e4nder.<\/p>\n\n\n\n<p><em>Mit der Unterst\u00fctzung der AHK Frankreich, Paris.<\/em><\/p>\n\n\n\n<p><em>Ver\u00f6ffentlicht von Springer Gabler.<\/em><\/p>\n\n\n\n<p><strong>451 Seiten,<\/strong>&nbsp;broschiert<br><strong>ISBN<\/strong>&nbsp;978-3-8349-3004-0<\/p>\n<\/div>\n\n\n\n<div class=\"wp-block-column is-layout-flow wp-block-column-is-layout-flow\">\n<div class=\"wp-block-group has-border-color has-global-padding is-layout-constrained wp-container-core-group-is-layout-a48f4d97 wp-block-group-is-layout-constrained\" style=\"border-color:#F6F6F6;border-radius:2px;padding-top:1em;padding-right:1em;padding-bottom:1em;padding-left:1em\">\n<h2 class=\"wp-block-heading\">AUS DEM INHALT:<\/h2>\n\n\n\n<ul class=\"wp-block-list\">\n<li>Neu: Der Geheimschl\u00fcssel um Franzosen zur konstruktiven Partnerschaft zu gewinnen<\/li>\n\n\n\n<li>Neu: Der Spannungsausl\u00f6ser Nr.1: das unterschiedliche Machtverst\u00e4ndnis<\/li>\n\n\n\n<li>Wie man das Vertrauen einer franz\u00f6sischen Muttergesellschaft gewinnt<\/li>\n\n\n\n<li>Motivation: Der Schl\u00fcssel zur erfolgreichen Kooperation<\/li>\n\n\n\n<li>Wie man Franz\u00f6sische Partner f\u00fcr seine Konzepte gewinnen kann<\/li>\n\n\n\n<li>Erfolgs-, Spa\u00df- und Angstfaktoren in der deutschen und franz\u00f6sischen Businesskultur<\/li>\n\n\n\n<li>Kosten interkultureller Konflikte<\/li>\n\n\n\n<li>\u00dcber 60 Praxisf\u00e4lle mit Probleml\u00f6sungen zu Beziehungsebene, Kommunikation, Management &amp; Organisation, Strategie und Arbeitsweise<\/li>\n<\/ul>\n<\/div>\n<\/div>\n<\/div>\n\n\n\n<hr class=\"wp-block-separator has-text-color has-custom-jpb-yellow-color has-alpha-channel-opacity has-custom-jpb-yellow-background-color has-background is-style-wide\"\/>\n\n\n\n<h4 class=\"wp-block-heading\">VERSTEHEN IHRE DEUTSCHEN KOLLEGEN IHRE FRANZ\u00d6SEN ? VERSCHENKEN SIE DAS WERK !<\/h4>\n\n\n\n<p><strong class=\"strorange\">Eine originelle Geschenkidee&nbsp;<\/strong>f\u00fcr Ihre deutschen Kollegen, die sich mit ihren franz\u00f6sischen Counterparts schwer tun!<\/p>\n\n\n\n<hr class=\"wp-block-separator has-text-color has-custom-jpb-yellow-color has-alpha-channel-opacity has-custom-jpb-yellow-background-color has-background is-style-wide\"\/>\n\n\n\n<div class=\"wp-block-advgb-adv-tabs advgb-tabs-wrapper advgb-tab-horz-desktop advgb-tab-vert-tablet advgb-tab-stack-mobile advgb-tabs-64144948-64e5-405d-a114-b9a25c100514\" data-tab-active=\"0\"><ul class=\"advgb-tabs-panel\"><li class=\"advgb-tab\" style=\"background-color:#ffffff;border-style:solid;border-width:2px;border-color:#F6F6F6;border-radius:0px\"><a id=\"\" href=\"#advgb-tabs-tab0\" style=\"color:#003399\"><span>ZITATE UND BEWERTUNGEN AUF DEUTSCH<\/span><\/a><\/li><li class=\"advgb-tab\" style=\"background-color:#ffffff;border-style:solid;border-width:2px;border-color:#F6F6F6;border-radius:0px\"><a id=\"\" href=\"#advgb-tabs-tab1\" style=\"color:#003399\"><span>ZITATE UND BEWERTUNGEN AUF FRANZ\u00d6SISCH<\/span><\/a><\/li><\/ul><div class=\"advgb-tab-body-wrapper\" style=\"background-color:#F6F6F6;border-style:solid;border-width:2px;border-color:#F6F6F6;border-radius:0px\">\n<div class=\"wp-block-advgb-tab advgb-tab-body-container\"><div class=\"advgb-tab-body-header advgb-tab-class-\">ZITATE UND BEWERTUNGEN AUF DEUTSCH<\/div><div class=\"advgb-tab-_0c2c12-1d advgb-tab-body\" aria-labelledby=\"advgb-tabs-tab0\">\n<p><strong><em>&#8222;Antworten und L\u00f6sungen auf die allt\u00e4glichen Problemf\u00e4lle<\/em><\/strong><\/p>\n\n\n\n<p><em>Die zahlreichen Publikationen zur interkulturellen Problematik, die es auf dem Markt gibt, haben nur selten dazu beigetragen, Antworten und L\u00f6sungen auf die allt\u00e4glichen Problemf\u00e4lle im interkulturellen Spannungsfeld zu finden.<strong>&nbsp;Ihr Buch hingegen besticht durch seine Praxisn\u00e4he!<\/strong>&nbsp;Realistische Situationen lassen sich in einer Vielzahl von Beispielen wiederentwickeln, und &#8222;D\u00e9j\u00e0-vu-Gef\u00fchle&#8220; werden beim Lesen hervorgerufen.&#8220;<\/em><\/p>\n\n\n\n<p>J.L. Zahn \u2013 Head of Operations<br>Siemens Financial Services, M\u00fcnchen<\/p>\n\n\n\n<p><strong><em>&#8222;Experten geben wertvolle Tipps<\/em><\/strong><\/p>\n\n\n\n<p><em>Das Buch von J.P. Breuer und P. de Bartha ist m.E.&nbsp;<strong>die beste Buchinformationsquelle zum Thema Deutsch-Franz\u00f6sische Zusammenarbeit.<\/strong>&nbsp;Nie wird ein Buch die pers\u00f6nliche Erfahrung ersetzen k\u00f6nnen. Aber dieses Buch enth\u00e4lt eine sehr realit\u00e4tsnahe Darstellung der Herausforderungen die sich bei der Zusammenarbeit mit Franzosen ergeben. Es beschreibt die zahlreichen Fallen und Missverst\u00e4ndnisse und zeigt &#8211; sehr zu meiner Freude &#8211; nachvollziehbare Erkl\u00e4rungen des Verhaltens und brauchbare Anregungen f\u00fcr L\u00f6sungen.&#8220;<\/em><\/p>\n\n\n\n<p>Quelle: amazon.de<\/p>\n\n\n\n<p><strong><em>&#8222;Endlich etwas, ein super Buch um andere Mentalit\u00e4ten zu verstehen.<\/em><\/strong><\/p>\n\n\n\n<p><em>\u2028Ich bin Franzose und arbeite seit vielen Jahren im deutsch-franz\u00f6sischen Management und dieses Buch hat mir sehr viel geholfen, die Mentalit\u00e4ten beider Seiten zu verstehen. Es ist sehr lesefreundlich geschrieben, mit dem n\u00f6tigen Schuss Humor und ich kann fast alles best\u00e4tigen aus meiner Erfahrung.&nbsp;<strong>Es ist unglaublich, wie viel Zeit man sparen kann,<\/strong>&nbsp;wenn man diese Grundlagen der deutsch-franz\u00f6sischen Kommunikation verstanden hat.&#8220;<\/em><\/p>\n\n\n\n<p>Terence RICHARD<br>Quelle: amazon.de<\/p>\n<\/div><\/div>\n\n\n\n<div class=\"wp-block-advgb-tab advgb-tab-body-container\"><div class=\"advgb-tab-body-header advgb-tab-class-\">ZITATE UND BEWERTUNGEN AUF FRANZ\u00d6SISCH<\/div><div class=\"advgb-tab-_08f181-dd advgb-tab-body\" aria-labelledby=\"advgb-tabs-tab1\">\n<p><em><strong>\u00ab Un livre pour \u00eatre plus performant dans un monde des affaires globalis\u00e9.<\/strong><\/em><\/p>\n\n\n\n<p><em>Cet ouvrage explique avec pertinence les diff\u00e9rences culturelles. C&#8217;est une excellente bo\u00eete \u00e0 outils pour managers du franco-allemand. De nombreux exemples op\u00e9rationnels des auteurs en font un manuel avec des solutions concr\u00e8tes et pratiques avec une touche ludique et humoristique. Une bonne id\u00e9e de cadeau pour mes partenaires allemands. Il ne leur fera pas forc\u00e9ment gagner d&#8217;argent, mais leur \u00e9vitera s\u00fbrement d&#8217;en perdre beaucoup !\u00bb<\/em><\/p>\n\n\n\n<p>Jacques B\u00e9hier \u2028<br>Gesch\u00e4ftsf\u00fchrer von Lancy (Putzmeister France)<br>Source&nbsp;: amazon.fr<\/p>\n\n\n\n<p><em>\u00ab La g\u00e9rance de ma maison m\u00e8re me faisait encore remarquer la semaine derni\u00e8re que votre livre, que je leur avait offert, \u00e9tait un outil de d\u00e9codage &#8222;de chevet&#8220; indispensable pour mieux se comprendre. \u00bb<\/em><\/p>\n\n\n\n<p>Christoph Maatsch\u2028<br>Directeur commercial d&#8217;une filiale allemande en France\u2028<br>Source : amazon.fr<\/p>\n\n\n\n<p><em>\u00ab Le fait de lire ce livre en allemand sous l&#8217;angle initial des allemands travaillant avec la France est un vrai plaisir. Les situations d\u00e9crites rejoignent pour la plupart des exp\u00e9riences que j&#8217;ai moi-m\u00eame v\u00e9cues, et les enseignements que vous en d\u00e9gagez permettent de&nbsp;<strong>&#8222;mettre des mots sur les choses&#8220;&nbsp;<\/strong>dans un langage manag\u00e9rial tout \u00e0 fait ad\u00e9quat. \u00bb<\/em><\/p>\n\n\n\n<p>Fr\u00e9d\u00e9ric Kiener\u2028<br>Croissance Durable Consulting\u2028<br>Source&nbsp;: amazon.fr<\/p>\n<\/div><\/div>\n<\/div><\/div>\n\n\n\n<hr class=\"wp-block-separator has-text-color has-custom-jpb-yellow-color has-alpha-channel-opacity has-custom-jpb-yellow-background-color has-background is-style-wide\"\/>\n\n\n\n<p>\u27a4 Weitere Leserstimmen auf Deutsch:&nbsp;<a href=\"http:\/\/www.amazon.de\/product-reviews\/3834930040\/\" target=\"_blank\" rel=\"noreferrer noopener\">amazon.de<\/a>&nbsp;und weitere Leserstimmen auf Franz\u00f6sisch:&nbsp;<a href=\"http:\/\/www.amazon.fr\/product-reviews\/3834930040\" target=\"_blank\" rel=\"noreferrer noopener\">amazon.fr<\/a><\/p>\n\n\n\n<div class=\"wp-block-columns is-layout-flex wp-container-core-columns-is-layout-28f84493 wp-block-columns-is-layout-flex\">\n<div class=\"wp-block-column is-layout-flow wp-block-column-is-layout-flow\">\n<p>Wir freuen uns \u00fcber Ihren Leserkommentar bei&nbsp;<a href=\"http:\/\/www.amazon.de\/product-reviews\/3834930040\" target=\"_blank\" rel=\"noreferrer noopener\">Amazon<\/a>.&nbsp;<\/p>\n\n\n\n<p>F\u00fchlen Sie sich von einigen dieser Themen angesprochen? Gerne h\u00f6ren wir von Ihnen dazu!<\/p>\n<\/div>\n\n\n\n<div class=\"wp-block-column is-layout-flow wp-block-column-is-layout-flow\">\n<p> <\/p>\n\n\n\n<div class=\"wp-block-buttons is-layout-flex wp-block-buttons-is-layout-flex\">\n<div class=\"wp-block-button\"><a class=\"wp-block-button__link wp-element-button\" href=\"http:\/\/www.amazon.de\/dp\/3834930040?tag=wwwjpbjpbnet-21&amp;camp=1414&amp;creative=6410&amp;linkCode=as1&amp;creativeASIN=3834930040&amp;adid=0YH5PFJET5KGA53HGYZQ&amp;&amp;ref-refURL=http%3A%2F%2Frcm-eu.amazon-adsystem.com%2Fe%2Fcm%3Ft%3Dwwwjpbjpbnet-21%26o%3D8%26p%3D8%26l%3Das1%26asins%3D3834930040%26ref%3Dtf_til%26fc1%3D000000%26IS2%3D1%26lt1%3D_blank%26m%3Damazon%26lc1%3D0000FF%26bc1%3D000000%26bg1%3DFFFFFF%26f%3Difr\" target=\"_blank\" rel=\"noreferrer noopener\"><strong>Bestellen bei Amazon<\/strong><\/a><\/div>\n<\/div>\n\n\n\n<p>&nbsp;Bei Fehlbestand&nbsp;<a href=\"http:\/\/www.amazon.fr\/dp\/3834930040?tag=wwwjpbnet-21&amp;camp=1410&amp;creative=6378&amp;linkCode=as1&amp;creativeASIN=3834930040&amp;adid=02ASB7G5FBAY0SJ1KMCM&amp;&amp;ref-refURL=http%3A%2F%2Frcm-eu.amazon-adsystem.com%2Fe%2Fcm%3Ft%3Dwwwjpbnet-21%26o%3D3%26p%3D8%26l%3Das1%26asins%3D3834930040%26ref%3Dtf_til%26fc1%3D000000%26IS2%3D1%26lt1%3D_blank%26m%3Damazon%26lc1%3D0000FF%26bc1%3D000000%26bg1%3DFFFFFF%26f%3Difr\" target=\"_blank\" rel=\"noreferrer noopener\">bestellen Sie auf amazon.fr.<\/a><\/p>\n<\/div>\n<\/div>\n\n\n\n<hr class=\"wp-block-separator has-text-color has-custom-jpb-yellow-color has-alpha-channel-opacity has-custom-jpb-yellow-background-color has-background is-style-wide\"\/>\n\n\n\n<div class=\"wp-block-columns has-contrast-color has-text-color is-layout-flex wp-container-core-columns-is-layout-28f84493 wp-block-columns-is-layout-flex\">\n<div class=\"wp-block-column is-layout-flow wp-block-column-is-layout-flow\" style=\"padding-top:1em;padding-right:1em;padding-bottom:1em;padding-left:1em\">\n<div class=\"wp-block-group is-nowrap is-layout-flex wp-container-core-group-is-layout-f66f9956 wp-block-group-is-layout-flex\">\n<div class=\"wp-block-outermost-icon-block\"><div class=\"icon-container\" style=\"width:2.5em\"><svg xmlns=\"http:\/\/www.w3.org\/2000\/svg\" width=\"16\" height=\"16\" viewBox=\"0 0 16 16\"><path fill=\"currentColor\" d=\"M11 2.5a2.5 2.5 0 1 1 .603 1.628l-6.718 3.12a2.5 2.5 0 0 1 0 1.504l6.718 3.12a2.5 2.5 0 1 1-.488.876l-6.718-3.12a2.5 2.5 0 1 1 0-3.256l6.718-3.12A2.5 2.5 0 0 1 11 2.5\"><\/path><\/svg><\/div><\/div>\n\n\n\n<div class=\"wp-block-group is-vertical is-layout-flex wp-container-core-group-is-layout-fe9cc265 wp-block-group-is-layout-flex\">\n<p>Bestimmt kennen Sie Kollegen, die mit deutsch-franz\u00f6sischen Problemstellungen konfrontiert sind?<\/p>\n\n\n\n<p>Empfehlen Sie diese Seite m\u00f6glichen Interessenten!<\/p>\n<\/div>\n<\/div>\n<\/div>\n\n\n\n<div class=\"wp-block-column has-tertiary-background-color has-background is-layout-flow wp-block-column-is-layout-flow\" style=\"padding-top:1em;padding-right:1em;padding-bottom:1em;padding-left:1em\">\n<div class=\"wp-block-group is-nowrap is-layout-flex wp-container-core-group-is-layout-f66f9956 wp-block-group-is-layout-flex\">\n<div class=\"wp-block-outermost-icon-block\"><div class=\"icon-container\" style=\"width:3em\"><svg xmlns=\"http:\/\/www.w3.org\/2000\/svg\" width=\"36\" height=\"36\" viewBox=\"0 0 36 36\"><path fill=\"currentColor\" d=\"M32 6H4a2 2 0 0 0-2 2v20a2 2 0 0 0 2 2h28a2 2 0 0 0 2-2V8a2 2 0 0 0-2-2m-1.54 22H5.66l7-7.24l-1.44-1.39L4 26.84V9.52l12.43 12.37a2 2 0 0 0 2.82 0L32 9.21v17.5l-7.36-7.36l-1.41 1.41ZM5.31 8h25.07L17.84 20.47Z\" class=\"clr-i-outline clr-i-outline-path-1\"><\/path><path fill=\"none\" d=\"M0 0h36v36H0z\"><\/path><\/svg><\/div><\/div>\n\n\n\n<p>Kontakt:<br>00.33.1.39.16.95.17<br><a href=\"mailto:jpb@cookiedropping.com\" target=\"_blank\" rel=\"jpb@cookiedropping.com noopener nofollow\">jpb@cookiedropping.com<\/a><\/p>\n<\/div>\n<\/div>\n<\/div>\n<style class=\"advgb-styles-renderer\">.advgb-tabs-64144948-64e5-405d-a114-b9a25c100514 ul.advgb-tabs-panel li.advgb-tab.advgb-tab-active {background-color:#F6F6F6 !important;color:#000000 !important;}#advgb-tabs-64144948-64e5-405d-a114-b9a25c100514 .advgb-tab-body-header.header-active, .advgb-tabs-64144948-64e5-405d-a114-b9a25c100514 .advgb-tab-body-header.header-active{background-color:#F6F6F6 !important;color:#000000 !important;}<\/style>","protected":false},"excerpt":{"rendered":"<p>&#8222;Deutsch-franz\u00f6sische Gesch\u00e4ftsbeziehungen erfolgreich managen&#8220; 4. \u00fcberarbeitete und aktualisierte Ausgabe Dieses mittlerweile zur Referenz gewordene Buch richtet sich insbesondere an deutsche Unternehmer und Manager, um ihnen zu helfen, ihre franz\u00f6sischen Partner besser zu verstehen und zu akzeptieren. Ein&nbsp;Muss&nbsp;f\u00fcr alle Personen mit Verantwortung f\u00fcr den franz\u00f6sischen Markt: deutsche Expatriates in Frankreich, Vertreter von deutschen Muttergesellschaften, deutsche Manger [&hellip;]<\/p>\n","protected":false},"author":1,"featured_media":2400,"parent":0,"menu_order":0,"comment_status":"closed","ping_status":"closed","template":"wp-custom-template-page-jpb","meta":{"advgb_blocks_editor_width":"","advgb_blocks_columns_visual_guide":"","footnotes":""},"class_list":["post-3036","page","type-page","status-publish","has-post-thumbnail","hentry"],"coauthors":[],"author_meta":{"author_link":"https:\/\/cookiedropping.com\/de\/author\/mbd-berlin\/","display_name":"mbd.berlin"},"relative_dates":{"created":"Posted 2\u00a0Jahren ago","modified":"Updated 2\u00a0Jahren ago"},"absolute_dates":{"created":"Posted on Dezember 20, 2023","modified":"Updated on Februar 5, 2024"},"absolute_dates_time":{"created":"Posted on Dezember 20, 2023 5:18 p.m.","modified":"Updated on Februar 5, 2024 10:20 p.m."},"featured_img_caption":"","featured_img":"https:\/\/cookiedropping.com\/wp-content\/uploads\/2014\/05\/d1-livre-franco-allemand-v2.jpg","series_order":"","_links":{"self":[{"href":"https:\/\/cookiedropping.com\/de\/wp-json\/wp\/v2\/pages\/3036","targetHints":{"allow":["GET"]}}],"collection":[{"href":"https:\/\/cookiedropping.com\/de\/wp-json\/wp\/v2\/pages"}],"about":[{"href":"https:\/\/cookiedropping.com\/de\/wp-json\/wp\/v2\/types\/page"}],"author":[{"embeddable":true,"href":"https:\/\/cookiedropping.com\/de\/wp-json\/wp\/v2\/users\/1"}],"replies":[{"embeddable":true,"href":"https:\/\/cookiedropping.com\/de\/wp-json\/wp\/v2\/comments?post=3036"}],"version-history":[{"count":5,"href":"https:\/\/cookiedropping.com\/de\/wp-json\/wp\/v2\/pages\/3036\/revisions"}],"predecessor-version":[{"id":6831,"href":"https:\/\/cookiedropping.com\/de\/wp-json\/wp\/v2\/pages\/3036\/revisions\/6831"}],"wp:featuredmedia":[{"embeddable":true,"href":"https:\/\/cookiedropping.com\/de\/wp-json\/wp\/v2\/media\/2400"}],"wp:attachment":[{"href":"https:\/\/cookiedropping.com\/de\/wp-json\/wp\/v2\/media?parent=3036"}],"curies":[{"name":"wp","href":"https:\/\/api.w.org\/{rel}","templated":true}]}}