{"id":3039,"date":"2023-12-20T17:47:24","date_gmt":"2023-12-20T17:47:24","guid":{"rendered":"https:\/\/cookiedropping.com\/?page_id=3039"},"modified":"2024-02-02T18:25:13","modified_gmt":"2024-02-02T18:25:13","slug":"deutsch-franzoesische-unterschiede","status":"publish","type":"page","link":"https:\/\/cookiedropping.com\/de\/deutsch-franzoesische-unterschiede\/","title":{"rendered":"Erg\u00e4nzungspotential zwischen Deutschen und Franzosen"},"content":{"rendered":"\n<div class=\"wp-block-cover alignwide is-light has-custom-content-position is-position-top-center\" style=\"min-height:314px;aspect-ratio:unset;\"><span aria-hidden=\"true\" class=\"wp-block-cover__background has-background-dim-0 has-background-dim\"><\/span><img loading=\"lazy\" decoding=\"async\" width=\"940\" height=\"250\" src=\"https:\/\/cookiedropping.com\/wp-content\/uploads\/2014\/05\/d5-complementarite-franco-allemandev2.jpg\" class=\"wp-block-cover__image-background wp-post-image\" alt=\"\" data-object-fit=\"cover\" srcset=\"https:\/\/cookiedropping.com\/wp-content\/uploads\/2014\/05\/d5-complementarite-franco-allemandev2.jpg 940w, https:\/\/cookiedropping.com\/wp-content\/uploads\/2014\/05\/d5-complementarite-franco-allemandev2-300x80.jpg 300w, https:\/\/cookiedropping.com\/wp-content\/uploads\/2014\/05\/d5-complementarite-franco-allemandev2-768x204.jpg 768w\" sizes=\"auto, (max-width: 940px) 100vw, 940px\" \/><div class=\"wp-block-cover__inner-container is-layout-flow wp-block-cover-is-layout-flow\">\n<div class=\"wp-block-group is-content-justification-left is-nowrap is-layout-flex wp-container-core-group-is-layout-cf6ed648 wp-block-group-is-layout-flex\" style=\"margin-top:0;margin-bottom:0;padding-top:0;padding-right:1em;padding-bottom:0;padding-left:1em\">\n<p class=\"header-whiteline\" style=\"margin-top:0em;margin-right:0;margin-bottom:0;margin-left:0;padding-top:0.17em;padding-right:0.17em;padding-bottom:0.17em;padding-left:0.17em;font-size:clamp(1.039em, 1.039rem + ((1vw - 0.2em) * 1.02), 1.6em);\"><strong><strong><strong><strong><strong>Deutsch-franz\u00f6sische Komplementarit\u00e4t:<\/strong><\/strong><\/strong><\/strong><\/strong><\/p>\n\n\n\n<p class=\"has-text-align-left header-yellowline\" style=\"margin-top:0em;margin-right:0;margin-bottom:0;margin-left:0;padding-top:0.17em;padding-right:0.17em;padding-bottom:0.17em;padding-left:0.17em;font-size:clamp(1.039em, 1.039rem + ((1vw - 0.2em) * 1.02), 1.6em);\"><strong><strong><strong>Nur Theorie oder Praxis?<\/strong><\/strong><\/strong><\/p>\n<\/div>\n<\/div><\/div>\n\n\n<h2 class=\"wp-block-post-title\">Erg\u00e4nzungspotential zwischen Deutschen und Franzosen<\/h2>\n\n\n<div class=\"wp-block-group is-nowrap is-layout-flex wp-container-core-group-is-layout-b79ae030 wp-block-group-is-layout-flex\" style=\"padding-right:0px;padding-left:0px;font-size:0.8em\">\n<p>Lire cette page \u00e0 partir d&#8217;un point de vue fran\u00e7ais:<\/p>\n\n\n\n<div class=\"wp-block-group lang-inline has-global-padding is-content-justification-left is-layout-constrained wp-container-core-group-is-layout-eec01751 wp-block-group-is-layout-constrained\" style=\"padding-right:0px;padding-left:0px\">\n<div class=\"wpml-ls-statics-shortcode_actions wpml-ls wpml-ls-legacy-list-horizontal\">\n\t<ul role=\"menu\"><li class=\"wpml-ls-slot-shortcode_actions wpml-ls-item wpml-ls-item-fr wpml-ls-first-item wpml-ls-last-item wpml-ls-item-legacy-list-horizontal\" role=\"none\">\n\t\t\t\t<a href=\"https:\/\/cookiedropping.com\/\" class=\"wpml-ls-link\" role=\"menuitem\"  aria-label=\"Zu Franz\u00f6sisch wechseln\" title=\"Zu Franz\u00f6sisch wechseln\" >\n                    <span class=\"wpml-ls-display\">Franz\u00f6sisch<\/span><\/a>\n\t\t\t<\/li><\/ul>\n<\/div>\n\n<\/div>\n<\/div>\n\n\n\n<h5 class=\"wp-block-heading\"><strong><strong>Wie Deutsche und Franzosen ihr enormes Erg\u00e4nzungspotential im Management vergeuden<\/strong><\/strong><\/h5>\n\n\n\n<div class=\"wp-block-group is-nowrap is-layout-flex wp-container-core-group-is-layout-6c531013 wp-block-group-is-layout-flex\">\n<div class=\"wp-block-outermost-icon-block\"><div class=\"icon-container has-icon-color\" style=\"color:#fa8e01;width:48px\"><svg xmlns=\"http:\/\/www.w3.org\/2000\/svg\" viewBox=\"0 0 24 24\" aria-hidden=\"true\"><path d=\"M16.7 7.1l-6.3 8.5-3.3-2.5-.9 1.2 4.5 3.4L17.9 8z\"><\/path><\/svg><\/div><\/div>\n\n\n\n<h2 class=\"wp-block-heading strorange\"><strong>FESTSTELLUNG NR. 1: DEUTSCHE UND FRANZOSEN ERG\u00c4NZEN EINANDER IDEAL\u2026<\/strong><\/h2>\n<\/div>\n\n\n\n<p><strong>aufgrund \u2013 und trotz \u2013 ihrer deutsch-franz\u00f6sischen Unterschiede!<\/strong><\/p>\n\n\n\n<p>Dieses Thema taucht immer wieder in den Kommentaren und Diskussionen \u00fcber deutsch-franz\u00f6sische (Gesch\u00e4fts-) Beziehungen auf. Dank ihrer langj\u00e4hrigen Erfahrungen im deutsch-franz\u00f6sischen Coaching und Consulting k\u00f6nnen die Pioniere von JPB jedoch vorbehaltlos best\u00e4tigen: Dieses Erg\u00e4nzungspotential zwischen Deutschen und Franzosen ist nicht blo\u00df ein Mythos, ganz im Gegenteil!<\/p>\n\n\n\n<h5 class=\"wp-block-heading\"><strong>Dem Ausma\u00df der (ungeahnten) deutsch-franz\u00f6sischen Unterschiede entspricht umgekehrt ein ebenso hohes (ebenso ungeahntes) Erg\u00e4nzungspotential!<\/strong><\/h5>\n\n\n\n<p>Hier nur ein Beispiel: Die Erziehung der Deutschen zielt eher darauf ab, Ungewissheit zu vermeiden. Sie sind bestrebt, die Zukunft in den Griff zu bekommen und durch eine gute Arbeitsteilung und Organisation zu meistern. Franzosen hingegen gehen von einer ungewissen Zukunft aus und lernen daher in erster Linie einen Sinn f\u00fcr das Wesentliche und flexibel, stressresistent und reaktiv zu sein.<\/p>\n\n\n\n<h5 class=\"wp-block-heading\"><strong>Allein dieser gro\u00dfe deutsch-franz\u00f6sische kulturelle Unterschied f\u00fchrt u. a. zur Bildung von sachverst\u00e4ndigen Spezialisten auf der einen Seite und polyvalenten Generalisten auf der anderen.<\/strong><\/h5>\n\n\n\n<p>Daraus ergeben sich wiederum unterschiedliche bis gegens\u00e4tzliche deutsch-franz\u00f6sische Management-Praktiken, die nur dann miteinander zu vereinbaren sind, wenn man die business-kulturelle \u201eIntelligenz\u201c des Anderen nachvollziehen kann. Denn jede Kultur ist in sich stimmig, mit all ihren St\u00e4rken und Grenzen.<\/p>\n\n\n\n<h5 class=\"wp-block-heading\"><strong>Das enorme deutsch-franz\u00f6sische Erg\u00e4nzungspotential beschr\u00e4nkt sich jedoch nicht nur auf die Landeskulturen!<\/strong><\/h5>\n\n\n\n<p>Dieses Erg\u00e4nzungspotential wird durch die eigene Unternehmenskultur und vor allem die Pers\u00f6nlichkeitsstruktur verst\u00e4rkt bzw. relativiert. Daher ist es wichtig sich mit jedem Fall einzeln zu befassen, um die spezifischen Chancen und Risiken aufzudecken. Und diese sind unserer Erfahrung nach viel gr\u00f6\u00dfer als zwischen den meisten anderen (Management-) Kulturen.<\/p>\n\n\n\n<hr class=\"wp-block-separator has-text-color has-custom-jpb-yellow-color has-alpha-channel-opacity has-custom-jpb-yellow-background-color has-background is-style-wide\"\/>\n\n\n\n<div class=\"wp-block-group is-nowrap is-layout-flex wp-container-core-group-is-layout-6c531013 wp-block-group-is-layout-flex\">\n<div class=\"wp-block-outermost-icon-block\"><div class=\"icon-container has-icon-color\" style=\"color:#fa8e01;width:48px\"><svg xmlns=\"http:\/\/www.w3.org\/2000\/svg\" viewBox=\"0 0 24 24\" aria-hidden=\"true\"><path d=\"M16.7 7.1l-6.3 8.5-3.3-2.5-.9 1.2 4.5 3.4L17.9 8z\"><\/path><\/svg><\/div><\/div>\n\n\n\n<h2 class=\"wp-block-heading strorange\"><strong>FESTSTELLUNG NR.2: IN DER DEUTSCH-FRANZ\u00d6SISCH KOOPERATION BLEIBEN FAST 90% DES ERG\u00c4NZUNGSPOTENTIALS UNGENUTZT!<\/strong><\/h2>\n\n\n\n<h2 class=\"wp-block-heading strorange\"><\/h2>\n<\/div>\n\n\n\n<p><strong><strong>Drei wesentliche Faktoren sind daf\u00fcr verantwortlich:<\/strong><\/strong><\/p>\n\n\n\n<p><span class=\"dropcap yellow circle oneline\">1<\/span><strong>&nbsp;<strong>Die \u00dcberzeugung, dass die kulturellen Unterschiede zwischen beiden L\u00e4ndern keine gro\u00dfe Rolle spielen<\/strong><\/strong><\/p>\n\n\n\n<p>Die geografische N\u00e4he sowie die vermeintliche \u00c4hnlichkeit der Verhaltens-und Denkweisen k\u00f6nnen irref\u00fchrend sein. Die Verst\u00e4ndnisschwierigkeiten werden auf sprachliche Probleme, ja oft sogar auf b\u00f6swillige Absichten des jeweiligen Partners zur\u00fcckgef\u00fchrt! Jedoch haben Deutschland und Frankreich eine ganz unterschiedliche Geschichte durchlaufen und ihre Bildungssysteme sind weiterhin so verschieden, dass Gesch\u00e4ftsleute der beiden L\u00e4nder Businessprozesse oft v\u00f6llig gegens\u00e4tzlich managen (Projektmanagement, Aufbau einer Partnerschaft \u2013 um nur zwei Beispiele zu nennen).<\/p>\n\n\n\n<p><span class=\"dropcap  yellow circle oneline\">2<\/span><strong>&nbsp;<strong>Die Beziehungsebene kann \u00fcber ein simples Team Building geregelt werden<\/strong><\/strong><\/p>\n\n\n\n<p>Die Kommunikation im Unternehmen, die Kooperationsmechanismen und die (bewusst wahrgenommenen) kulturellen Unterschiede zwischen beiden L\u00e4ndern werden selten professionell behandelt. Damit ist der Weg frei f\u00fcr die Hauptverantwortlichen einer gescheiterten Kooperation: die &#8222;<a href=\"https:\/\/cookiedropping.com\/de\/emotionale-viren\/\" data-type=\"page\" data-id=\"3038\">emotionalen Viren<\/a>&#8222;.<\/p>\n\n\n\n<p>&#8222;Emotionale Viren\u201c greifen das Vertrauen und die Motivation an, beeintr\u00e4chtigen die Beziehungen, beg\u00fcnstigen egoistische Verhaltensweisen und verhindern die Entfaltung von Kreativit\u00e4t. Damit binden sie Energien und Ressourcen des Unternehmens f\u00fcr die L\u00f6sung von Beziehungsproblemen, anstatt diese auf die Kunden, die Innovation, den Markt und somit auf die Entwicklung der Gesch\u00e4fte zu konzentrieren.\u2028<\/p>\n\n\n\n<p><span class=\"dropcap  yellow circle oneline\">3<\/span><strong>&nbsp;<strong>Ein ungewisses oder gespanntes Umfeld<\/strong><\/strong><\/p>\n\n\n\n<p>Wenn im Rahmen einer Krise oder eines Interessenkonflikts pers\u00f6nliche oder nationale Interessen im Spiel sind, oder wenn man sich bedroht oder nicht respektiert f\u00fchrt, schaltet unser individueller \u201eAutopilot\u201c automatisch auf ein \u00dcberlebensprogramm um. Unbewusste \u00c4ngste lassen (alte) Vorurteile wieder aufleben und unter gro\u00dfem Druck wird jeder zu einer Karikatur seiner selbst. Und wenn man einander nicht mehr zuh\u00f6rt, f\u00fchren&nbsp;<strong>die deutsch-franz\u00f6sischen kulturellen Unterschiede<\/strong>&nbsp;zu gro\u00dfen Auseinandersetzungen, deren Ausma\u00df umgekehrt proportional zu dem eigentlichen Erg\u00e4nzungspotential ist!<\/p>\n\n\n\n<h2 class=\"wp-block-heading\">FAZIT<\/h2>\n\n\n\n<p>In Unkenntnis des enormen Erg\u00e4nzungspotentials, das man im Rahmen der meisten Kooperationen gewinnbringend nutzen k\u00f6nnte,&nbsp;<strong>werfen sich Deutsche und Franzosen eher ihre Unterschiede vor.<\/strong><\/p>\n\n\n\n<p>Diese Feststellung hat den Vorteil, dass der Spielraum f\u00fcr Fortschritte im Allgemeinen sehr gro\u00df ist und die ersten gezielten Ma\u00dfnahmen zur Verbesserung der Zusammenarbeit meist sehr schnell konkrete, operative Erfolge zeigen!<\/p>\n\n\n\n<hr class=\"wp-block-separator has-text-color has-custom-jpb-yellow-color has-alpha-channel-opacity has-custom-jpb-yellow-background-color has-background is-style-wide\"\/>\n\n\n\n<div class=\"wp-block-group is-nowrap is-layout-flex wp-container-core-group-is-layout-6c531013 wp-block-group-is-layout-flex\">\n<div class=\"wp-block-outermost-icon-block\"><div class=\"icon-container has-icon-color\" style=\"color:#fa8e01;width:48px\"><svg xmlns=\"http:\/\/www.w3.org\/2000\/svg\" viewBox=\"0 0 24 24\" aria-hidden=\"true\"><path d=\"M16.7 7.1l-6.3 8.5-3.3-2.5-.9 1.2 4.5 3.4L17.9 8z\"><\/path><\/svg><\/div><\/div>\n\n\n\n<h2 class=\"wp-block-heading strorange\"><strong>FESTSTELLUNG NR. 3: DEUTSCHE UND FRANZOSEN SIND IN EINER BEZIEHUNGSFALLE GEFANGEN, DIE UNWEIGERLICH IN EINE NEGATIVE SYNERGIESPIRAL M\u00dcNDET.<\/strong><\/h2>\n<\/div>\n\n\n\n<p><strong><strong>Aus ihrer \u00fcber 40-j\u00e4hrigen Erfahrung mit der Begleitung von Kooperationen zwischen beiden L\u00e4ndern und der Arbeit mit mehr als 20 000 Managern und Ingenieuren ergibt sich f\u00fcr die deutsch-franz\u00f6sischen Coachs von JPB eine aufschlussreiche Feststellung:<\/strong><\/strong><\/p>\n\n\n\n<p><strong>Die Franzosen misstrauen den Deutschen\u2026 und die Deutschen misstrauen den Franzosen!<\/strong><\/p>\n\n\n\n<p>Vorurteile und eigene Erfahrungen f\u00fchren zu unterschwelligen \u00c4ngsten, die zu Selbstl\u00e4ufern werden, welche wiederum \u2013 wie eine tragische Kom\u00f6die in 5 Akten \u2013 zwangsl\u00e4ufig zu einem Konflikt oder gar zum Bruch f\u00fchren\u2026\u2028<\/p>\n\n\n\n<p>Entdecken Sie hier eine Veranschaulichung dieser Themen anhand einer banalen, allt\u00e4glichen Situation: \u2028<a href=\"https:\/\/cookiedropping.com\/de\/deutsch-franzoesischer-beziehungsfall\/\" data-type=\"page\" data-id=\"3037\">Das erste Treffen zwischen einem Deutschen und einem Franzosen, die eine Zusammenarbeit beabsichtigen<\/a>.<\/p>\n\n\n\n<hr class=\"wp-block-separator has-text-color has-custom-jpb-yellow-color has-alpha-channel-opacity has-custom-jpb-yellow-background-color has-background is-style-wide\"\/>\n\n\n\n<div class=\"wp-block-columns is-layout-flex wp-container-core-columns-is-layout-28f84493 wp-block-columns-is-layout-flex\">\n<div class=\"wp-block-column is-layout-flow wp-block-column-is-layout-flow\" style=\"flex-basis:66.66%\">\n<h2 class=\"wp-block-heading strorange\">DAS GEGENMITTEL<\/h2>\n\n\n\n<p>Um das deutsch-franz\u00f6sische Erg\u00e4nzungspotential zu nutzen muss man\u2026<\/p>\n\n\n\n<ol class=\"wp-block-list\">\n<li>die kulturellen Bezugspunkte des Anderen verstehen, um ihn zu akzeptieren,<\/li>\n\n\n\n<li>eine Vertrauensbasis schaffen und pflegen, und zwar \u00fcber die (beruflichen) Interessenkonflikte hinaus.<\/li>\n<\/ol>\n\n\n\n<ul class=\"list-small-arrows wp-block-list\">\n<li>Patentrezepte gibt es nicht, daf\u00fcr aber eine&nbsp;<strong class=\"strorange\">Reihe von Best Practices und unz\u00e4hlige deutsch-franz\u00f6sische Management-L\u00f6sungen<\/strong>, die wir seit langen Jahren erproben.<\/li>\n<\/ul>\n\n\n\n<p>Die hohe Kunst des Experten liegt darin, die Symptome zu erkennen und unmittelbar mit dem richtigen Gegenmittel zu bek\u00e4mpfen.<\/p>\n<\/div>\n\n\n\n<div class=\"wp-block-column is-layout-flow wp-block-column-is-layout-flow\" style=\"flex-basis:33.33%\">\n<blockquote class=\"wp-block-quote is-layout-flow wp-block-quote-is-layout-flow\">\n<p><em>\u00ab Verstehen allein reicht nicht! Die jeweiligen Partner m\u00fcssen sich in ihrem Weltbild respektiert f\u00fchlen \u00bb<\/em><\/p>\n<cite>JPB Consulting<\/cite><\/blockquote>\n\n\n\n<figure class=\"wp-block-image size-full\"><img loading=\"lazy\" decoding=\"async\" width=\"355\" height=\"267\" src=\"https:\/\/cookiedropping.com\/wp-content\/uploads\/2013\/12\/GABS-Wertloses-Zeug-0-_-D5.jpg\" alt=\"\" class=\"wp-image-2470\" srcset=\"https:\/\/cookiedropping.com\/wp-content\/uploads\/2013\/12\/GABS-Wertloses-Zeug-0-_-D5.jpg 355w, https:\/\/cookiedropping.com\/wp-content\/uploads\/2013\/12\/GABS-Wertloses-Zeug-0-_-D5-300x226.jpg 300w\" sizes=\"auto, (max-width: 355px) 100vw, 355px\" \/><\/figure>\n<\/div>\n<\/div>\n\n\n\n<hr class=\"wp-block-separator has-text-color has-custom-jpb-yellow-color has-alpha-channel-opacity has-custom-jpb-yellow-background-color has-background is-style-wide\"\/>\n\n\n\n<h4 class=\"wp-block-heading\">ZUR VERTIEFUNG DIESES THEMAS\u2026<\/h4>\n\n\n\n<p><span class=\"dropcap yellow oneline\">1<\/span><a href=\"https:\/\/cookiedropping.com\/de\/berechenbare-franzosen\/\" data-type=\"page\" data-id=\"3040\">\u00a0\u00a0Wann Franzosen berechenbar werden<\/a><\/p>\n\n\n\n<hr class=\"wp-block-separator has-text-color has-custom-jpb-yellow-color has-alpha-channel-opacity has-custom-jpb-yellow-background-color has-background is-style-wide\"\/>\n\n\n\n<h2 class=\"wp-block-heading\" style=\"text-transform:uppercase\">Entdecken Sie die typisch deutsch-franz\u00f6sischen Fallen Ihrer Kooperations-Konstellation<\/h2>\n\n\n\n<div class=\"wp-block-columns has-contrast-color has-text-color is-layout-flex wp-container-core-columns-is-layout-28f84493 wp-block-columns-is-layout-flex\">\n<div class=\"wp-block-column has-border-color has-tertiary-border-color is-layout-flow wp-block-column-is-layout-flow\" style=\"border-width:1px\">\n<figure class=\"wp-block-image aligncenter size-full\"><img loading=\"lazy\" decoding=\"async\" width=\"150\" height=\"150\" src=\"https:\/\/cookiedropping.com\/wp-content\/uploads\/2014\/01\/Relation_Maison_mere_Filiale.jpg\" alt=\"Relation entre la maison m\u00e8re et la filiale\" class=\"wp-image-439\"\/><figcaption class=\"wp-element-caption\"><a href=\"https:\/\/cookiedropping.com\/de\/tochtergesellschaft\/\" data-type=\"page\" data-id=\"3030\">Mutter- &amp; Tochter- Gesellschaft<\/a><\/figcaption><\/figure>\n<\/div>\n\n\n\n<div class=\"wp-block-column has-border-color has-tertiary-border-color is-layout-flow wp-block-column-is-layout-flow\" style=\"border-width:1px\">\n<figure class=\"wp-block-image aligncenter size-full\"><img loading=\"lazy\" decoding=\"async\" width=\"150\" height=\"150\" src=\"https:\/\/cookiedropping.com\/wp-content\/uploads\/2014\/01\/Relation_Client_Fournisseur1.jpg\" alt=\"Relation Client Fournisseur\" class=\"wp-image-438\"\/><figcaption class=\"wp-element-caption\"><a href=\"#\"><\/a><a href=\"https:\/\/cookiedropping.com\/de\/kunde\/\" data-type=\"page\" data-id=\"3031\">Kunde und Lieferant<\/a><\/figcaption><\/figure>\n<\/div>\n\n\n\n<div class=\"wp-block-column has-border-color has-tertiary-border-color is-layout-flow wp-block-column-is-layout-flow\" style=\"border-width:1px\">\n<figure class=\"wp-block-image aligncenter size-full\"><img loading=\"lazy\" decoding=\"async\" width=\"150\" height=\"150\" src=\"https:\/\/cookiedropping.com\/wp-content\/uploads\/2014\/01\/Fusion_Acquisition.jpg\" alt=\"\" class=\"wp-image-436\"\/><figcaption class=\"wp-element-caption\"><a href=\"#\"><\/a><a href=\"https:\/\/cookiedropping.com\/de\/mergers\/\" data-type=\"page\" data-id=\"3032\">Merger &amp; Acquisition \/ PMI<\/a><\/figcaption><\/figure>\n<\/div>\n\n\n\n<div class=\"wp-block-column has-border-color has-tertiary-border-color is-layout-flow wp-block-column-is-layout-flow\" style=\"border-width:1px\">\n<figure class=\"wp-block-image aligncenter size-full\"><img loading=\"lazy\" decoding=\"async\" width=\"150\" height=\"150\" src=\"https:\/\/cookiedropping.com\/wp-content\/uploads\/2014\/01\/Changement_Reorganisation.jpg\" alt=\"\" class=\"wp-image-435\"\/><figcaption class=\"wp-element-caption\"><a href=\"https:\/\/cookiedropping.com\/de\/umstrukturierung\/\" data-type=\"page\" data-id=\"3033\">Change, Neuorganisation, Umstrukturierung<\/a><\/figcaption><\/figure>\n<\/div>\n\n\n\n<div class=\"wp-block-column has-border-color has-tertiary-border-color is-layout-flow wp-block-column-is-layout-flow\" style=\"border-width:1px\">\n<figure class=\"wp-block-image aligncenter size-full\"><img loading=\"lazy\" decoding=\"async\" width=\"150\" height=\"150\" src=\"https:\/\/cookiedropping.com\/wp-content\/uploads\/2014\/01\/Managment_dequipe.jpg\" alt=\"\" class=\"wp-image-437\"\/><figcaption class=\"wp-element-caption\"><a href=\"https:\/\/cookiedropping.com\/de\/projektmanagement\/\" data-type=\"page\" data-id=\"3069\">Team- &amp; Projekt-Management<\/a><\/figcaption><\/figure>\n<\/div>\n<\/div>\n\n\n\n<div class=\"wp-block-buttons is-layout-flex wp-block-buttons-is-layout-flex\">\n<div class=\"wp-block-button\"><a class=\"wp-block-button__link wp-element-button\" href=\"https:\/\/cookiedropping.com\/de\/leistungen\/\"><strong>Entdecken Sie unser Beratungsspektrum f\u00fcr deutsch-franz\u00f6sisches Management<\/strong><\/a><\/div>\n<\/div>\n\n\n\n<hr class=\"wp-block-separator has-text-color has-custom-jpb-yellow-color has-alpha-channel-opacity has-custom-jpb-yellow-background-color has-background is-style-wide\"\/>\n\n\n\n<div class=\"wp-block-columns has-contrast-color has-text-color is-layout-flex wp-container-core-columns-is-layout-28f84493 wp-block-columns-is-layout-flex\">\n<div class=\"wp-block-column is-layout-flow wp-block-column-is-layout-flow\" style=\"padding-top:1em;padding-right:1em;padding-bottom:1em;padding-left:1em\">\n<div class=\"wp-block-group is-nowrap is-layout-flex wp-container-core-group-is-layout-f66f9956 wp-block-group-is-layout-flex\">\n<div class=\"wp-block-outermost-icon-block\"><div class=\"icon-container\" style=\"width:2.5em\"><svg xmlns=\"http:\/\/www.w3.org\/2000\/svg\" width=\"16\" height=\"16\" viewBox=\"0 0 16 16\"><path fill=\"currentColor\" d=\"M11 2.5a2.5 2.5 0 1 1 .603 1.628l-6.718 3.12a2.5 2.5 0 0 1 0 1.504l6.718 3.12a2.5 2.5 0 1 1-.488.876l-6.718-3.12a2.5 2.5 0 1 1 0-3.256l6.718-3.12A2.5 2.5 0 0 1 11 2.5\"><\/path><\/svg><\/div><\/div>\n\n\n\n<div class=\"wp-block-group is-vertical is-layout-flex wp-container-core-group-is-layout-fe9cc265 wp-block-group-is-layout-flex\">\n<p>Bestimmt kennen Sie Kollegen, die mit deutsch-franz\u00f6sischen Problemstellungen konfrontiert sind?<\/p>\n\n\n\n<p>Empfehlen Sie diese Seite m\u00f6glichen Interessenten!<\/p>\n<\/div>\n<\/div>\n<\/div>\n\n\n\n<div class=\"wp-block-column has-tertiary-background-color has-background is-layout-flow wp-block-column-is-layout-flow\" style=\"padding-top:1em;padding-right:1em;padding-bottom:1em;padding-left:1em\">\n<div class=\"wp-block-group is-nowrap is-layout-flex wp-container-core-group-is-layout-f66f9956 wp-block-group-is-layout-flex\">\n<div class=\"wp-block-outermost-icon-block\"><div class=\"icon-container\" style=\"width:3em\"><svg xmlns=\"http:\/\/www.w3.org\/2000\/svg\" width=\"36\" height=\"36\" viewBox=\"0 0 36 36\"><path fill=\"currentColor\" d=\"M32 6H4a2 2 0 0 0-2 2v20a2 2 0 0 0 2 2h28a2 2 0 0 0 2-2V8a2 2 0 0 0-2-2m-1.54 22H5.66l7-7.24l-1.44-1.39L4 26.84V9.52l12.43 12.37a2 2 0 0 0 2.82 0L32 9.21v17.5l-7.36-7.36l-1.41 1.41ZM5.31 8h25.07L17.84 20.47Z\" class=\"clr-i-outline clr-i-outline-path-1\"><\/path><path fill=\"none\" d=\"M0 0h36v36H0z\"><\/path><\/svg><\/div><\/div>\n\n\n\n<p>Kontakt:<br>00.33.1.39.16.95.17<br><a href=\"mailto:jpb@cookiedropping.com\" target=\"_blank\" rel=\"jpb@cookiedropping.com noopener nofollow\">jpb@cookiedropping.com<\/a><\/p>\n<\/div>\n<\/div>\n<\/div>\n","protected":false},"excerpt":{"rendered":"<p>Wie Deutsche und Franzosen ihr enormes Erg\u00e4nzungspotential im Management vergeuden FESTSTELLUNG NR. 1: DEUTSCHE UND FRANZOSEN ERG\u00c4NZEN EINANDER IDEAL\u2026 aufgrund \u2013 und trotz \u2013 ihrer deutsch-franz\u00f6sischen Unterschiede! Dieses Thema taucht immer wieder in den Kommentaren und Diskussionen \u00fcber deutsch-franz\u00f6sische (Gesch\u00e4fts-) Beziehungen auf. Dank ihrer langj\u00e4hrigen Erfahrungen im deutsch-franz\u00f6sischen Coaching und Consulting k\u00f6nnen die Pioniere von [&hellip;]<\/p>\n","protected":false},"author":1,"featured_media":2420,"parent":0,"menu_order":0,"comment_status":"closed","ping_status":"closed","template":"wp-custom-template-page-jpb","meta":{"advgb_blocks_editor_width":"","advgb_blocks_columns_visual_guide":"","footnotes":""},"class_list":["post-3039","page","type-page","status-publish","has-post-thumbnail","hentry"],"coauthors":[],"author_meta":{"author_link":"https:\/\/cookiedropping.com\/de\/author\/mbd-berlin\/","display_name":"mbd.berlin"},"relative_dates":{"created":"Posted 2\u00a0Jahren ago","modified":"Updated 2\u00a0Jahren ago"},"absolute_dates":{"created":"Posted on Dezember 20, 2023","modified":"Updated on Februar 2, 2024"},"absolute_dates_time":{"created":"Posted on Dezember 20, 2023 5:47 p.m.","modified":"Updated on Februar 2, 2024 6:25 p.m."},"featured_img_caption":"","featured_img":"https:\/\/cookiedropping.com\/wp-content\/uploads\/2014\/05\/d5-complementarite-franco-allemandev2.jpg","series_order":"","_links":{"self":[{"href":"https:\/\/cookiedropping.com\/de\/wp-json\/wp\/v2\/pages\/3039","targetHints":{"allow":["GET"]}}],"collection":[{"href":"https:\/\/cookiedropping.com\/de\/wp-json\/wp\/v2\/pages"}],"about":[{"href":"https:\/\/cookiedropping.com\/de\/wp-json\/wp\/v2\/types\/page"}],"author":[{"embeddable":true,"href":"https:\/\/cookiedropping.com\/de\/wp-json\/wp\/v2\/users\/1"}],"replies":[{"embeddable":true,"href":"https:\/\/cookiedropping.com\/de\/wp-json\/wp\/v2\/comments?post=3039"}],"version-history":[{"count":13,"href":"https:\/\/cookiedropping.com\/de\/wp-json\/wp\/v2\/pages\/3039\/revisions"}],"predecessor-version":[{"id":6814,"href":"https:\/\/cookiedropping.com\/de\/wp-json\/wp\/v2\/pages\/3039\/revisions\/6814"}],"wp:featuredmedia":[{"embeddable":true,"href":"https:\/\/cookiedropping.com\/de\/wp-json\/wp\/v2\/media\/2420"}],"wp:attachment":[{"href":"https:\/\/cookiedropping.com\/de\/wp-json\/wp\/v2\/media?parent=3039"}],"curies":[{"name":"wp","href":"https:\/\/api.w.org\/{rel}","templated":true}]}}