{"id":3040,"date":"2023-12-20T17:46:50","date_gmt":"2023-12-20T17:46:50","guid":{"rendered":"https:\/\/cookiedropping.com\/?page_id=3040"},"modified":"2024-02-21T18:39:57","modified_gmt":"2024-02-21T18:39:57","slug":"berechenbare-franzosen","status":"publish","type":"page","link":"https:\/\/cookiedropping.com\/de\/berechenbare-franzosen\/","title":{"rendered":"Franz\u00f6sische Partner zu Konsequenz und Berechenbarkeit bewegen: ein Wunschtraum?"},"content":{"rendered":"\n<div class=\"wp-block-cover alignwide is-light\" style=\"min-height:314px;aspect-ratio:unset;\"><span aria-hidden=\"true\" class=\"wp-block-cover__background has-background-dim-0 has-background-dim\"><\/span><img loading=\"lazy\" decoding=\"async\" width=\"940\" height=\"250\" src=\"https:\/\/cookiedropping.com\/wp-content\/uploads\/2014\/05\/d4-convaincre-franco-allemandv2.jpg\" class=\"wp-block-cover__image-background wp-post-image\" alt=\"\" data-object-fit=\"cover\" srcset=\"https:\/\/cookiedropping.com\/wp-content\/uploads\/2014\/05\/d4-convaincre-franco-allemandv2.jpg 940w, https:\/\/cookiedropping.com\/wp-content\/uploads\/2014\/05\/d4-convaincre-franco-allemandv2-300x80.jpg 300w, https:\/\/cookiedropping.com\/wp-content\/uploads\/2014\/05\/d4-convaincre-franco-allemandv2-768x204.jpg 768w\" sizes=\"auto, (max-width: 940px) 100vw, 940px\" \/><div class=\"wp-block-cover__inner-container is-layout-flow wp-block-cover-is-layout-flow\">\n<div class=\"wp-block-group is-content-justification-left is-nowrap is-layout-flex wp-container-core-group-is-layout-c1c43fa8 wp-block-group-is-layout-flex\" style=\"margin-top:0;margin-bottom:0;padding-top:0;padding-right:0;padding-bottom:0;padding-left:0\">\n<p class=\"header-whiteline\" style=\"margin-top:0em;margin-right:0;margin-bottom:0;margin-left:var(--wp--preset--spacing--30);padding-top:0.17em;padding-right:0.17em;padding-bottom:0.17em;padding-left:0.17em;font-size:clamp(1.039em, 1.039rem + ((1vw - 0.2em) * 1.02), 1.6em);\"><strong><strong><strong><strong><strong><strong>Unzuverl\u00e4ssige Franzosen?<\/strong><\/strong><\/strong><\/strong><\/strong><\/strong><\/p>\n<\/div>\n\n\n\n<div class=\"wp-block-group is-nowrap is-layout-flex wp-container-core-group-is-layout-7489f87b wp-block-group-is-layout-flex\" style=\"margin-top:0px;margin-bottom:0px;padding-top:0\">\n<p class=\"has-text-align-left header-yellowline\" style=\"margin-top:0;margin-bottom:0em;margin-left:var(--wp--preset--spacing--30);padding-top:0.17em;padding-right:0.17em;padding-bottom:0.17em;padding-left:0.17em;font-size:clamp(1.039em, 1.039rem + ((1vw - 0.2em) * 1.02), 1.6em);\"><strong><strong><strong><strong><strong><strong>Eine Frage des Blickwinkels!<\/strong><\/strong><\/strong><\/strong><\/strong><\/strong><\/p>\n<\/div>\n<\/div><\/div>\n\n\n<h2 class=\"wp-block-post-title\">Franz\u00f6sische Partner zu Konsequenz und Berechenbarkeit bewegen: ein Wunschtraum?<\/h2>\n\n\n<div class=\"wp-block-group is-nowrap is-layout-flex wp-container-core-group-is-layout-b79ae030 wp-block-group-is-layout-flex\" style=\"padding-right:0px;padding-left:0px;font-size:0.8em\">\n<p>Lire cette page \u00e0 partir d&#8217;un point de vue fran\u00e7ais:<\/p>\n\n\n\n<div class=\"wp-block-group lang-inline has-global-padding is-content-justification-left is-layout-constrained wp-container-core-group-is-layout-eec01751 wp-block-group-is-layout-constrained\" style=\"padding-right:0px;padding-left:0px\">\n<div class=\"wpml-ls-statics-shortcode_actions wpml-ls wpml-ls-legacy-list-horizontal\">\n\t<ul role=\"menu\"><li class=\"wpml-ls-slot-shortcode_actions wpml-ls-item wpml-ls-item-fr wpml-ls-first-item wpml-ls-last-item wpml-ls-item-legacy-list-horizontal\" role=\"none\">\n\t\t\t\t<a href=\"https:\/\/cookiedropping.com\/\" class=\"wpml-ls-link\" role=\"menuitem\"  aria-label=\"Zu Franz\u00f6sisch wechseln\" title=\"Zu Franz\u00f6sisch wechseln\" >\n                    <span class=\"wpml-ls-display\">Franz\u00f6sisch<\/span><\/a>\n\t\t\t<\/li><\/ul>\n<\/div>\n\n<\/div>\n<\/div>\n\n\n\n<h2 class=\"wp-block-heading\">\u2026 EIN ECHTES PROBLEM F\u00dcR VIELE DEUTSCHE!<\/h2>\n\n\n\n<div class=\"wp-block-columns is-layout-flex wp-container-core-columns-is-layout-28f84493 wp-block-columns-is-layout-flex\">\n<div class=\"wp-block-column is-layout-flow wp-block-column-is-layout-flow\" style=\"flex-basis:66.66%\">\n<p>\u00dcber 30 Jahre Erfahrung in der Begleitung von deutsch-franz\u00f6sischen Kooperationen und die Zusammenarbeit mit \u00fcber 20 000 deutschen und franz\u00f6sischen Managern zeigen:<br>F\u00fcr die Experten von JPB belegt eine Frage ganz klar&nbsp;<strong class=\"strorange\">Platz 1 der Hit-Parade der Schwierigkeiten<\/strong>, die Deutsche in der Zusammenarbeit mit Franzosen&nbsp;<strong class=\"strorange\">empfinden:<\/strong><\/p>\n\n\n\n<h3 class=\"wp-block-heading\"><em>\u2026 IST ES \u00dcBERHAUPT M\u00d6GLICH, FRANZ\u00d6SISCHE PARTNER DAZU ZU BEWEGEN, KONSEQUENT UND BERECHENBAR ZU WERDEN?<\/em><\/h3>\n\n\n\n<p>Diese Frage ergibt sich meistens aus\u00a0<strong class=\"strorange\">leidvollen Erfahrungen<\/strong>\u00a0mit:<br>&#8211; nicht eingehaltenen Prozessen und Vereinbarungen,<br>&#8211; nicht kommunizierten bzw. unabgestimmten (Entscheidungs-) \u00c4nderungen,<br>&#8211; nicht nachvollziehbaren Meinungs\u00e4nderungen\u2026 zumindest scheinen die Ereignisse oftmals so, aus deutscher Wahrnehmung. Solche Erfahrungen f\u00fchren in ihrer Wiederholung zu dem\u00a0<strong class=\"strorange\">Gesamteindruck, Franzosen seien unzuverl\u00e4ssig und konzeptlos<\/strong>. Dieser Eindruck l\u00f6st bei Deutschen erhebliche Ver\u00e4rgerung aus, und durch regelm\u00e4\u00dfiges Ansprechen dieser Wahrnehmungen mit deutschen Kollegen pr\u00e4gen bzw. verfestigen sich derartige Vorurteile.<br>Die Reaktionen, die Deutsche in solchen Situationen (besonders unter Zeitdruck) aufzeigen, l\u00f6sen Gegenreaktionen auf franz\u00f6sischer Seite aus, die dazu f\u00fchren, dass v\u00f6llig aneinander vorbei gesprochen wird. Die dadurch entstehenden Kettenreaktionen verwandeln sich in wahrhafte Teufelsspiralen. Siehe dazu:\u00a0<a data-type=\"page\" data-id=\"3037\" href=\"https:\/\/cookiedropping.com\/de\/deutsch-franzoesischer-beziehungsfall\/\">Die deutsch-franz\u00f6sische Beziehungsfalle<\/a>.<\/p>\n<\/div>\n\n\n\n<div class=\"wp-block-column is-layout-flow wp-block-column-is-layout-flow\" style=\"flex-basis:33.33%\">\n<figure class=\"wp-block-image size-full\"><img loading=\"lazy\" decoding=\"async\" width=\"355\" height=\"275\" src=\"https:\/\/cookiedropping.com\/wp-content\/uploads\/2013\/12\/GABS-Punktlichkeit.jpg\" alt=\"\" class=\"wp-image-2464\" srcset=\"https:\/\/cookiedropping.com\/wp-content\/uploads\/2013\/12\/GABS-Punktlichkeit.jpg 355w, https:\/\/cookiedropping.com\/wp-content\/uploads\/2013\/12\/GABS-Punktlichkeit-300x232.jpg 300w\" sizes=\"auto, (max-width: 355px) 100vw, 355px\" \/><\/figure>\n<\/div>\n<\/div>\n\n\n\n<p>In Wirklichkeit ist die tats\u00e4chliche Neigung von Franzosen zu Ver\u00e4nderungen keineswegs ein Symptom f\u00fcr Unzuverl\u00e4ssigkeit und Konzeptlosigkeit. Die tr\u00fcgerische und ab- \/ bewertende Wahrnehmung hat mit deutscher Business-Kultur zu tun:<\/p>\n\n\n\n<h3 class=\"wp-block-heading\"><span class=\"dropcap circle yellow oneline\">1<\/span>VORSICHT VOR DEM \u00dcBERTRAGEN UNSERER DEUTSCHEN DENKSTRUKTUR AUF FRANZOSEN!<\/h3>\n\n\n\n<p>Abgesehen vom Einfluss der Pers\u00f6nlichkeitsstrukturen, sind charakteristische Merkmale der deutschen (Business-) Kultur das Streben nach:<br>&#8211; Berechenbarkeit bzw. Vorhersehbarkeit sicherzustellen,<br>&#8211; die Zukunft in den Griff zu bekommen,<br>&#8211; Projekte durch gute Struktur und Planung unter Kontrolle zu bekommen und zu halten,<br>&#8211; Best\u00e4ndigkeit zu pflegen, solange kein Nutzen vorhanden ist, einen Wechsel einzuleiten usw.<\/p>\n\n\n\n<p>Diese Vorstellungen und Praktiken sind nat\u00fcrlich auf Geschichte und Erziehungssysteme zur\u00fcckzuf\u00fchren. Daraus sind im Laufe der Jahrzehnte (in Deutschland) Grund\u00fcberzeugungen entstanden, was man unter &#8222;effizientem Management&#8220; versteht. Entsprechende deutsche Management-Praktiken f\u00fchren oftmals dazu, dass man&nbsp;<strong class=\"strorange\">international vereinheitlichte Management-Tools und -Ans\u00e4tze unbemerkt anders als Franzosen auslegt<\/strong>&nbsp;und in der Anwendung &#8222;verdeutscht&#8220;.<\/p>\n\n\n\n<p>In der deutsch-franz\u00f6sischen Zusammenarbeit f\u00fchrt dies zu Missverst\u00e4ndnisse und Missstimmungen, weil man&nbsp;<strong class=\"strorange\">das, was deutschen &#8222;Effizienzvorstellungen&#8220; entspricht, bei franz\u00f6sischen Partnern bem\u00e4ngelt.<\/strong><\/p>\n\n\n\n<p>Erschwerend kommt bei den deutsch-franz\u00f6sischen Gesch\u00e4ftsbeziehungen folgendes hinzu: Aus deutscher Sicht zieht man aus der Existenz von zahlreichen technischen und wirtschaftlichen Spitzenleistungen der Franzosen unbewusst den Schluss, dass Franzosen \u00e4hnliche Effizienzvorstellungen wie Deutsche haben. Umso unverst\u00e4ndlicher ist dann, wenn man feststellt, dass franz\u00f6sische Kollegen in der Zusammenarbeit laufend wieder infrage stellen und h\u00e4ufig Planungen und Prozesse nicht einhalten.<\/p>\n\n\n\n<h3 class=\"wp-block-heading\"><span class=\"dropcap circle yellow oneline\">2<\/span>HINTER DEM SCHEINBAREN FRANZ\u00d6SISCHEN CHAOS STECKT ABER SYSTEM<\/h3>\n\n\n\n<p>Wenn man sich als Ziel vornimmt, eine Zusammenarbeit &#8222;effizient&#8220; zu gestalten,&nbsp;<strong class=\"strorange\">bringt es einen nicht weiter, dem Partner seine Andersartigkeit vorzuwerfen!<\/strong>&nbsp;Jede Kultur ist in sich schl\u00fcssig, mit ihren St\u00e4rken und mit ihren Grenzen.<\/p>\n\n\n\n<p>Deswegen ist es von gr\u00f6\u00dfter Bedeutung,&nbsp;<strong class=\"strorange\">sich die Zeit zu nehmen, die franz\u00f6sische Denkstruktur nachzuvollziehen, um deren in sich schl\u00fcssige &#8222;Intelligenz&#8220; zu erkennen.<\/strong><\/p>\n\n\n\n<p>\u2028\u2028In gewissen Situationen merkt man dann auch als Deutscher, dass die franz\u00f6sische Vorgehensweise erhebliche Vorteile mit sich bringt und man auch Vieles davon lernen kann.<\/p>\n\n\n\n<h3 class=\"wp-block-heading\"><span class=\"dropcap circle yellow oneline\">3<\/span>WENN MAN SICH GESCHICKT VERH\u00c4LT, K\u00d6NNEN FRANZ\u00d6SISCHE PARTNER SEHR ZUVERL\u00c4SSIG WERDEN<\/h3>\n\n\n\n<p>Voraussetzung daf\u00fcr ist es,&nbsp;<strong class=\"strorange\">eine gegenseitige Wertsch\u00e4tzung aufzubauen, die beide Seiten dazu f\u00fchrt, sich auf den Partner nicht nur einzustellen, sondern ihm sogar entgegenzukommen.<\/strong><\/p>\n\n\n\n<p>Erst so beginnt dann auch das konkrete Aussch\u00f6pfen des einzigartigen Synergiepotentials zwischen Deutschen und franz\u00f6sischen (Gesch\u00e4fts-) Partnern.\u2028<\/p>\n\n\n\n<p>Unter g\u00fcnstigen Umst\u00e4nden merkt man, dass viele Franzosen die deutsche Effizienz bewundern. Diese wird mit dem Begriff &#8222;rigueur allemande&#8220; bezeichnet. Wobei das Wort &#8222;rigueur&#8220; auf Franz\u00f6sisch keineswegs den negativen Beigeschmack der Strenge beinhaltet, den wir mit dem deutschen Wort &#8222;rigoros&#8220; verbinden. Immer wieder wird in Frankreich das &#8222;deutsche Vorbild&#8220; (mod\u00e8le allemand) hervorgehoben. Damit diese Bewunderung sich nicht nur auf eine intellektuelle Modell-Ebene beschr\u00e4nkt, sondern auch dazu f\u00fchrt, dass sich der Franzose bem\u00fcht, sich nach diesem Vorbild zu verhalten, bedarf es jedoch bestimmter Umst\u00e4nde, die viel mit dem Mindset und mit dem Verhalten seines deutschen Partners zu tun hat.<\/p>\n\n\n\n<p><strong class=\"strorange\">Sie werden sich wundern, welche Bem\u00fchungen Franzosen bereit sind, zu unternehmen, um Ihnen in Richtung &#8222;deutsche Berechenbarkeit&#8220; entgegenzukommen\u2026 vorausgesetzt Sie verstehen es, eine Wertsch\u00e4tzung mit Ihren franz\u00f6sischen Counterparts aufzubauen.<\/strong>\u2028<\/p>\n\n\n\n<hr class=\"wp-block-separator has-text-color has-custom-jpb-yellow-color has-alpha-channel-opacity has-custom-jpb-yellow-background-color has-background is-style-wide\"\/>\n\n\n\n<p>Nun als Antwort zur urspr\u00fcnglichen Frage:<\/p>\n\n\n\n<h3 class=\"wp-block-heading\">ES IST DURCHAUS M\u00d6GLICH, FRANZ\u00d6SISCHE PARTNER DAZU ZU BEWEGEN, IM DEUTSCHEN SINN KONSEQUENT UND BERECHENBAR ZU WERDEN.<\/h3>\n\n\n\n<p>\u2028<strong>Nur ist es Aufgabe der deutschen Partner, sie dazu zu motivieren!<\/strong><\/p>\n\n\n\n<p>Dazu geh\u00f6rt im besten Fall Intuition oder zumindest das&nbsp;<strong>Bewusstsein \u00fcber die Vorgehensweise<\/strong>, aber auch die Bereitschaft, die entsprechende Zeit daf\u00fcr aufzubringen.<\/p>\n\n\n\n<p>Die Erfahrung unserer Kunden zeigt immer wieder: \u2028<strong>der erforderliche Zeitaufwand zahlt sich bei weitem aus!<\/strong>\u2028<\/p>\n\n\n\n<ul class=\"list-small-arrows wp-block-list\">\n<li><strong><strong>Vereinfachen Sie sich das Leben in der Zusammenarbeit mit Franzosen: Lernen Sie wie man die Wertsch\u00e4tzung eines Franzosen erzeugt. M\u00f6glicherweise erleben Sie dann die erfolgreiche Kombination zwischen Effizienz und Freude an der deutsch-franz\u00f6sischen Zusammenarbeit.<\/strong><\/strong><\/li>\n<\/ul>\n\n\n\n<hr class=\"wp-block-separator has-text-color has-custom-jpb-yellow-color has-alpha-channel-opacity has-custom-jpb-yellow-background-color has-background is-style-wide\"\/>\n\n\n\n<h2 class=\"wp-block-heading\" style=\"text-transform:uppercase\">Entdecken Sie die typisch deutsch-franz\u00f6sischen Fallen Ihrer Kooperations-Konstellation<\/h2>\n\n\n\n<div class=\"wp-block-columns has-contrast-color has-text-color is-layout-flex wp-container-core-columns-is-layout-28f84493 wp-block-columns-is-layout-flex\">\n<div class=\"wp-block-column has-border-color has-tertiary-border-color is-layout-flow wp-block-column-is-layout-flow\" style=\"border-width:1px\">\n<figure class=\"wp-block-image aligncenter size-full\"><img loading=\"lazy\" decoding=\"async\" width=\"150\" height=\"150\" src=\"https:\/\/cookiedropping.com\/wp-content\/uploads\/2014\/01\/Relation_Maison_mere_Filiale.jpg\" alt=\"Relation entre la maison m\u00e8re et la filiale\" class=\"wp-image-439\"\/><figcaption class=\"wp-element-caption\"><a href=\"https:\/\/cookiedropping.com\/de\/tochtergesellschaft\/\" data-type=\"page\" data-id=\"3030\">Mutter- &amp; Tochter- Gesellschaft<\/a><\/figcaption><\/figure>\n<\/div>\n\n\n\n<div class=\"wp-block-column has-border-color has-tertiary-border-color is-layout-flow wp-block-column-is-layout-flow\" style=\"border-width:1px\">\n<figure class=\"wp-block-image aligncenter size-full\"><img loading=\"lazy\" decoding=\"async\" width=\"150\" height=\"150\" src=\"https:\/\/cookiedropping.com\/wp-content\/uploads\/2014\/01\/Relation_Client_Fournisseur1.jpg\" alt=\"Relation Client Fournisseur\" class=\"wp-image-438\"\/><figcaption class=\"wp-element-caption\"><a href=\"#\"><\/a><a href=\"https:\/\/cookiedropping.com\/de\/kunde\/\" data-type=\"page\" data-id=\"3031\">Kunde und Lieferant<\/a><\/figcaption><\/figure>\n<\/div>\n\n\n\n<div class=\"wp-block-column has-border-color has-tertiary-border-color is-layout-flow wp-block-column-is-layout-flow\" style=\"border-width:1px\">\n<figure class=\"wp-block-image aligncenter size-full\"><img loading=\"lazy\" decoding=\"async\" width=\"150\" height=\"150\" src=\"https:\/\/cookiedropping.com\/wp-content\/uploads\/2014\/01\/Fusion_Acquisition.jpg\" alt=\"\" class=\"wp-image-436\"\/><figcaption class=\"wp-element-caption\"><a href=\"#\"><\/a><a href=\"https:\/\/cookiedropping.com\/de\/mergers\/\" data-type=\"page\" data-id=\"3032\">Merger &amp; Acquisition \/ PMI<\/a><\/figcaption><\/figure>\n<\/div>\n\n\n\n<div class=\"wp-block-column has-border-color has-tertiary-border-color is-layout-flow wp-block-column-is-layout-flow\" style=\"border-width:1px\">\n<figure class=\"wp-block-image aligncenter size-full\"><img loading=\"lazy\" decoding=\"async\" width=\"150\" height=\"150\" src=\"https:\/\/cookiedropping.com\/wp-content\/uploads\/2014\/01\/Changement_Reorganisation.jpg\" alt=\"\" class=\"wp-image-435\"\/><figcaption class=\"wp-element-caption\"><a href=\"https:\/\/cookiedropping.com\/de\/umstrukturierung\/\" data-type=\"page\" data-id=\"3033\">Change, Neuorganisation, Umstrukturierung<\/a><\/figcaption><\/figure>\n<\/div>\n\n\n\n<div class=\"wp-block-column has-border-color has-tertiary-border-color is-layout-flow wp-block-column-is-layout-flow\" style=\"border-width:1px\">\n<figure class=\"wp-block-image aligncenter size-full\"><img loading=\"lazy\" decoding=\"async\" width=\"150\" height=\"150\" src=\"https:\/\/cookiedropping.com\/wp-content\/uploads\/2014\/01\/Managment_dequipe.jpg\" alt=\"\" class=\"wp-image-437\"\/><figcaption class=\"wp-element-caption\"><a href=\"https:\/\/cookiedropping.com\/de\/projektmanagement\/\" data-type=\"page\" data-id=\"3069\">Team- &amp; Projekt-Management<\/a><\/figcaption><\/figure>\n<\/div>\n<\/div>\n\n\n\n<div class=\"wp-block-buttons is-layout-flex wp-block-buttons-is-layout-flex\">\n<div class=\"wp-block-button\"><a class=\"wp-block-button__link wp-element-button\" href=\"https:\/\/cookiedropping.com\/de\/leistungen\/\"><strong>Entdecken Sie unser Beratungsspektrum f\u00fcr deutsch-franz\u00f6sisches Management<\/strong><\/a><\/div>\n<\/div>\n\n\n\n<hr class=\"wp-block-separator has-text-color has-custom-jpb-yellow-color has-alpha-channel-opacity has-custom-jpb-yellow-background-color has-background is-style-wide\"\/>\n\n\n\n<div class=\"wp-block-columns has-contrast-color has-text-color is-layout-flex wp-container-core-columns-is-layout-28f84493 wp-block-columns-is-layout-flex\">\n<div class=\"wp-block-column is-layout-flow wp-block-column-is-layout-flow\" style=\"padding-top:1em;padding-right:1em;padding-bottom:1em;padding-left:1em\">\n<div class=\"wp-block-group is-nowrap is-layout-flex wp-container-core-group-is-layout-f66f9956 wp-block-group-is-layout-flex\">\n<div class=\"wp-block-outermost-icon-block\"><div class=\"icon-container\" style=\"width:2.5em\"><svg xmlns=\"http:\/\/www.w3.org\/2000\/svg\" width=\"16\" height=\"16\" viewBox=\"0 0 16 16\"><path fill=\"currentColor\" d=\"M11 2.5a2.5 2.5 0 1 1 .603 1.628l-6.718 3.12a2.5 2.5 0 0 1 0 1.504l6.718 3.12a2.5 2.5 0 1 1-.488.876l-6.718-3.12a2.5 2.5 0 1 1 0-3.256l6.718-3.12A2.5 2.5 0 0 1 11 2.5\"><\/path><\/svg><\/div><\/div>\n\n\n\n<div class=\"wp-block-group is-vertical is-layout-flex wp-container-core-group-is-layout-fe9cc265 wp-block-group-is-layout-flex\">\n<p>Bestimmt kennen Sie Kollegen, die mit deutsch-franz\u00f6sischen Problemstellungen konfrontiert sind?<\/p>\n\n\n\n<p>Empfehlen Sie diese Seite m\u00f6glichen Interessenten!<\/p>\n<\/div>\n<\/div>\n<\/div>\n\n\n\n<div class=\"wp-block-column has-tertiary-background-color has-background is-layout-flow wp-block-column-is-layout-flow\" style=\"padding-top:1em;padding-right:1em;padding-bottom:1em;padding-left:1em\">\n<div class=\"wp-block-group is-nowrap is-layout-flex wp-container-core-group-is-layout-f66f9956 wp-block-group-is-layout-flex\">\n<div class=\"wp-block-outermost-icon-block\"><div class=\"icon-container\" style=\"width:3em\"><svg xmlns=\"http:\/\/www.w3.org\/2000\/svg\" width=\"36\" height=\"36\" viewBox=\"0 0 36 36\"><path fill=\"currentColor\" d=\"M32 6H4a2 2 0 0 0-2 2v20a2 2 0 0 0 2 2h28a2 2 0 0 0 2-2V8a2 2 0 0 0-2-2m-1.54 22H5.66l7-7.24l-1.44-1.39L4 26.84V9.52l12.43 12.37a2 2 0 0 0 2.82 0L32 9.21v17.5l-7.36-7.36l-1.41 1.41ZM5.31 8h25.07L17.84 20.47Z\" class=\"clr-i-outline clr-i-outline-path-1\"><\/path><path fill=\"none\" d=\"M0 0h36v36H0z\"><\/path><\/svg><\/div><\/div>\n\n\n\n<p>Kontakt:<br>00.33.1.39.16.95.17<br><a href=\"mailto:jpb@cookiedropping.com\" target=\"_blank\" rel=\"jpb@cookiedropping.com noopener nofollow\">jpb@cookiedropping.com<\/a><\/p>\n<\/div>\n<\/div>\n<\/div>\n","protected":false},"excerpt":{"rendered":"<p>\u2026 EIN ECHTES PROBLEM F\u00dcR VIELE DEUTSCHE! \u00dcber 30 Jahre Erfahrung in der Begleitung von deutsch-franz\u00f6sischen Kooperationen und die Zusammenarbeit mit \u00fcber 20 000 deutschen und franz\u00f6sischen Managern zeigen:F\u00fcr die Experten von JPB belegt eine Frage ganz klar&nbsp;Platz 1 der Hit-Parade der Schwierigkeiten, die Deutsche in der Zusammenarbeit mit Franzosen&nbsp;empfinden: \u2026 IST ES \u00dcBERHAUPT M\u00d6GLICH, [&hellip;]<\/p>\n","protected":false},"author":1,"featured_media":2426,"parent":0,"menu_order":0,"comment_status":"closed","ping_status":"closed","template":"wp-custom-template-page-jpb","meta":{"advgb_blocks_editor_width":"","advgb_blocks_columns_visual_guide":"","footnotes":""},"class_list":["post-3040","page","type-page","status-publish","has-post-thumbnail","hentry"],"coauthors":[],"author_meta":{"author_link":"https:\/\/cookiedropping.com\/de\/author\/mbd-berlin\/","display_name":"mbd.berlin"},"relative_dates":{"created":"Posted 2\u00a0Jahren ago","modified":"Updated 2\u00a0Jahren ago"},"absolute_dates":{"created":"Posted on Dezember 20, 2023","modified":"Updated on Februar 21, 2024"},"absolute_dates_time":{"created":"Posted on Dezember 20, 2023 5:46 p.m.","modified":"Updated on Februar 21, 2024 6:39 p.m."},"featured_img_caption":"","featured_img":"https:\/\/cookiedropping.com\/wp-content\/uploads\/2014\/05\/d4-convaincre-franco-allemandv2.jpg","series_order":"","_links":{"self":[{"href":"https:\/\/cookiedropping.com\/de\/wp-json\/wp\/v2\/pages\/3040","targetHints":{"allow":["GET"]}}],"collection":[{"href":"https:\/\/cookiedropping.com\/de\/wp-json\/wp\/v2\/pages"}],"about":[{"href":"https:\/\/cookiedropping.com\/de\/wp-json\/wp\/v2\/types\/page"}],"author":[{"embeddable":true,"href":"https:\/\/cookiedropping.com\/de\/wp-json\/wp\/v2\/users\/1"}],"replies":[{"embeddable":true,"href":"https:\/\/cookiedropping.com\/de\/wp-json\/wp\/v2\/comments?post=3040"}],"version-history":[{"count":6,"href":"https:\/\/cookiedropping.com\/de\/wp-json\/wp\/v2\/pages\/3040\/revisions"}],"predecessor-version":[{"id":6990,"href":"https:\/\/cookiedropping.com\/de\/wp-json\/wp\/v2\/pages\/3040\/revisions\/6990"}],"wp:featuredmedia":[{"embeddable":true,"href":"https:\/\/cookiedropping.com\/de\/wp-json\/wp\/v2\/media\/2426"}],"wp:attachment":[{"href":"https:\/\/cookiedropping.com\/de\/wp-json\/wp\/v2\/media?parent=3040"}],"curies":[{"name":"wp","href":"https:\/\/api.w.org\/{rel}","templated":true}]}}