{"id":3041,"date":"2023-12-20T17:49:23","date_gmt":"2023-12-20T17:49:23","guid":{"rendered":"https:\/\/cookiedropping.com\/?page_id=3041"},"modified":"2024-01-30T15:18:43","modified_gmt":"2024-01-30T15:18:43","slug":"systemischer-ansatz","status":"publish","type":"page","link":"https:\/\/cookiedropping.com\/de\/systemischer-ansatz\/","title":{"rendered":"Der systemische Ansatz von JPB: eine bew\u00e4hrte Methodik zum Einordnen von (franz\u00f6sischen) Verhaltensweisen in der Zusammenarbeit"},"content":{"rendered":"\n<div class=\"wp-block-cover alignwide is-light\" style=\"min-height:314px;aspect-ratio:unset;\"><span aria-hidden=\"true\" class=\"wp-block-cover__background has-background-dim-0 has-background-dim\"><\/span><img loading=\"lazy\" decoding=\"async\" width=\"940\" height=\"250\" src=\"https:\/\/cookiedropping.com\/wp-content\/uploads\/2014\/05\/m2-approche-franco-allemandev2.jpg\" class=\"wp-block-cover__image-background wp-post-image\" alt=\"\" data-object-fit=\"cover\" srcset=\"https:\/\/cookiedropping.com\/wp-content\/uploads\/2014\/05\/m2-approche-franco-allemandev2.jpg 940w, https:\/\/cookiedropping.com\/wp-content\/uploads\/2014\/05\/m2-approche-franco-allemandev2-300x80.jpg 300w, https:\/\/cookiedropping.com\/wp-content\/uploads\/2014\/05\/m2-approche-franco-allemandev2-768x204.jpg 768w\" sizes=\"auto, (max-width: 940px) 100vw, 940px\" \/><div class=\"wp-block-cover__inner-container is-layout-flow wp-block-cover-is-layout-flow\">\n<div class=\"wp-block-group is-content-justification-left is-nowrap is-layout-flex wp-container-core-group-is-layout-c1c43fa8 wp-block-group-is-layout-flex\" style=\"margin-top:0;margin-bottom:0;padding-top:0;padding-right:0;padding-bottom:0;padding-left:0\">\n<p class=\"has-background\" style=\"background-color:#ffffff42;margin-top:0em;margin-right:0;margin-bottom:0;margin-left:var(--wp--preset--spacing--30);padding-top:0.17em;padding-right:0.17em;padding-bottom:0.17em;padding-left:0.17em;font-size:clamp(1.039em, 1.039rem + ((1vw - 0.2em) * 1.02), 1.6em);\"><strong><strong><strong><strong><strong>Ein Zuordnungsraster,<\/strong><\/strong><\/strong><\/strong><\/strong><\/p>\n<\/div>\n\n\n\n<div class=\"wp-block-group is-nowrap is-layout-flex wp-container-core-group-is-layout-7489f87b wp-block-group-is-layout-flex\" style=\"margin-top:0px;margin-bottom:0px;padding-top:0\">\n<p class=\"has-text-align-left has-background\" style=\"background-color:#ffa800c9;margin-top:0;margin-bottom:0em;margin-left:var(--wp--preset--spacing--30);padding-top:0.17em;padding-right:0.17em;padding-bottom:0.17em;padding-left:0.17em;font-size:clamp(1.039em, 1.039rem + ((1vw - 0.2em) * 1.02), 1.6em);\"><strong><strong><strong><strong><strong>nicht nur auf die interkulturelle Ebene beschr\u00e4nkt<\/strong><\/strong><\/strong><\/strong><\/strong><\/p>\n<\/div>\n<\/div><\/div>\n\n\n<h2 class=\"wp-block-post-title\">Der systemische Ansatz von JPB: eine bew\u00e4hrte Methodik zum Einordnen von (franz\u00f6sischen) Verhaltensweisen in der Zusammenarbeit<\/h2>\n\n\n<div class=\"wp-block-group is-nowrap is-layout-flex wp-container-core-group-is-layout-b79ae030 wp-block-group-is-layout-flex\" style=\"padding-right:0px;padding-left:0px;font-size:0.8em\">\n<p>Lire cette page \u00e0 partir d&#8217;un point de vue fran\u00e7ais:<\/p>\n\n\n\n<div class=\"wp-block-group lang-inline has-global-padding is-content-justification-left is-layout-constrained wp-container-core-group-is-layout-eec01751 wp-block-group-is-layout-constrained\" style=\"padding-right:0px;padding-left:0px\">\n<div class=\"wpml-ls-statics-shortcode_actions wpml-ls wpml-ls-legacy-list-horizontal\">\n\t<ul role=\"menu\"><li class=\"wpml-ls-slot-shortcode_actions wpml-ls-item wpml-ls-item-fr wpml-ls-first-item wpml-ls-last-item wpml-ls-item-legacy-list-horizontal\" role=\"none\">\n\t\t\t\t<a href=\"https:\/\/cookiedropping.com\/\" class=\"wpml-ls-link\" role=\"menuitem\"  aria-label=\"Zu Franz\u00f6sisch wechseln\" title=\"Zu Franz\u00f6sisch wechseln\" >\n                    <span class=\"wpml-ls-display\">Franz\u00f6sisch<\/span><\/a>\n\t\t\t<\/li><\/ul>\n<\/div>\n\n<\/div>\n<\/div>\n\n\n\n<div class=\"wp-block-columns is-layout-flex wp-container-core-columns-is-layout-28f84493 wp-block-columns-is-layout-flex\">\n<div class=\"wp-block-column is-layout-flow wp-block-column-is-layout-flow\" style=\"flex-basis:66.66%\">\n<p><br>Der systemische Ansatz von JPB Consulting beinhaltet&nbsp;<strong>vier voneinander abh\u00e4ngige Einflussfaktoren<\/strong>, die ber\u00fccksichtigt werden m\u00fcssen, um die \u201eimmaterielle Realit\u00e4t\u201c einer Beziehung bzw. einer Kooperation aufzudecken:<\/p>\n\n\n\n<ul class=\"wp-block-list\">\n<li><strong class=\"strorange\">Kooperationsmechanismen:<\/strong>&nbsp;Change Resistance, existenzielle \u00c4ngste, Hoffnungen, Abh\u00e4ngigkeit und Dominanz in der Beziehung usw.<\/li>\n\n\n\n<li><strong class=\"strorange\">Landeskultur (Business-Kultur):<\/strong>&nbsp;Die Hierarchie der Grundwerte und kulturellen \u00dcberzeugungen, die sich vor allem durch das Erziehungs- und Ausbildungssystem ergeben, f\u00fchren z. B. zu bedeutenden Unterschieden zwischen beiden L\u00e4ndern in Bezug auf die Vorstellung von Effizienz, den Ausdruck von Macht, das Verh\u00e4ltnis zu Ver\u00e4nderungen usw.<\/li>\n\n\n\n<li><strong class=\"strorange\">Unternehmenskultur:<\/strong>&nbsp;Unternehmensspezifische Management-Werte, -Ans\u00e4tze und \u2013Praktiken, z. B. der Stellenwert von technologischen Leistungen, der Marktf\u00fchrung, der Finanzergebnisse oder beispielsweise auch bahnbrechender Innovationen vs. Kontinuit\u00e4t, mehr oder weniger formelle bzw. informelle Netzwerke usw.<\/li>\n\n\n\n<li><strong class=\"strorange\">Pers\u00f6nlichkeitsstruktur:&nbsp;<\/strong>Oft stellt sich heraus, dass sogenannte \u201einterkulturelle Konflikte\u201c letztendlich auf Konflikte zwischen Pers\u00f6nlichkeiten zur\u00fcckzuf\u00fchren sind, z. B. durch ein Aufeinandertreffen von impulsiven, planende oder intuitiven Menschen, oder auf Konflikte zwischen analytischen, konsensorientierten oder autorit\u00e4ren Vorgehensweisen usw.<\/li>\n<\/ul>\n<\/div>\n\n\n\n<div class=\"wp-block-column is-layout-flow wp-block-column-is-layout-flow\" style=\"flex-basis:33.33%\">\n<figure class=\"wp-block-image size-full\"><img loading=\"lazy\" decoding=\"async\" width=\"633\" height=\"573\" src=\"https:\/\/cookiedropping.com\/wp-content\/uploads\/2013\/12\/puzzle-DE-2.jpg\" alt=\"\" class=\"wp-image-2533\" srcset=\"https:\/\/cookiedropping.com\/wp-content\/uploads\/2013\/12\/puzzle-DE-2.jpg 633w, https:\/\/cookiedropping.com\/wp-content\/uploads\/2013\/12\/puzzle-DE-2-300x272.jpg 300w\" sizes=\"auto, (max-width: 633px) 100vw, 633px\" \/><figcaption class=\"wp-element-caption\">Der systemische Ansatz von JPB Consulting beinhaltet vier voneinander abh\u00e4ngige Einflussfaktoren<\/figcaption><\/figure>\n<\/div>\n<\/div>\n\n\n\n<hr class=\"wp-block-separator has-text-color has-custom-jpb-yellow-color has-alpha-channel-opacity has-custom-jpb-yellow-background-color has-background is-style-wide\"\/>\n\n\n\n<p><strong>Diese vier Einflussfaktoren dienen dem Einordnen&nbsp;<\/strong><\/p>\n\n\n\n<p>von Verhaltensweisen und Reaktionen des Kooperationspartners.<\/p>\n\n\n\n<p>Es ist \u00e4u\u00dferst wichtig zu lernen,<strong>&nbsp;zwischen realen Sach-Problemen und Schein-Problemen zu unterscheiden<\/strong>. Letztere gehen auf Unterschiede in der Wahrnehmung zur\u00fcck, deren Ursprung wiederum in den Kooperationsmechanismen, der Landeskultur, der Unternehmenskultur und spezifischen Pers\u00f6nlichkeitsstrukturen liegt.<\/p>\n\n\n\n<p>Das Beratungsspektrum von JPB Consulting bietet, gest\u00fctzt auf systemischen, homogenen Tools,&nbsp;<strong>eine ideale Kombination aus Selbstkenntnis, Menschenkenntnis, interkultureller Management-Kompetenz und Kooperationsmanagement.<\/strong><\/p>\n\n\n\n<hr class=\"wp-block-separator has-text-color has-custom-jpb-yellow-color has-alpha-channel-opacity has-custom-jpb-yellow-background-color has-background is-style-wide\"\/>\n\n\n\n<h2 class=\"wp-block-heading\" style=\"text-transform:uppercase\">Entdecken Sie die typisch deutsch-franz\u00f6sischen Fallen Ihrer Kooperations-Konstellation<\/h2>\n\n\n\n<div class=\"wp-block-columns has-contrast-color has-text-color is-layout-flex wp-container-core-columns-is-layout-28f84493 wp-block-columns-is-layout-flex\">\n<div class=\"wp-block-column has-border-color has-tertiary-border-color is-layout-flow wp-block-column-is-layout-flow\" style=\"border-width:1px\">\n<figure class=\"wp-block-image aligncenter size-full\"><img loading=\"lazy\" decoding=\"async\" width=\"150\" height=\"150\" src=\"https:\/\/cookiedropping.com\/wp-content\/uploads\/2014\/01\/Relation_Maison_mere_Filiale.jpg\" alt=\"Relation entre la maison m\u00e8re et la filiale\" class=\"wp-image-439\"\/><figcaption class=\"wp-element-caption\"><a href=\"https:\/\/cookiedropping.com\/de\/tochtergesellschaft\/\" data-type=\"page\" data-id=\"3030\">Mutter- &amp; Tochter- Gesellschaft<\/a><\/figcaption><\/figure>\n<\/div>\n\n\n\n<div class=\"wp-block-column has-border-color has-tertiary-border-color is-layout-flow wp-block-column-is-layout-flow\" style=\"border-width:1px\">\n<figure class=\"wp-block-image aligncenter size-full\"><img loading=\"lazy\" decoding=\"async\" width=\"150\" height=\"150\" src=\"https:\/\/cookiedropping.com\/wp-content\/uploads\/2014\/01\/Relation_Client_Fournisseur1.jpg\" alt=\"Relation Client Fournisseur\" class=\"wp-image-438\"\/><figcaption class=\"wp-element-caption\"><a href=\"#\"><\/a><a href=\"https:\/\/cookiedropping.com\/de\/kunde\/\" data-type=\"page\" data-id=\"3031\">Kunde und Lieferant<\/a><\/figcaption><\/figure>\n<\/div>\n\n\n\n<div class=\"wp-block-column has-border-color has-tertiary-border-color is-layout-flow wp-block-column-is-layout-flow\" style=\"border-width:1px\">\n<figure class=\"wp-block-image aligncenter size-full\"><img loading=\"lazy\" decoding=\"async\" width=\"150\" height=\"150\" src=\"https:\/\/cookiedropping.com\/wp-content\/uploads\/2014\/01\/Fusion_Acquisition.jpg\" alt=\"\" class=\"wp-image-436\"\/><figcaption class=\"wp-element-caption\"><a href=\"#\"><\/a><a href=\"https:\/\/cookiedropping.com\/de\/mergers\/\" data-type=\"page\" data-id=\"3032\">Merger &amp; Acquisition \/ PMI<\/a><\/figcaption><\/figure>\n<\/div>\n\n\n\n<div class=\"wp-block-column has-border-color has-tertiary-border-color is-layout-flow wp-block-column-is-layout-flow\" style=\"border-width:1px\">\n<figure class=\"wp-block-image aligncenter size-full\"><img loading=\"lazy\" decoding=\"async\" width=\"150\" height=\"150\" src=\"https:\/\/cookiedropping.com\/wp-content\/uploads\/2014\/01\/Changement_Reorganisation.jpg\" alt=\"\" class=\"wp-image-435\"\/><figcaption class=\"wp-element-caption\"><a href=\"https:\/\/cookiedropping.com\/de\/umstrukturierung\/\" data-type=\"page\" data-id=\"3033\">Change, Neuorganisation, Umstrukturierung<\/a><\/figcaption><\/figure>\n<\/div>\n\n\n\n<div class=\"wp-block-column has-border-color has-tertiary-border-color is-layout-flow wp-block-column-is-layout-flow\" style=\"border-width:1px\">\n<figure class=\"wp-block-image aligncenter size-full\"><img loading=\"lazy\" decoding=\"async\" width=\"150\" height=\"150\" src=\"https:\/\/cookiedropping.com\/wp-content\/uploads\/2014\/01\/Managment_dequipe.jpg\" alt=\"\" class=\"wp-image-437\"\/><figcaption class=\"wp-element-caption\"><a href=\"https:\/\/cookiedropping.com\/de\/projektmanagement\/\" data-type=\"page\" data-id=\"3069\">Team- &amp; Projekt-Management<\/a><\/figcaption><\/figure>\n<\/div>\n<\/div>\n\n\n\n<div class=\"wp-block-buttons is-layout-flex wp-block-buttons-is-layout-flex\">\n<div class=\"wp-block-button\"><a class=\"wp-block-button__link wp-element-button\" href=\"https:\/\/cookiedropping.com\/de\/leistungen\/\"><strong>Entdecken Sie unser Beratungsspektrum f\u00fcr deutsch-franz\u00f6sisches Management<\/strong><\/a><\/div>\n<\/div>\n\n\n\n<hr class=\"wp-block-separator has-text-color has-custom-jpb-yellow-color has-alpha-channel-opacity has-custom-jpb-yellow-background-color has-background is-style-wide\"\/>\n\n\n\n<div class=\"wp-block-columns has-contrast-color has-text-color is-layout-flex wp-container-core-columns-is-layout-28f84493 wp-block-columns-is-layout-flex\">\n<div class=\"wp-block-column is-layout-flow wp-block-column-is-layout-flow\" style=\"padding-top:1em;padding-right:1em;padding-bottom:1em;padding-left:1em\">\n<div class=\"wp-block-group is-nowrap is-layout-flex wp-container-core-group-is-layout-f66f9956 wp-block-group-is-layout-flex\">\n<div class=\"wp-block-outermost-icon-block\"><div class=\"icon-container\" style=\"width:2.5em\"><svg xmlns=\"http:\/\/www.w3.org\/2000\/svg\" width=\"16\" height=\"16\" viewBox=\"0 0 16 16\"><path fill=\"currentColor\" d=\"M11 2.5a2.5 2.5 0 1 1 .603 1.628l-6.718 3.12a2.5 2.5 0 0 1 0 1.504l6.718 3.12a2.5 2.5 0 1 1-.488.876l-6.718-3.12a2.5 2.5 0 1 1 0-3.256l6.718-3.12A2.5 2.5 0 0 1 11 2.5\"><\/path><\/svg><\/div><\/div>\n\n\n\n<div class=\"wp-block-group is-vertical is-layout-flex wp-container-core-group-is-layout-fe9cc265 wp-block-group-is-layout-flex\">\n<p>Bestimmt kennen Sie Kollegen, die mit deutsch-franz\u00f6sischen Problemstellungen konfrontiert sind?<\/p>\n\n\n\n<p>Empfehlen Sie diese Seite m\u00f6glichen Interessenten!<\/p>\n<\/div>\n<\/div>\n<\/div>\n\n\n\n<div class=\"wp-block-column has-tertiary-background-color has-background is-layout-flow wp-block-column-is-layout-flow\" style=\"padding-top:1em;padding-right:1em;padding-bottom:1em;padding-left:1em\">\n<div class=\"wp-block-group is-nowrap is-layout-flex wp-container-core-group-is-layout-f66f9956 wp-block-group-is-layout-flex\">\n<div class=\"wp-block-outermost-icon-block\"><div class=\"icon-container\" style=\"width:3em\"><svg xmlns=\"http:\/\/www.w3.org\/2000\/svg\" width=\"36\" height=\"36\" viewBox=\"0 0 36 36\"><path fill=\"currentColor\" d=\"M32 6H4a2 2 0 0 0-2 2v20a2 2 0 0 0 2 2h28a2 2 0 0 0 2-2V8a2 2 0 0 0-2-2m-1.54 22H5.66l7-7.24l-1.44-1.39L4 26.84V9.52l12.43 12.37a2 2 0 0 0 2.82 0L32 9.21v17.5l-7.36-7.36l-1.41 1.41ZM5.31 8h25.07L17.84 20.47Z\" class=\"clr-i-outline clr-i-outline-path-1\"><\/path><path fill=\"none\" d=\"M0 0h36v36H0z\"><\/path><\/svg><\/div><\/div>\n\n\n\n<p>Kontakt:<br>00.33.1.39.16.95.17<br><a href=\"mailto:jpb@cookiedropping.com\" target=\"_blank\" rel=\"jpb@cookiedropping.com noopener nofollow\">jpb@cookiedropping.com<\/a><\/p>\n<\/div>\n<\/div>\n<\/div>\n","protected":false},"excerpt":{"rendered":"<p>Der systemische Ansatz von JPB Consulting beinhaltet&nbsp;vier voneinander abh\u00e4ngige Einflussfaktoren, die ber\u00fccksichtigt werden m\u00fcssen, um die \u201eimmaterielle Realit\u00e4t\u201c einer Beziehung bzw. einer Kooperation aufzudecken: Diese vier Einflussfaktoren dienen dem Einordnen&nbsp; von Verhaltensweisen und Reaktionen des Kooperationspartners. Es ist \u00e4u\u00dferst wichtig zu lernen,&nbsp;zwischen realen Sach-Problemen und Schein-Problemen zu unterscheiden. Letztere gehen auf Unterschiede in der Wahrnehmung [&hellip;]<\/p>\n","protected":false},"author":1,"featured_media":2431,"parent":0,"menu_order":0,"comment_status":"closed","ping_status":"closed","template":"wp-custom-template-page-jpb","meta":{"advgb_blocks_editor_width":"","advgb_blocks_columns_visual_guide":"","footnotes":""},"class_list":["post-3041","page","type-page","status-publish","has-post-thumbnail","hentry"],"coauthors":[],"author_meta":{"author_link":"https:\/\/cookiedropping.com\/de\/author\/mbd-berlin\/","display_name":"mbd.berlin"},"relative_dates":{"created":"Posted 2\u00a0Jahren ago","modified":"Updated 2\u00a0Jahren ago"},"absolute_dates":{"created":"Posted on Dezember 20, 2023","modified":"Updated on Januar 30, 2024"},"absolute_dates_time":{"created":"Posted on Dezember 20, 2023 5:49 p.m.","modified":"Updated on Januar 30, 2024 3:18 p.m."},"featured_img_caption":"","featured_img":"https:\/\/cookiedropping.com\/wp-content\/uploads\/2014\/05\/m2-approche-franco-allemandev2.jpg","series_order":"","_links":{"self":[{"href":"https:\/\/cookiedropping.com\/de\/wp-json\/wp\/v2\/pages\/3041","targetHints":{"allow":["GET"]}}],"collection":[{"href":"https:\/\/cookiedropping.com\/de\/wp-json\/wp\/v2\/pages"}],"about":[{"href":"https:\/\/cookiedropping.com\/de\/wp-json\/wp\/v2\/types\/page"}],"author":[{"embeddable":true,"href":"https:\/\/cookiedropping.com\/de\/wp-json\/wp\/v2\/users\/1"}],"replies":[{"embeddable":true,"href":"https:\/\/cookiedropping.com\/de\/wp-json\/wp\/v2\/comments?post=3041"}],"version-history":[{"count":3,"href":"https:\/\/cookiedropping.com\/de\/wp-json\/wp\/v2\/pages\/3041\/revisions"}],"predecessor-version":[{"id":6609,"href":"https:\/\/cookiedropping.com\/de\/wp-json\/wp\/v2\/pages\/3041\/revisions\/6609"}],"wp:featuredmedia":[{"embeddable":true,"href":"https:\/\/cookiedropping.com\/de\/wp-json\/wp\/v2\/media\/2431"}],"wp:attachment":[{"href":"https:\/\/cookiedropping.com\/de\/wp-json\/wp\/v2\/media?parent=3041"}],"curies":[{"name":"wp","href":"https:\/\/api.w.org\/{rel}","templated":true}]}}