{"id":3069,"date":"2023-12-19T13:00:14","date_gmt":"2023-12-19T13:00:14","guid":{"rendered":"https:\/\/cookiedropping.com\/?page_id=3069"},"modified":"2024-01-24T13:09:21","modified_gmt":"2024-01-24T13:09:21","slug":"projektmanagement","status":"publish","type":"page","link":"https:\/\/cookiedropping.com\/de\/projektmanagement\/","title":{"rendered":"Kooperationskontext: Deutsch-franz\u00f6sisches Team- und Projekt-Management"},"content":{"rendered":"\n<div class=\"wp-block-cover alignwide is-light\" style=\"min-height:314px;aspect-ratio:unset;\"><span aria-hidden=\"true\" class=\"wp-block-cover__background has-background-dim-0 has-background-dim\"><\/span><img loading=\"lazy\" decoding=\"async\" width=\"940\" height=\"250\" src=\"https:\/\/cookiedropping.com\/wp-content\/uploads\/2014\/05\/p5-management-franco-allemandv2.jpg\" class=\"wp-block-cover__image-background wp-post-image\" alt=\"\" data-object-fit=\"cover\" srcset=\"https:\/\/cookiedropping.com\/wp-content\/uploads\/2014\/05\/p5-management-franco-allemandv2.jpg 940w, https:\/\/cookiedropping.com\/wp-content\/uploads\/2014\/05\/p5-management-franco-allemandv2-300x80.jpg 300w, https:\/\/cookiedropping.com\/wp-content\/uploads\/2014\/05\/p5-management-franco-allemandv2-768x204.jpg 768w\" sizes=\"auto, (max-width: 940px) 100vw, 940px\" \/><div class=\"wp-block-cover__inner-container is-layout-flow wp-block-cover-is-layout-flow\">\n<div class=\"wp-block-group is-content-justification-left is-nowrap is-layout-flex wp-container-core-group-is-layout-c1c43fa8 wp-block-group-is-layout-flex\" style=\"margin-top:0;margin-bottom:0;padding-top:0;padding-right:0;padding-bottom:0;padding-left:0\">\n<p class=\"header-whiteline\" style=\"margin-top:0em;margin-right:0;margin-bottom:0;margin-left:var(--wp--preset--spacing--30);padding-top:0.17em;padding-right:0.17em;padding-bottom:0.17em;padding-left:0.17em;font-size:clamp(1.039em, 1.039rem + ((1vw - 0.2em) * 1.02), 1.6em);\"><strong><strong><strong><strong><strong><strong>Wenn Sie es leid sind,<\/strong><\/strong><\/strong><\/strong><\/strong><\/strong><\/p>\n<\/div>\n\n\n\n<div class=\"wp-block-group is-nowrap is-layout-flex wp-container-core-group-is-layout-7489f87b wp-block-group-is-layout-flex\" style=\"margin-top:0px;margin-bottom:0px;padding-top:0\">\n<p class=\"has-text-align-left header-yellowline\" style=\"margin-top:0;margin-bottom:0em;margin-left:var(--wp--preset--spacing--30);padding-top:0.17em;padding-right:0.17em;padding-bottom:0.17em;padding-left:0.17em;font-size:clamp(1.039em, 1.039rem + ((1vw - 0.2em) * 1.02), 1.6em);\"><strong><strong><strong><strong><strong><strong>f\u00fcr Ihr deutsch-franz\u00f6sisches Team st\u00e4ndig Feuerwehr zu spielen\u2026<\/strong><\/strong><\/strong><\/strong><\/strong><\/strong><\/p>\n<\/div>\n<\/div><\/div>\n\n\n<h2 class=\"wp-block-post-title\">Kooperationskontext: Deutsch-franz\u00f6sisches Team- und Projekt-Management<\/h2>\n\n\n<div class=\"wp-block-group is-nowrap is-layout-flex wp-container-core-group-is-layout-b79ae030 wp-block-group-is-layout-flex\" style=\"padding-right:0px;padding-left:0px;font-size:0.8em\">\n<p>Lire cette page \u00e0 partir d&#8217;un point de vue fran\u00e7ais:<\/p>\n\n\n\n<div class=\"wp-block-group lang-inline has-global-padding is-content-justification-left is-layout-constrained wp-container-core-group-is-layout-eec01751 wp-block-group-is-layout-constrained\" style=\"padding-right:0px;padding-left:0px\">\n<div class=\"wpml-ls-statics-shortcode_actions wpml-ls wpml-ls-legacy-list-horizontal\">\n\t<ul role=\"menu\"><li class=\"wpml-ls-slot-shortcode_actions wpml-ls-item wpml-ls-item-fr wpml-ls-first-item wpml-ls-last-item wpml-ls-item-legacy-list-horizontal\" role=\"none\">\n\t\t\t\t<a href=\"https:\/\/cookiedropping.com\/\" class=\"wpml-ls-link\" role=\"menuitem\"  aria-label=\"Zu Franz\u00f6sisch wechseln\" title=\"Zu Franz\u00f6sisch wechseln\" >\n                    <span class=\"wpml-ls-display\">Franz\u00f6sisch<\/span><\/a>\n\t\t\t<\/li><\/ul>\n<\/div>\n\n<\/div>\n<\/div>\n\n\n\n<div class=\"wp-block-columns is-layout-flex wp-container-core-columns-is-layout-28f84493 wp-block-columns-is-layout-flex\">\n<div class=\"wp-block-column is-layout-flow wp-block-column-is-layout-flow\" style=\"flex-basis:66.66%\">\n<h2 class=\"wp-block-heading\">DEUTSCH-FRANZ\u00d6SISCHES TEAM- UND PROJEKT-MANAGEMENT<\/h2>\n\n\n\n<p>Das Management eines Teams oder eines Projekts erfordert zahlreiche F\u00e4higkeiten, Fachkenntnisse und Tools. Dies ist ein zentrales Thema, das an jeder Management-Schule unterrichtet wird. Im Rahmen der weltweiten Globalisierung werden Management-Ans\u00e4tze und \u2013Tools immer mehr vereinheitlicht.<\/p>\n\n\n\n<p>All dies hat nichts mit der deutsch-franz\u00f6sischen Problematik zu tun, denken Sie? Auf den ersten Blick wohl nicht, aber\u2026<\/p>\n<\/div>\n\n\n\n<div class=\"wp-block-column is-layout-flow wp-block-column-is-layout-flow\" style=\"flex-basis:33.33%\">\n<figure class=\"wp-block-image size-full\"><img loading=\"lazy\" decoding=\"async\" width=\"300\" height=\"300\" src=\"https:\/\/cookiedropping.com\/wp-content\/uploads\/2013\/12\/Management_equipe-franco-allemand2.jpg\" alt=\"\" class=\"wp-image-761\" srcset=\"https:\/\/cookiedropping.com\/wp-content\/uploads\/2013\/12\/Management_equipe-franco-allemand2.jpg 300w, https:\/\/cookiedropping.com\/wp-content\/uploads\/2013\/12\/Management_equipe-franco-allemand2-150x150.jpg 150w\" sizes=\"auto, (max-width: 300px) 100vw, 300px\" \/><\/figure>\n<\/div>\n<\/div>\n\n\n\n<div class=\"wp-block-columns is-layout-flex wp-container-core-columns-is-layout-28f84493 wp-block-columns-is-layout-flex\">\n<div class=\"wp-block-column is-layout-flow wp-block-column-is-layout-flow\" style=\"flex-basis:66.66%\">\n<h3 class=\"wp-block-heading\">IMMER WIEDERKEHRENDE, TYPISCH DEUTSCH-FRANZ\u00d6SISCHE ST\u00d6RFAKTOREN IM RAHMEN DES DEUTSCH-FRANZ\u00d6SISCHEN PROJEKT- BZW. TEAM-MANAGEMENTS<\/h3>\n\n\n\n<p><span class=\"dropcap circle yellow fletter\">S<\/span>eit 1984 stellen wir in unseren zahlreichen&nbsp;<strong>deutsch-franz\u00f6sischen Projekten<\/strong>&nbsp;fast immer dieselben Missverst\u00e4ndnisse, Vorw\u00fcrfe und Blockaden fest.<\/p>\n\n\n\n<p><strong>Ihnen liegen unterschiedliche Management-Praktiken sowie grundverschiedene Erwartungen von Mitarbeitern und Projektleitern aus der jeweils anderen Kultur zugrunde.<\/strong>&nbsp;Dies \u00e4u\u00dfert sich auf deutscher Seite regelm\u00e4\u00dfig durch Fragen wie z.B.:<\/p>\n<\/div>\n\n\n\n<div class=\"wp-block-column is-layout-flow wp-block-column-is-layout-flow\" style=\"flex-basis:33.33%\">\n<figure class=\"wp-block-image size-full\"><img loading=\"lazy\" decoding=\"async\" width=\"355\" height=\"266\" src=\"https:\/\/cookiedropping.com\/wp-content\/uploads\/2013\/12\/GABS-starkes-management-P5.jpg\" alt=\"\" class=\"wp-image-2466\" srcset=\"https:\/\/cookiedropping.com\/wp-content\/uploads\/2013\/12\/GABS-starkes-management-P5.jpg 355w, https:\/\/cookiedropping.com\/wp-content\/uploads\/2013\/12\/GABS-starkes-management-P5-300x225.jpg 300w\" sizes=\"auto, (max-width: 355px) 100vw, 355px\" \/><\/figure>\n<\/div>\n<\/div>\n\n\n\n<div class=\"wp-block-group has-border-color has-tertiary-border-color has-global-padding is-layout-constrained wp-container-core-group-is-layout-a48f4d97 wp-block-group-is-layout-constrained\" style=\"border-width:1px;padding-top:1em;padding-right:1em;padding-bottom:1em;padding-left:1em\">\n<p>Im Rahmen des deutsch-franz\u00f6sischen Projekt- bzw. Team-Managements ist es oft die Rede von:&nbsp;<em>&#8222;Strategie&#8220;, &#8222;Effizienz&#8220;, &#8222;Zielsetzung&#8220;, &#8222;Commitment&#8220;, &#8222;Prozesse&#8220;, Planung&#8220;, &#8222;Delegieren&#8220; und &#8222;Kontrolle&#8220;, &#8222;Teamgeist&#8220;, &#8222;guter Verantwortlicher&#8220;, &#8222;Autorit\u00e4t&#8220; oder &#8222;Leadership&#8220;, &#8222;Professionalismus&#8220; \u2026<\/em><\/p>\n\n\n\n<p><strong>Die gleichen Begriffe \u2026 aber Welten auseinander.<\/strong><\/p>\n<\/div>\n\n\n\n<h3 class=\"wp-block-heading\"><strong>UNTERSCHIEDLICHE PRAKTIKEN F\u00dcHREN ZU VERWIRRUNGEN<\/strong><\/h3>\n\n\n\n<div class=\"wp-block-columns is-layout-flex wp-container-core-columns-is-layout-28f84493 wp-block-columns-is-layout-flex\">\n<div class=\"wp-block-column is-layout-flow wp-block-column-is-layout-flow\">\n<p><strong><span class=\"dropcap circle yellow fletter\">S<\/span><strong><strong>tart eines deutsch-franz\u00f6sischen Projekts<\/strong><\/strong><\/strong><\/p>\n\n\n\n<p><\/p>\n\n\n\n<ul class=\"list-yellow-pen wp-block-list\">\n<li>Inwieweit m\u00fcssen&nbsp;<strong>Organisation und Prozesse<\/strong>&nbsp;definiert werden, damit unsere franz\u00f6sischen Partner das Projekt entsprechend mittragen ?<\/li>\n\n\n\n<li>Wieso ist es so schwierig, unsere franz\u00f6sischen Kollegen dazu zu bewegen, einen&nbsp;<strong>eindeutigen Rahmen festzulegen<\/strong>&nbsp;bzw. diesen mit uns gemeinsam zu erarbeiten und dann auch einzuhalten?<\/li>\n\n\n\n<li>Wie kann man unsere franz\u00f6sischen Kollegen davon \u00fcberzeugen,&nbsp;<strong>ihre Praktiken und Tools anzupassen?<\/strong><\/li>\n<\/ul>\n<\/div>\n\n\n\n<div class=\"wp-block-column is-layout-flow wp-block-column-is-layout-flow\">\n<p><strong><strong><span class=\"dropcap circle yellow fletter\">E<\/span><\/strong>ntscheidungsprozesse<\/strong><\/p>\n\n\n\n<p><\/p>\n\n\n\n<ul class=\"list-yellow-pen wp-block-list\">\n<li>Was erwarten franz\u00f6sische Mitarbeiter von einem \u201eguten Chef&#8220; (\u201ebon patron\u201c), um ihn zu akzeptieren bzw. loyal zu sein?<\/li>\n\n\n\n<li>Inwiefern k\u00f6nnen Entscheidungen und Ziele gemeinsam erarbeitet bzw. verhandelt werden? Wann m\u00fcssen sie von oben festgelegt werden?<\/li>\n\n\n\n<li>Was muss wann und wie kommuniziert werden, um die franz\u00f6sischen Mitglieder des Projekt-Teams zu \u00fcberzeugen?<\/li>\n<\/ul>\n<\/div>\n\n\n\n<div class=\"wp-block-column is-layout-flow wp-block-column-is-layout-flow\">\n<p><strong><strong><span class=\"dropcap circle yellow fletter\">P<\/span><\/strong>rojekt-Steuerung<\/strong><\/p>\n\n\n\n<p><\/p>\n\n\n\n<ul class=\"list-yellow-pen wp-block-list\">\n<li>Warum wird einmal Vereinbartes von den&nbsp;<strong>franz\u00f6sischen Kollegen oftmals infrage gestellt<\/strong>?<\/li>\n\n\n\n<li>Warum&nbsp;<strong>relanciert<\/strong>&nbsp;man uns dauernd vor Zieldatum? Bzw. warum&nbsp;<strong>stimmen<\/strong>&nbsp;sie sich nicht mit uns&nbsp;<strong>ab<\/strong>? Vertrauen sie ihren deutschen Kollegen nicht?<\/li>\n\n\n\n<li>Wie kann man die franz\u00f6sischen Mitarbeiter \/ Kollegen zu&nbsp;<strong>mehr Best\u00e4ndigkeit und Konstanz<\/strong>&nbsp;bewegen? \u2028Siehe:&nbsp;<a href=\"https:\/\/cookiedropping.com\/de\/berechenbare-franzosen\/\" data-type=\"page\" data-id=\"3040\">Wann werden Franzosen berechenbar<\/a><\/li>\n<\/ul>\n<\/div>\n<\/div>\n\n\n\n<hr class=\"wp-block-separator has-text-color has-custom-jpb-yellow-color has-alpha-channel-opacity has-custom-jpb-yellow-background-color has-background is-style-wide\"\/>\n\n\n\n<div class=\"wp-block-columns is-layout-flex wp-container-core-columns-is-layout-28f84493 wp-block-columns-is-layout-flex\">\n<div class=\"wp-block-column is-layout-flow wp-block-column-is-layout-flow\">\n<div class=\"wp-block-group has-tertiary-background-color has-background has-global-padding is-layout-constrained wp-container-core-group-is-layout-a48f4d97 wp-block-group-is-layout-constrained\" style=\"padding-top:1em;padding-right:1em;padding-bottom:1em;padding-left:1em\">\n<ul class=\"list-small-arrows wp-block-list\">\n<li class=\"list-small-arrows\"><strong><strong>Man redet immer mehr aneinander vorbei.<\/strong><\/strong><\/li>\n<\/ul>\n<\/div>\n\n\n\n<p>Neue Counterparts und hierarchisch neu definierte Strukturen schaffen es nicht zusammenzuarbeiten. Es entsteht Misstrauen und es baut sich eine belastende Historie auf.<\/p>\n\n\n\n<p>\u27a0 Ein allt\u00e4gliches Beispiel f\u00fcr ein Aneinandervorbeireden:&nbsp;<a href=\"https:\/\/cookiedropping.com\/de\/deutsch-franzoesischer-beziehungsfall\/\" data-type=\"page\" data-id=\"3037\">Die deutsch-franz\u00f6sische Beziehungsfalle<\/a>.<\/p>\n\n\n\n<p>\u27a0&nbsp;<a href=\"https:\/\/cookiedropping.com\/de\/emotionale-viren\/\" data-type=\"page\" data-id=\"3038\">Emotionale Viren<\/a><\/p>\n<\/div>\n\n\n\n<div class=\"wp-block-column is-layout-flow wp-block-column-is-layout-flow\">\n<div class=\"wp-block-group has-border-color has-tertiary-border-color has-global-padding is-layout-constrained wp-container-core-group-is-layout-a48f4d97 wp-block-group-is-layout-constrained\" style=\"border-width:1px;padding-top:1em;padding-right:1em;padding-bottom:1em;padding-left:1em\">\n<h2 class=\"wp-block-heading\">\u00dcBERGEORDNETER JPB-NUTZEN IM RAHMEN DES DEUTSCH-FRANZ\u00d6SISCHEN TEAM- \/ PROJEKT-MANAGEMENTS<\/h2>\n\n\n\n<p>\u27a5&nbsp;<strong>Effizienz-Gewinn:<\/strong>&nbsp;Vermeidung von Missverst\u00e4ndnissen, Fehlinterpretationen, Unterstellungen, Aneinandervorbeireden und Ausl\u00f6sen von kontraproduktiven Reaktionen<\/p>\n\n\n\n<div class=\"wp-block-buttons is-layout-flex wp-block-buttons-is-layout-flex\">\n<div class=\"wp-block-button\"><a class=\"wp-block-button__link has-base-color has-text-color has-link-color wp-element-button\" href=\"https:\/\/cookiedropping.com\/de\/kontakt\/\"><strong>Kontaktieren Sie uns! \u27a4<\/strong><\/a><\/div>\n<\/div>\n<\/div>\n<\/div>\n<\/div>\n\n\n\n<h2 class=\"wp-block-heading\">DIE FOLGEN F\u00dcR DEUTSCH-FRANZ\u00d6SISCHE TEAMS SIND OFT SCHWERWIEGEND:<\/h2>\n\n\n\n<ul class=\"wp-block-list\">\n<li>Konfliktuelle Beziehungen, Interessensverlust und K\u00fcndigungen<\/li>\n\n\n\n<li>Vorenthaltung von Informationen, operative Blockaden, Scheitern eines sachkompetenten Projektleiters<\/li>\n\n\n\n<li>Nichteinhaltung von Fristen bzw. von Budgets, Unbeweglichkeit, Abbruch oder Scheitern des Projekts<\/li>\n<\/ul>\n\n\n\n<hr class=\"wp-block-separator has-text-color has-custom-jpb-yellow-color has-alpha-channel-opacity has-custom-jpb-yellow-background-color has-background is-style-wide\"\/>\n\n\n\n<h4 class=\"wp-block-heading\">ZUR VERTIEFUNG DES THEMAS: DEUTSCH-FRANZ\u00d6SISCHES PROJEKT- ODER TEAM-MANAGEMENT<\/h4>\n\n\n\n<p><span class=\"dropcap yellow oneline\">1<\/span>Artikel lesen: <a href=\"https:\/\/cookiedropping.com\/wp-content\/uploads\/2014\/07\/deutsch-franzoesisch-Team-Coaching-s3.pdf\" data-type=\"attachment\" data-id=\"2505\" target=\"_blank\" rel=\"noreferrer noopener\">Kundenbericht \u00fcber die Methodik, den Ablauf und das Ergebnis eines deutsch-franz\u00f6sischen Managementteam-Coachings <\/a><\/p>\n\n\n\n<hr class=\"wp-block-separator has-text-color has-custom-jpb-yellow-color has-alpha-channel-opacity has-custom-jpb-yellow-background-color has-background is-style-wide\"\/>\n\n\n\n<h3 class=\"wp-block-heading\"><strong>AUF IHRE BED\u00dcRFNISSE ZUGESCHNITTEN\u2026<\/strong><\/h3>\n\n\n\n<div class=\"wp-block-columns is-layout-flex wp-container-core-columns-is-layout-28f84493 wp-block-columns-is-layout-flex\">\n<div class=\"wp-block-column is-layout-flow wp-block-column-is-layout-flow\" style=\"flex-basis:15%\">\n<p class=\"strorange\"><strong>INDIVIDUELL:<\/strong><\/p>\n<\/div>\n\n\n\n<div class=\"wp-block-column is-layout-flow wp-block-column-is-layout-flow\" style=\"flex-basis:50%\">\n<p>\u27a5 &nbsp;<strong>Sensibilisierung oder Begleitung eines Projekt-Managers<\/strong><\/p>\n\n\n\n<p>\u27a5 &nbsp;<strong>Zusammenschwei\u00dfen eines deutsch-franz\u00f6sischen Tandems&nbsp;<\/strong>mit Schnittstellen-Funktion (Tandem Building)<br>\u27a5 Identifizieren, inwiefern&nbsp;<strong>\u201ehidden agendas\u201c&nbsp;<\/strong>ein gemeinsames Projekt belasten<\/p>\n<\/div>\n\n\n\n<div class=\"wp-block-column is-layout-flow wp-block-column-is-layout-flow\" style=\"flex-basis:35%\">\n<p>Siehe <a href=\"https:\/\/cookiedropping.com\/de\/deutsch-franzoesische-expertise\/\" data-type=\"page\" data-id=\"3007\">Fallbezogenes Coaching<\/a> oder&nbsp;<a href=\"https:\/\/cookiedropping.com\/de\/deutsch-franzoesisches-coaching\/\" data-type=\"page\" data-id=\"3006\">Ma\u00dfgeschneidertes Einzel-Coaching<\/a><\/p>\n\n\n\n<p>Siehe&nbsp;<a href=\"https:\/\/cookiedropping.com\/de\/deutsch-franzoesisches-coaching\/\" data-type=\"page\" data-id=\"3006\">Ma\u00dfgeschneidertes Einzel-Coaching<\/a><\/p>\n\n\n\n<p>Siehe&nbsp;<a href=\"https:\/\/cookiedropping.com\/de\/deutsch-franzoesische-expertise\/\" data-type=\"page\" data-id=\"3007\">Fallbezogenes Coaching<\/a><br><\/p>\n<\/div>\n<\/div>\n\n\n\n<hr class=\"wp-block-separator has-text-color has-custom-jpb-yellow-color has-alpha-channel-opacity has-custom-jpb-yellow-background-color has-background is-style-wide\"\/>\n\n\n\n<div class=\"wp-block-columns is-layout-flex wp-container-core-columns-is-layout-28f84493 wp-block-columns-is-layout-flex\">\n<div class=\"wp-block-column is-layout-flow wp-block-column-is-layout-flow\" style=\"flex-basis:15%\">\n<p class=\"strorange\"><strong>KOLLEKTIV:<\/strong><\/p>\n<\/div>\n\n\n\n<div class=\"wp-block-column is-layout-flow wp-block-column-is-layout-flow\" style=\"flex-basis:50%\">\n<p>\u27a5 &nbsp;<strong>L\u00f6sung von Blockaden im Leitungsteam<\/strong><\/p>\n\n\n\n<p>\u27a5 &nbsp;<strong>Sensibilisierung \/ Zusammenf\u00fchrung eines deutsch-franz\u00f6sischen Projekt-Teams<\/strong><br>\u27a5 &nbsp;<strong>Begleitung eines deutsch-franz\u00f6sischen Projekt-Teams<\/strong>&nbsp;oder von mehreren deutsch-franz\u00f6sischen Tandems<\/p>\n<\/div>\n\n\n\n<div class=\"wp-block-column is-layout-flow wp-block-column-is-layout-flow\" style=\"flex-basis:35%\">\n<p>Siehe&nbsp;<a href=\"https:\/\/cookiedropping.com\/de\/deutsch-franzoesische-begleitung\/\" data-type=\"page\" data-id=\"3008\">Begleitung von Teams<\/a> oder <a href=\"https:\/\/cookiedropping.com\/de\/deutsch-franzoesische-expertise\/\" data-type=\"page\" data-id=\"3007\">Fallbezogenes Coaching<\/a> <\/p>\n\n\n\n<p>Siehe&nbsp;<a href=\"https:\/\/cookiedropping.com\/de\/deutsch-franzosisches-teamcoaching\/\" data-type=\"page\" data-id=\"3016\">Team-Coaching<\/a><\/p>\n\n\n\n<p>Siehe<a href=\"https:\/\/cookiedropping.com\/de\/deutsch-franzoesische-begleitung\/\" data-type=\"page\" data-id=\"3008\"> Begleitung von Teams<\/a><\/p>\n<\/div>\n<\/div>\n\n\n\n<hr class=\"wp-block-separator has-text-color has-custom-jpb-yellow-color has-alpha-channel-opacity has-custom-jpb-yellow-background-color has-background is-style-wide\"\/>\n\n\n\n<div class=\"wp-block-group has-global-padding is-layout-constrained wp-block-group-is-layout-constrained\">\n<div class=\"wp-block-columns has-contrast-color has-text-color is-layout-flex wp-container-core-columns-is-layout-28f84493 wp-block-columns-is-layout-flex\">\n<div class=\"wp-block-column is-layout-flow wp-block-column-is-layout-flow\" style=\"flex-basis:20%\">\n<figure class=\"wp-block-image size-full\"><img loading=\"lazy\" decoding=\"async\" width=\"150\" height=\"113\" src=\"https:\/\/cookiedropping.com\/wp-content\/uploads\/2014\/01\/logo-jpb.jpg\" alt=\"Logo jpb\" class=\"wp-image-412\"\/><\/figure>\n<\/div>\n\n\n\n<div class=\"wp-block-column is-layout-flow wp-block-column-is-layout-flow\" style=\"flex-basis:80%\">\n<h2 class=\"wp-block-heading\">DIE COACH-EXPERTEN F\u00dcR DEUTSCH-FRANZ\u00d6SISCHES MANAGEMENT: 40 JAHRE PRAXIS<\/h2>\n\n\n\n<ul class=\"wp-block-list\">\n<li>Schnelle, pr\u00e4zise Aufdeckung der tieferen Ursachen von business-kulturellen St\u00f6rfaktoren,<\/li>\n\n\n\n<li>Breites Spektrum an bew\u00e4hrten Best Practices im (deutsch-franz\u00f6sischen) Management)<\/li>\n\n\n\n<li>Antizipieren der franz\u00f6sischen Reaktionen auf Management-L\u00f6sungen, je nach Kontext und Pers\u00f6nlichkeitsstruktur<\/li>\n<\/ul>\n<\/div>\n<\/div>\n\n\n\n<div class=\"wp-block-group has-global-padding is-layout-constrained wp-block-group-is-layout-constrained\">\n<div class=\"wp-block-advgb-image advgb-image-block full-width advgb-lightbox advgb-img-27fba542-3874-487d-81bb-53367a8d466c\" style=\"background-image:url(https:\/\/cookiedropping.com\/wp-content\/uploads\/2014\/01\/JPB_6-consultants_tete-buste_a12.jpg);background-position:50% 31%;height:222px;width:500px;justify-content:flex-end;align-items:center\" data-image=\"https:\/\/cookiedropping.com\/wp-content\/uploads\/2014\/01\/JPB_6-consultants_tete-buste_a12.jpg\"><a class=\"advgb-image-overlay\" style=\"background-color:#000\" target=\"_blank\" rel=\"noopener noreferrer\"><\/a><h4 class=\"advgb-image-title\" style=\"color:#fff\">Das JPB Team<\/h4><\/div>\n\n\n\n<div class=\"wp-block-buttons is-layout-flex wp-block-buttons-is-layout-flex\">\n<div class=\"wp-block-button\"><a class=\"wp-block-button__link has-base-color has-text-color has-link-color has-text-align-center wp-element-button\" href=\"https:\/\/cookiedropping.com\/de\/team\/\"><strong>&gt; Lernen Sie das Team von JPB kennen!<\/strong><\/a><\/div>\n<\/div>\n<\/div>\n<\/div>\n\n\n\n<hr class=\"wp-block-separator has-text-color has-custom-jpb-yellow-color has-alpha-channel-opacity has-custom-jpb-yellow-background-color has-background is-style-wide\"\/>\n\n\n\n<div class=\"wp-block-columns has-contrast-color has-text-color is-layout-flex wp-container-core-columns-is-layout-28f84493 wp-block-columns-is-layout-flex\">\n<div class=\"wp-block-column is-layout-flow wp-block-column-is-layout-flow\" style=\"padding-top:1em;padding-right:1em;padding-bottom:1em;padding-left:1em\">\n<div class=\"wp-block-group is-nowrap is-layout-flex wp-container-core-group-is-layout-f66f9956 wp-block-group-is-layout-flex\">\n<div class=\"wp-block-outermost-icon-block\"><div class=\"icon-container\" style=\"width:2.5em\"><svg xmlns=\"http:\/\/www.w3.org\/2000\/svg\" width=\"16\" height=\"16\" viewBox=\"0 0 16 16\"><path fill=\"currentColor\" d=\"M11 2.5a2.5 2.5 0 1 1 .603 1.628l-6.718 3.12a2.5 2.5 0 0 1 0 1.504l6.718 3.12a2.5 2.5 0 1 1-.488.876l-6.718-3.12a2.5 2.5 0 1 1 0-3.256l6.718-3.12A2.5 2.5 0 0 1 11 2.5\"><\/path><\/svg><\/div><\/div>\n\n\n\n<div class=\"wp-block-group is-vertical is-layout-flex wp-container-core-group-is-layout-fe9cc265 wp-block-group-is-layout-flex\">\n<p>Kommen Ihnen diese Probleme in Bezug auf das Team- \/Projekt-Management bekannt vor? Erinnern Sie sich an Ihre eigenen Erfahrungen oder an die Erfahrung von Kollegen oder Mitarbeitern?<\/p>\n\n\n\n<p>Empfehlen Sie diese Seite potenziell interessierten Fachkollegen!<\/p>\n<\/div>\n<\/div>\n<\/div>\n\n\n\n<div class=\"wp-block-column has-tertiary-background-color has-background is-layout-flow wp-block-column-is-layout-flow\" style=\"padding-top:1em;padding-right:1em;padding-bottom:1em;padding-left:1em\">\n<div class=\"wp-block-group is-nowrap is-layout-flex wp-container-core-group-is-layout-f66f9956 wp-block-group-is-layout-flex\">\n<div class=\"wp-block-outermost-icon-block\"><div class=\"icon-container\" style=\"width:3em\"><svg xmlns=\"http:\/\/www.w3.org\/2000\/svg\" width=\"36\" height=\"36\" viewBox=\"0 0 36 36\"><path fill=\"currentColor\" d=\"M32 6H4a2 2 0 0 0-2 2v20a2 2 0 0 0 2 2h28a2 2 0 0 0 2-2V8a2 2 0 0 0-2-2m-1.54 22H5.66l7-7.24l-1.44-1.39L4 26.84V9.52l12.43 12.37a2 2 0 0 0 2.82 0L32 9.21v17.5l-7.36-7.36l-1.41 1.41ZM5.31 8h25.07L17.84 20.47Z\" class=\"clr-i-outline clr-i-outline-path-1\"><\/path><path fill=\"none\" d=\"M0 0h36v36H0z\"><\/path><\/svg><\/div><\/div>\n\n\n\n<p><a href=\"mailto:jpb@cookiedropping.com\" target=\"_blank\" rel=\"jpb@cookiedropping.com noopener nofollow\">Kontaktieren Sie uns!<\/a><br>00.33.1.39.16.95.17<br>jpb@cookiedropping.com<\/p>\n<\/div>\n<\/div>\n<\/div>\n<style class=\"advgb-styles-renderer\">.advgb-img-27fba542-3874-487d-81bb-53367a8d466c.advgb-image-block .advgb-image-overlay{opacity:0.25 !important;}.advgb-img-27fba542-3874-487d-81bb-53367a8d466c.advgb-image-block:hover .advgb-image-overlay{opacity:0 !important;}.advgb-img-27fba542-3874-487d-81bb-53367a8d466c.advgb-image-block .advgb-image-overlay{opacity:0.25 !important;}.advgb-img-27fba542-3874-487d-81bb-53367a8d466c.advgb-image-block:hover .advgb-image-overlay{opacity:0 !important;}.advgb-img-27fba542-3874-487d-81bb-53367a8d466c.advgb-image-block .advgb-image-overlay{opacity:0.25 !important;}.advgb-img-27fba542-3874-487d-81bb-53367a8d466c.advgb-image-block:hover .advgb-image-overlay{opacity:0 !important;}<\/style>","protected":false},"excerpt":{"rendered":"<p>DEUTSCH-FRANZ\u00d6SISCHES TEAM- UND PROJEKT-MANAGEMENT Das Management eines Teams oder eines Projekts erfordert zahlreiche F\u00e4higkeiten, Fachkenntnisse und Tools. Dies ist ein zentrales Thema, das an jeder Management-Schule unterrichtet wird. Im Rahmen der weltweiten Globalisierung werden Management-Ans\u00e4tze und \u2013Tools immer mehr vereinheitlicht. All dies hat nichts mit der deutsch-franz\u00f6sischen Problematik zu tun, denken Sie? Auf den ersten [&hellip;]<\/p>\n","protected":false},"author":1,"featured_media":2423,"parent":0,"menu_order":0,"comment_status":"closed","ping_status":"closed","template":"wp-custom-template-page-jpb","meta":{"advgb_blocks_editor_width":"","advgb_blocks_columns_visual_guide":"","footnotes":""},"class_list":["post-3069","page","type-page","status-publish","has-post-thumbnail","hentry"],"coauthors":[],"author_meta":{"author_link":"https:\/\/cookiedropping.com\/de\/author\/mbd-berlin\/","display_name":"mbd.berlin"},"relative_dates":{"created":"Posted 2\u00a0Jahren ago","modified":"Updated 2\u00a0Jahren ago"},"absolute_dates":{"created":"Posted on Dezember 19, 2023","modified":"Updated on Januar 24, 2024"},"absolute_dates_time":{"created":"Posted on Dezember 19, 2023 1:00 p.m.","modified":"Updated on Januar 24, 2024 1:09 p.m."},"featured_img_caption":"","featured_img":"https:\/\/cookiedropping.com\/wp-content\/uploads\/2014\/05\/p5-management-franco-allemandv2.jpg","series_order":"","_links":{"self":[{"href":"https:\/\/cookiedropping.com\/de\/wp-json\/wp\/v2\/pages\/3069","targetHints":{"allow":["GET"]}}],"collection":[{"href":"https:\/\/cookiedropping.com\/de\/wp-json\/wp\/v2\/pages"}],"about":[{"href":"https:\/\/cookiedropping.com\/de\/wp-json\/wp\/v2\/types\/page"}],"author":[{"embeddable":true,"href":"https:\/\/cookiedropping.com\/de\/wp-json\/wp\/v2\/users\/1"}],"replies":[{"embeddable":true,"href":"https:\/\/cookiedropping.com\/de\/wp-json\/wp\/v2\/comments?post=3069"}],"version-history":[{"count":6,"href":"https:\/\/cookiedropping.com\/de\/wp-json\/wp\/v2\/pages\/3069\/revisions"}],"predecessor-version":[{"id":6207,"href":"https:\/\/cookiedropping.com\/de\/wp-json\/wp\/v2\/pages\/3069\/revisions\/6207"}],"wp:featuredmedia":[{"embeddable":true,"href":"https:\/\/cookiedropping.com\/de\/wp-json\/wp\/v2\/media\/2423"}],"wp:attachment":[{"href":"https:\/\/cookiedropping.com\/de\/wp-json\/wp\/v2\/media?parent=3069"}],"curies":[{"name":"wp","href":"https:\/\/api.w.org\/{rel}","templated":true}]}}