{"id":5491,"date":"2023-12-21T11:07:31","date_gmt":"2023-12-21T11:07:31","guid":{"rendered":"https:\/\/cookiedropping.com\/?page_id=5491"},"modified":"2024-02-02T17:34:32","modified_gmt":"2024-02-02T17:34:32","slug":"praktika-und-forschungsprojekte","status":"publish","type":"page","link":"https:\/\/cookiedropping.com\/de\/praktika-und-forschungsprojekte\/","title":{"rendered":"Deutsch-franz\u00f6sische Praktika \u2013 Langzeitmissionen bei JPB Consulting"},"content":{"rendered":"\n<div class=\"wp-block-cover alignwide is-light\" style=\"min-height:314px;aspect-ratio:unset;\"><span aria-hidden=\"true\" class=\"wp-block-cover__background has-background-dim-0 has-background-dim\"><\/span><img loading=\"lazy\" decoding=\"async\" width=\"940\" height=\"250\" src=\"https:\/\/cookiedropping.com\/wp-content\/uploads\/2014\/05\/a1-2-stagev2.jpg\" class=\"wp-block-cover__image-background wp-post-image\" alt=\"\" data-object-fit=\"cover\" srcset=\"https:\/\/cookiedropping.com\/wp-content\/uploads\/2014\/05\/a1-2-stagev2.jpg 940w, https:\/\/cookiedropping.com\/wp-content\/uploads\/2014\/05\/a1-2-stagev2-300x80.jpg 300w, https:\/\/cookiedropping.com\/wp-content\/uploads\/2014\/05\/a1-2-stagev2-768x204.jpg 768w\" sizes=\"auto, (max-width: 940px) 100vw, 940px\" \/><div class=\"wp-block-cover__inner-container is-layout-flow wp-block-cover-is-layout-flow\">\n<div class=\"wp-block-group is-content-justification-left is-nowrap is-layout-flex wp-container-core-group-is-layout-c1c43fa8 wp-block-group-is-layout-flex\" style=\"margin-top:0;margin-bottom:0;padding-top:0;padding-right:0;padding-bottom:0;padding-left:0\">\n<p class=\"header-whiteline\" style=\"margin-top:0em;margin-right:0;margin-bottom:0;margin-left:var(--wp--preset--spacing--30);padding-top:0.17em;padding-right:0.17em;padding-bottom:0.17em;padding-left:0.17em;font-size:clamp(1.039em, 1.039rem + ((1vw - 0.2em) * 1.02), 1.6em);\"><strong><strong><strong><strong><strong>M\u00f6chten Sie die deutsch-franz\u00f6sischen<\/strong><\/strong><\/strong><\/strong><\/strong><\/p>\n<\/div>\n\n\n\n<div class=\"wp-block-group is-nowrap is-layout-flex wp-container-core-group-is-layout-7489f87b wp-block-group-is-layout-flex\" style=\"margin-top:0px;margin-bottom:0px;padding-top:0\">\n<p class=\"has-text-align-left header-yellowline\" style=\"margin-top:0;margin-bottom:0em;margin-left:var(--wp--preset--spacing--30);padding-top:0.17em;padding-right:0.17em;padding-bottom:0.17em;padding-left:0.17em;font-size:clamp(1.039em, 1.039rem + ((1vw - 0.2em) * 1.02), 1.6em);\"><strong><strong><strong><strong><strong>Coachs von JPB unterst\u00fctzen?<\/strong><\/strong><\/strong><\/strong><\/strong><\/p>\n<\/div>\n<\/div><\/div>\n\n\n<h2 class=\"wp-block-post-title\">Deutsch-franz\u00f6sische Praktika \u2013 Langzeitmissionen bei JPB Consulting<\/h2>\n\n\n<div class=\"wp-block-group is-nowrap is-layout-flex wp-container-core-group-is-layout-b79ae030 wp-block-group-is-layout-flex\" style=\"padding-right:0px;padding-left:0px;font-size:0.8em\">\n<p>Lire cette page \u00e0 partir d&#8217;un point de vue fran\u00e7ais:<\/p>\n\n\n\n<div class=\"wp-block-group lang-inline has-global-padding is-content-justification-left is-layout-constrained wp-container-core-group-is-layout-eec01751 wp-block-group-is-layout-constrained\" style=\"padding-right:0px;padding-left:0px\">\n<div class=\"wpml-ls-statics-shortcode_actions wpml-ls wpml-ls-legacy-list-horizontal\">\n\t<ul role=\"menu\"><li class=\"wpml-ls-slot-shortcode_actions wpml-ls-item wpml-ls-item-fr wpml-ls-first-item wpml-ls-last-item wpml-ls-item-legacy-list-horizontal\" role=\"none\">\n\t\t\t\t<a href=\"https:\/\/cookiedropping.com\/\" class=\"wpml-ls-link\" role=\"menuitem\"  aria-label=\"Zu Franz\u00f6sisch wechseln\" title=\"Zu Franz\u00f6sisch wechseln\" >\n                    <span class=\"wpml-ls-display\">Franz\u00f6sisch<\/span><\/a>\n\t\t\t<\/li><\/ul>\n<\/div>\n\n<\/div>\n<\/div>\n\n\n\n<h2 class=\"wp-block-heading\">DEUTSCH-FRANZ\u00d6SISCHE PRAKTIKA \/ LANGZEITMISSIONEN BEI JPB CONSULTING<\/h2>\n\n\n\n<p>JPB Consulting ist manchmal auf der Suche nach neuen deutsch-franz\u00f6sischen Talenten zur Unterst\u00fctzung ihrer Entwicklung im Bereich deutsch-franz\u00f6sisches Business- und Change-Management.<\/p>\n\n\n\n<p>Als Praktikant(in) bei JPB haben Sie die M\u00f6glichkeit, Ihre F\u00e4higkeiten und Kompetenzen in einem internationalen Umfeld einzubringen und abwechslungsreiche praxisorientierte Projekte zu verwirklichen.<\/p>\n\n\n\n<hr class=\"wp-block-separator has-text-color has-custom-jpb-yellow-color has-alpha-channel-opacity has-custom-jpb-yellow-background-color has-background is-style-wide\"\/>\n\n\n\n<h3 class=\"wp-block-heading\">ALLGEMEINE BEDINGUNGEN:<\/h3>\n\n\n\n<h4 class=\"wp-block-heading\"><strong>DAUER:<\/strong><\/h4>\n\n\n\n<p>Das Praktikum sollte mindestens 6 Monate dauern, wenn m\u00f6glich l\u00e4nger.<\/p>\n\n\n\n<h4 class=\"wp-block-heading\"><strong>ERFORDERLICHE KONDITIONEN:<\/strong><\/h4>\n\n\n\n<ul class=\"wp-block-list\">\n<li>Zweisprachig deutsch-franz\u00f6sisch, dreisprachig mit englisch erw\u00fcnscht<\/li>\n\n\n\n<li>6 Monate (mindestens)<\/li>\n\n\n\n<li>Praktikumsvereinbarung (&#8222;Convention de Stage&#8220;)<\/li>\n<\/ul>\n\n\n\n<h4 class=\"wp-block-heading\"><strong>VERG\u00dcTUNG:<\/strong><\/h4>\n\n\n\n<p>Gratifikation (bei JPB \u2013 in Frankreich) zu dem gesetzlichen Satz in H\u00f6he von 30% des SMIC (ca. 530,- Euro) + 50% R\u00fcckerstattung der Monatsfahrkarte &#8222;Carte Orange&#8220;.<\/p>\n\n\n\n<h4 class=\"wp-block-heading\"><strong>BEWERBUNG:<\/strong><\/h4>\n\n\n\n<p>Schicken Sie Ihren Lebenslauf und Ihr Bewerbungsschreiben (auf franz\u00f6sisch, wenn Sie Deutsche(r) sind, und auf deutsch, wenn Sie Franzose &#8211; oder Franz\u00f6sin \u2013 sind, an: E-Mail :<a href=\"mailto:jpb@cookiedropping.com\" target=\"_blank\" rel=\"noreferrer noopener\">&nbsp;jpb@cookiedropping.com<\/a><\/p>\n\n\n\n<h4 class=\"wp-block-heading\"><strong>NUTZEN F\u00dcR DIE PRAKTIKANTEN:<\/strong><\/h4>\n\n\n\n<ul class=\"wp-block-list\">\n<li>Die M\u00f6glichkeit Ihre F\u00e4higkeiten und Kernkompetenzen in einem kleinen Team einzubringen und umzusetzen<\/li>\n\n\n\n<li>abwechslungsreiche Projekte in einem dynamischen Umfeld zu erleben, um Ihre Anregungen und Initiativen zu \u00e4u\u00dfern<\/li>\n\n\n\n<li>Erfahrungen in einem transkulturellen bzw. deutsch-franz\u00f6sischen Umfeld zu sammeln.<\/li>\n<\/ul>\n\n\n\n<hr class=\"wp-block-separator has-text-color has-custom-jpb-yellow-color has-alpha-channel-opacity has-custom-jpb-yellow-background-color has-background is-style-wide\"\/>\n\n\n\n<div class=\"wp-block-columns is-layout-flex wp-container-core-columns-is-layout-28f84493 wp-block-columns-is-layout-flex\">\n<div class=\"wp-block-column is-layout-flow wp-block-column-is-layout-flow\" style=\"flex-basis:33.33%\">\n<h2 class=\"wp-block-heading\">ZWEI PRAKTIKUMSPL\u00c4TZE MIT UNTERSCHIEDLICHEN PROFILEN<\/h2>\n\n\n\n<p>In diesem Sinne bietet JPB parallel zwei Praktikumspl\u00e4tze mit unterschiedlichen Profilen und unterschiedlicher Ausrichtung an:<\/p>\n<\/div>\n\n\n\n<div class=\"wp-block-column is-layout-flow wp-block-column-is-layout-flow\" style=\"flex-basis:66.66%\">\n<div class=\"wp-block-advgb-accordions advgb-accordions-65c694ad-7de4-46a0-8d7a-9af52979414e advgb-accordion-wrapper\" data-collapsed=\"true\">\n<div class=\"wp-block-advgb-accordion-item advgb-accordion-item\" style=\"margin-bottom:15px\"><div class=\"advgb-accordion-header\" style=\"background-color:#ffffff;color:#003399;border-style:solid;border-width:1px;border-radius:2px\"><span class=\"advgb-accordion-header-icon\"><svg fill=\"#003399\" xmlns=\"http:\/\/www.w3.org\/2000\/svg\" width=\"24\" height=\"24\" viewBox=\"0 0 24 24\"><path fill=\"none\" d=\"M0,0h24v24H0V0z\"><\/path><path d=\"M19,3H5C3.89,3,3,3.9,3,5v14c0,1.1,0.89,2,2,2h14c1.1,0,2-0.9,2-2V5C21,3.9,20.1,3,19,3z M19,19H5V5h14V19z\"><\/path><polygon points=\"11,17 13,17 13,13 17,13 17,11 13,11 13,7 11,7 11,11 7,11 7,13 11,13\"><\/polygon><\/svg><\/span><h4 class=\"advgb-accordion-header-title\" style=\"color:inherit\">PRAKTIKUM \/ LANGZEITMISSION IM BEREICH KOMMUNIKATION, PUBLIC RELATIONS &amp; MULTIMEDIA-\/WEBMARKETING<\/h4><\/div><div class=\"advgb-accordion-body\" style=\"border-style:solid !important;border-width:1px !important;border-color:undefined !important;border-top:none !important;border-radius:2px !important\">\n<h4 class=\"wp-block-heading\">PRAKTIKUM \/ LANGZEITMISSION IM BEREICH KOMMUNIKATION, PUBLIC RELATIONS &amp; MULTIMEDIA-\/WEBMARKETING<\/h4>\n\n\n\n<p><strong>Was wir von Ihnen erwarten:<\/strong><\/p>\n\n\n\n<ul class=\"wp-block-list\">\n<li>Neugierde, Empathie, und den Esprit &#8222;Web Generation&#8220;<\/li>\n\n\n\n<li>Kreativit\u00e4t, Gesp\u00fcr f\u00fcr Grafik und Visualisierungen sowie redaktionelle F\u00e4higkeiten<\/li>\n\n\n\n<li>Selbst\u00e4ndiges und konsequentes Arbeiten mit Methodik<\/li>\n\n\n\n<li>Professioneller Umgang mit MS Office<\/li>\n\n\n\n<li>Sehr gute Erfahrung mit Bildbearbeitungs- und Grafikprogrammen<\/li>\n\n\n\n<li>Praktika oder anderweitige berufliche Erfahrung in den Bereichen Web-Marketing bzw. Medien-\/\u00d6ffentlichkeitsarbeit sind w\u00fcnschenswert, insbesondere in einem internationalen Umfeld<\/li>\n<\/ul>\n\n\n\n<p><strong>\u2028Ihre m\u00f6glichen Aufgabenbereiche:<\/strong><\/p>\n\n\n\n<p>Als Schnittstelle zwischen unserem Manager f\u00fcr Business Development und unserer PR- bzw. Web-Agentur k\u00f6nnen Sie sich in den folgenden Bereichen einbringen:<\/p>\n\n\n\n<ul class=\"wp-block-list\">\n<li>&#8222;Webmastering&#8220;: Betreuung und Weiterentwicklung der JPB Internetseite www.jpb.net, einschlie\u00dflich neuer Inhalte, Gestaltung, Funktionalit\u00e4ten sowie Suchmaschinenoptimierung<\/li>\n\n\n\n<li>&#8222;Webmarketing&#8220;: Entwicklung neuer externer Kommunikationstools (Blog, Podcast, Forum, Newsletter, E-Mailings, E-Learning&#8230;)<\/li>\n\n\n\n<li>\u00dcberarbeitung der Unternehmens- und Dienstleistungs-Brosch\u00fcren in Bezug auf Design &amp; Layout. Erstellen neuer Marketing-Supports, Pr\u00e4sentationen bzw. Publikationen unter Ber\u00fccksichtigung der Corporate Identity<\/li>\n\n\n\n<li>Erstellung von redaktionellen Beitr\u00e4gen und Pressemitteilungen<\/li>\n\n\n\n<li>Planung und Umsetzung neuer Events, Kunden-Veranstaltungen, Konferenzen, etc<\/li>\n<\/ul>\n<\/div><\/div>\n\n\n\n<div class=\"wp-block-advgb-accordion-item advgb-accordion-item\" style=\"margin-bottom:15px\"><div class=\"advgb-accordion-header\" style=\"background-color:#ffffff;color:#003399;border-style:solid;border-width:1px;border-radius:2px\"><span class=\"advgb-accordion-header-icon\"><svg fill=\"#003399\" xmlns=\"http:\/\/www.w3.org\/2000\/svg\" width=\"24\" height=\"24\" viewBox=\"0 0 24 24\"><path fill=\"none\" d=\"M0,0h24v24H0V0z\"><\/path><path d=\"M19,3H5C3.89,3,3,3.9,3,5v14c0,1.1,0.89,2,2,2h14c1.1,0,2-0.9,2-2V5C21,3.9,20.1,3,19,3z M19,19H5V5h14V19z\"><\/path><polygon points=\"11,17 13,17 13,13 17,13 17,11 13,11 13,7 11,7 11,11 7,11 7,13 11,13\"><\/polygon><\/svg><\/span><h4 class=\"advgb-accordion-header-title\" style=\"color:inherit\">PRAKTIKUM \/ LANGZEITMISSION ALS VERTRIEBS- UND PROJEKT-ASSISTENT(IN)<\/h4><\/div><div class=\"advgb-accordion-body\" style=\"border-style:solid !important;border-width:1px !important;border-color:undefined !important;border-top:none !important;border-radius:2px !important\">\n<h4 class=\"wp-block-heading\">PRAKTIKUM \/ LANGZEITMISSION ALS VERTRIEBS- UND PROJEKT-ASSISTENT(IN)<\/h4>\n\n\n\n<p><strong>Was wir von Ihnen erwarten:<\/strong><\/p>\n\n\n\n<ul class=\"wp-block-list\">\n<li>Offenheit, Kontaktfreudigkeit und Teamf\u00e4higkeit<\/li>\n\n\n\n<li>Selbst\u00e4ndiges und konsequentes Arbeiten mit Methodik<\/li>\n\n\n\n<li>Motivation, Eigeninitiative<\/li>\n\n\n\n<li>Kaufm\u00e4nnisches Gesp\u00fcr<\/li>\n\n\n\n<li>Professioneller Umgang mit MS Office<\/li>\n\n\n\n<li>Praktika oder anderweitige berufliche Erfahrungen in den Bereichen Betriebswirtschaft, Projektassistenz, Marketing, Administration bzw. Europasekretariat sind w\u00fcnschenswert, insbesondere in einem internationalen Umfeld<\/li>\n<\/ul>\n\n\n\n<p><strong>Ihre m\u00f6glichen Aufgabenbereiche:<\/strong><\/p>\n\n\n\n<p>Der\/Die Vertriebsassistent(in) wird an dem t\u00e4glichen Back-up zur Unterst\u00fctzung der Firmenentwicklung teilnehmen. Als Schnittstelle zwischen unserem Vertriebsleiter f\u00fcr Business Development und der Direktions- und Projektassistentin k\u00f6nnen Sie sich in den folgenden Bereichen einbringen:<\/p>\n\n\n\n<ul class=\"wp-block-list\">\n<li>Kundenwerbung und -Betreuung (Gesch\u00e4ftskorrespondenz, E-Mailings)<\/li>\n\n\n\n<li>Telefonische Kundenkontakte, Teilnehmerakquise f\u00fcr Seminare und Veranstaltungen&#8230;)<\/li>\n\n\n\n<li>Regelm\u00e4\u00dfige Marktbeobachtung<\/li>\n\n\n\n<li>Betreuung des Business-Networkings<\/li>\n\n\n\n<li>Erstellung und Aktualisierung von Pr\u00e4sentations- und Moderationsunterlagen<\/li>\n\n\n\n<li>Seminar- und Eventvorbereitung bzw. -organisation<\/li>\n<\/ul>\n<\/div><\/div>\n<\/div>\n<\/div>\n<\/div>\n\n\n\n<hr class=\"wp-block-separator has-text-color has-custom-jpb-yellow-color has-alpha-channel-opacity has-custom-jpb-yellow-background-color has-background is-style-wide\"\/>\n\n\n\n<div class=\"wp-block-columns has-contrast-color has-text-color is-layout-flex wp-container-core-columns-is-layout-28f84493 wp-block-columns-is-layout-flex\">\n<div class=\"wp-block-column is-layout-flow wp-block-column-is-layout-flow\" style=\"padding-top:1em;padding-right:1em;padding-bottom:1em;padding-left:1em\">\n<div class=\"wp-block-group is-nowrap is-layout-flex wp-container-core-group-is-layout-f66f9956 wp-block-group-is-layout-flex\">\n<div class=\"wp-block-outermost-icon-block\"><div class=\"icon-container\" style=\"width:2.5em\"><svg xmlns=\"http:\/\/www.w3.org\/2000\/svg\" width=\"16\" height=\"16\" viewBox=\"0 0 16 16\"><path fill=\"currentColor\" d=\"M11 2.5a2.5 2.5 0 1 1 .603 1.628l-6.718 3.12a2.5 2.5 0 0 1 0 1.504l6.718 3.12a2.5 2.5 0 1 1-.488.876l-6.718-3.12a2.5 2.5 0 1 1 0-3.256l6.718-3.12A2.5 2.5 0 0 1 11 2.5\"><\/path><\/svg><\/div><\/div>\n\n\n\n<div class=\"wp-block-group is-vertical is-layout-flex wp-container-core-group-is-layout-fe9cc265 wp-block-group-is-layout-flex\">\n<p>Bestimmt kennen Sie Kollegen, die mit deutsch-franz\u00f6sischen Problemstellungen konfrontiert sind?<\/p>\n\n\n\n<p>Empfehlen Sie diese Seite m\u00f6glichen interessierten Studenten!<\/p>\n<\/div>\n<\/div>\n<\/div>\n\n\n\n<div class=\"wp-block-column has-tertiary-background-color has-background is-layout-flow wp-block-column-is-layout-flow\" style=\"padding-top:1em;padding-right:1em;padding-bottom:1em;padding-left:1em\">\n<div class=\"wp-block-group is-nowrap is-layout-flex wp-container-core-group-is-layout-f66f9956 wp-block-group-is-layout-flex\">\n<div class=\"wp-block-outermost-icon-block\"><div class=\"icon-container\" style=\"width:3em\"><svg xmlns=\"http:\/\/www.w3.org\/2000\/svg\" width=\"36\" height=\"36\" viewBox=\"0 0 36 36\"><path fill=\"currentColor\" d=\"M32 6H4a2 2 0 0 0-2 2v20a2 2 0 0 0 2 2h28a2 2 0 0 0 2-2V8a2 2 0 0 0-2-2m-1.54 22H5.66l7-7.24l-1.44-1.39L4 26.84V9.52l12.43 12.37a2 2 0 0 0 2.82 0L32 9.21v17.5l-7.36-7.36l-1.41 1.41ZM5.31 8h25.07L17.84 20.47Z\" class=\"clr-i-outline clr-i-outline-path-1\"><\/path><path fill=\"none\" d=\"M0 0h36v36H0z\"><\/path><\/svg><\/div><\/div>\n\n\n\n<p>Kontakt:<br>00.33.1.39.16.95.17<br><a href=\"mailto:jpb@cookiedropping.com\" target=\"_blank\" rel=\"jpb@cookiedropping.com noopener nofollow\">jpb@cookiedropping.com<\/a><\/p>\n<\/div>\n<\/div>\n<\/div>\n","protected":false},"excerpt":{"rendered":"<p>DEUTSCH-FRANZ\u00d6SISCHE PRAKTIKA \/ LANGZEITMISSIONEN BEI JPB CONSULTING JPB Consulting ist manchmal auf der Suche nach neuen deutsch-franz\u00f6sischen Talenten zur Unterst\u00fctzung ihrer Entwicklung im Bereich deutsch-franz\u00f6sisches Business- und Change-Management. Als Praktikant(in) bei JPB haben Sie die M\u00f6glichkeit, Ihre F\u00e4higkeiten und Kompetenzen in einem internationalen Umfeld einzubringen und abwechslungsreiche praxisorientierte Projekte zu verwirklichen. ALLGEMEINE BEDINGUNGEN: DAUER: Das [&hellip;]<\/p>\n","protected":false},"author":1,"featured_media":2428,"parent":0,"menu_order":0,"comment_status":"closed","ping_status":"closed","template":"wp-custom-template-page-jpb","meta":{"advgb_blocks_editor_width":"","advgb_blocks_columns_visual_guide":"","footnotes":""},"class_list":["post-5491","page","type-page","status-publish","has-post-thumbnail","hentry"],"coauthors":[],"author_meta":{"author_link":"https:\/\/cookiedropping.com\/de\/author\/mbd-berlin\/","display_name":"mbd.berlin"},"relative_dates":{"created":"Posted 2\u00a0Jahren ago","modified":"Updated 2\u00a0Jahren ago"},"absolute_dates":{"created":"Posted on Dezember 21, 2023","modified":"Updated on Februar 2, 2024"},"absolute_dates_time":{"created":"Posted on Dezember 21, 2023 11:07 a.m.","modified":"Updated on Februar 2, 2024 5:34 p.m."},"featured_img_caption":"","featured_img":"https:\/\/cookiedropping.com\/wp-content\/uploads\/2014\/05\/a1-2-stagev2.jpg","series_order":"","_links":{"self":[{"href":"https:\/\/cookiedropping.com\/de\/wp-json\/wp\/v2\/pages\/5491","targetHints":{"allow":["GET"]}}],"collection":[{"href":"https:\/\/cookiedropping.com\/de\/wp-json\/wp\/v2\/pages"}],"about":[{"href":"https:\/\/cookiedropping.com\/de\/wp-json\/wp\/v2\/types\/page"}],"author":[{"embeddable":true,"href":"https:\/\/cookiedropping.com\/de\/wp-json\/wp\/v2\/users\/1"}],"replies":[{"embeddable":true,"href":"https:\/\/cookiedropping.com\/de\/wp-json\/wp\/v2\/comments?post=5491"}],"version-history":[{"count":6,"href":"https:\/\/cookiedropping.com\/de\/wp-json\/wp\/v2\/pages\/5491\/revisions"}],"predecessor-version":[{"id":6787,"href":"https:\/\/cookiedropping.com\/de\/wp-json\/wp\/v2\/pages\/5491\/revisions\/6787"}],"wp:featuredmedia":[{"embeddable":true,"href":"https:\/\/cookiedropping.com\/de\/wp-json\/wp\/v2\/media\/2428"}],"wp:attachment":[{"href":"https:\/\/cookiedropping.com\/de\/wp-json\/wp\/v2\/media?parent=5491"}],"curies":[{"name":"wp","href":"https:\/\/api.w.org\/{rel}","templated":true}]}}