{"id":5693,"date":"2023-12-21T12:01:49","date_gmt":"2023-12-21T12:01:49","guid":{"rendered":"https:\/\/cookiedropping.com\/?page_id=5693"},"modified":"2025-08-21T11:22:19","modified_gmt":"2025-08-21T11:22:19","slug":"pierre-de-bartha-pionier-im-deutsch-franzoesischen-management-coaching-seit-1987","status":"publish","type":"page","link":"https:\/\/cookiedropping.com\/de\/pierre-de-bartha-pionier-im-deutsch-franzoesischen-management-coaching-seit-1987\/","title":{"rendered":"Pierre de Bartha \u2013 Pionier im deutsch-franz\u00f6sischen Management-Coaching seit 1987"},"content":{"rendered":"<h2 class=\"wp-block-post-title\">Pierre de Bartha \u2013 Pionier im deutsch-franz\u00f6sischen Management-Coaching seit 1987<\/h2>\n\n\n<div class=\"wp-block-group has-global-padding is-layout-constrained wp-block-group-is-layout-constrained\">\n<div class=\"wp-block-group is-nowrap is-layout-flex wp-container-core-group-is-layout-b79ae030 wp-block-group-is-layout-flex\" style=\"padding-right:0px;padding-left:0px;font-size:0.8em\">\n<p>Lire cette page \u00e0 partir d&#8217;un point de vue fran\u00e7ais:<\/p>\n\n\n\n<div class=\"wp-block-group lang-inline has-global-padding is-content-justification-left is-layout-constrained wp-container-core-group-is-layout-eec01751 wp-block-group-is-layout-constrained\" style=\"padding-right:0px;padding-left:0px\">\n<div class=\"wpml-ls-statics-shortcode_actions wpml-ls wpml-ls-legacy-list-horizontal\">\n\t<ul role=\"menu\"><li class=\"wpml-ls-slot-shortcode_actions wpml-ls-item wpml-ls-item-fr wpml-ls-first-item wpml-ls-last-item wpml-ls-item-legacy-list-horizontal\" role=\"none\">\n\t\t\t\t<a href=\"https:\/\/cookiedropping.com\/\" class=\"wpml-ls-link\" role=\"menuitem\"  aria-label=\"Zu Franz\u00f6sisch wechseln\" title=\"Zu Franz\u00f6sisch wechseln\" >\n                    <span class=\"wpml-ls-display\">Franz\u00f6sisch<\/span><\/a>\n\t\t\t<\/li><\/ul>\n<\/div>\n\n<\/div>\n<\/div>\n\n\n\n<h3 class=\"wp-block-heading\">EXPERTISE UND T\u00c4TIGKEITSSCHWERPUNKTE:<\/h3>\n\n\n\n<figure class=\"wp-block-image alignright size-full is-resized has-custom-border\"><img loading=\"lazy\" decoding=\"async\" width=\"386\" height=\"569\" src=\"https:\/\/cookiedropping.com\/wp-content\/uploads\/2025\/08\/Pierre-de-Bartha-Fond-noir-2024.jpg\" alt=\"\" class=\"has-border-color has-tertiary-border-color wp-image-7063\" style=\"border-width:1px;width:280px\" srcset=\"https:\/\/cookiedropping.com\/wp-content\/uploads\/2025\/08\/Pierre-de-Bartha-Fond-noir-2024.jpg 386w, https:\/\/cookiedropping.com\/wp-content\/uploads\/2025\/08\/Pierre-de-Bartha-Fond-noir-2024-204x300.jpg 204w, https:\/\/cookiedropping.com\/wp-content\/uploads\/2025\/08\/Pierre-de-Bartha-Fond-noir-2024-50x74.jpg 50w\" sizes=\"auto, (max-width: 386px) 100vw, 386px\" \/><figcaption class=\"wp-element-caption\">Pierre de Bartha<\/figcaption><\/figure>\n\n\n\n<ul class=\"wp-block-list\">\n<li>Coaching, Begleitung und Real-time Probleml\u00f6sung f\u00fcr Vorst\u00e4nde, Manager, Expatriates, Schnittstellenfunktionen, Teams und Organisationen, spezifisch in deutsch-franz\u00f6sischen Unternehmen<\/li>\n\n\n\n<li>Erfahrener, von beiden Seiten als Experte anerkannter Botschafter zwischen Deutschen und Franzosen<\/li>\n\n\n\n<li>\u00dcber Jahrzehnte erprobte Methodik zur Behebung von Dekodierungsfehlern und St\u00f6rfaktoren in der Zusammenarbeit im deutsch-franz\u00f6sischen Gesch\u00e4ftsleben<\/li>\n\n\n\n<li>Messbare Lerngewinne durch Nutzung der umfangreichen Palette praxiserprobter L\u00f6sungswege des JPB-Consulting Erfahrungsschatzes aus \u00fcber 30 Branchen (M&amp;As, Ver\u00e4nderungsprozesse, Mutter-Tochter-Beziehungen\u2026)<\/li>\n<\/ul>\n\n\n\n<h3 class=\"wp-block-heading\">&nbsp;<\/h3>\n\n\n\n<h3 class=\"wp-block-heading\">BERUFSERFAHRUNG:<\/h3>\n\n\n\n<ul class=\"wp-block-list\">\n<li>Siebenj\u00e4hriger Aufbau und Entwicklung der franz\u00f6sischen Filiale eines deutschen Unternehmens der Baubranche,<\/li>\n\n\n\n<li>Zwei Jahre Gesch\u00e4ftsf\u00fchrung einer franz\u00f6sischen Tochtergesellschaft in der Maschinenbau-Branche,<\/li>\n\n\n\n<li>Seit 1987 gesch\u00e4ftsf\u00fchrender Gesellschafter von JPB Consulting in Paris,<\/li>\n\n\n\n<li>Erfahrungsschatz: 30 Jahre Begleitung von \u00fcber 15.000 F\u00fchrungskr\u00e4ften und Ingenieuren in trans-kulturellen Fusionen, Joint-Ventures, Change-Projekten und Mutter-Tochter Beziehungen.<\/li>\n<\/ul>\n\n\n\n<h3 class=\"wp-block-heading\">&nbsp;<\/h3>\n\n\n\n<h3 class=\"wp-block-heading\">AUSBILDUNG:<\/h3>\n\n\n\n<ul class=\"wp-block-list\">\n<li>Abitur 1973 in Paris,<\/li>\n\n\n\n<li>Diplom-Betriebswirt &#8211; European Business School (Paris &#8211; Frankfurt \u2013 London),<\/li>\n\n\n\n<li>Ausbildung zum Coach (systemische Methodik von &#8222;Palo Alto&#8220;),<\/li>\n\n\n\n<li>Pers\u00f6nlichkeitsentwicklungsprozesse.<\/li>\n<\/ul>\n\n\n\n<h3 class=\"wp-block-heading\"><\/h3>\n\n\n\n<p class=\"has-medium-font-size\"><strong>SPRACHEN:&nbsp;<br><\/strong>Franz\u00f6sisch, Deutsch, Englisch<\/p>\n\n\n\n<p class=\"has-medium-font-size\"><strong>NATIONALIT\u00c4T:&nbsp;<br><\/strong>bi-kulturell franz\u00f6sisch-deutsch<\/p>\n\n\n\n<p class=\"has-medium-font-size\"><strong>JAHRGANG: <br><\/strong>1955<\/p>\n\n\n\n<h3 class=\"wp-block-heading\">VER\u00d6FFENTLICHUNGEN:<\/h3>\n\n\n\n<ul class=\"wp-block-list\">\n<li>Co-Autor von mehreren Publikationen \u00fcber deutsch-franz\u00f6sisches Management und insbesondere dem 2-b\u00e4ndigen Kompendiums &#8222;Deutsch-franz\u00f6sisches Kooperations-management&#8220; (Edition Becker M\u00fcnchen, 1996), und &#8222;Deutsch-franz\u00f6sische Gesch\u00e4ftsbeziehungen erfolgreich managen&#8220; (Gabler Verlag, 4. Auflage 2012),<\/li>\n\n\n\n<li>Ver\u00f6ffentlichungen in zahlreichen Fachzeitschriften und Wirtschaftsmagazinen.<\/li>\n\n\n\n<li>Gefragter Interviewpartner in Fernseh-&amp; und Rundfunk-Interviews (ARTE, France 2, France 3, WDR, RTL, RFI&#8230;).<\/li>\n<\/ul>\n\n\n\n<h3 class=\"wp-block-heading\">MEINE LEIDENSCHAFT: ALS &#8222;BOTSCHAFTER&#8220; ZU WIRKEN:<\/h3>\n\n\n\n<p>Meine Leidenschaft ist es mit Einf\u00fchlungsverm\u00f6gen und Mitgef\u00fchl zuzuh\u00f6ren, Menschen dazu zu bringen Verst\u00e4ndnis und Akzeptanz f\u00fcr Andere sowie f\u00fcr sich selbst zu entwickeln und werturteilsfreien Perspektivenwechsel mit Humor anzuregen.<br>Besonders nach dem Tod meines 9 j\u00e4hrigen Sohnes glaube ich an das Leben und an das Gute im Menschen. Dieser Glaube treibt mich sowohl im Berufsleben wie auch im privaten. Ich widme viel Zeit f\u00fcr weltweites Zusammenwirken in ehrenamtlichen Projekten f\u00fcr humanit\u00e4re Ziele. Ich spiele Golf (und war Schiedsrichter des franz\u00f6sischen Golfverbandes sowie Spielf\u00fchrer des Pariser Golfclubs Saint-Nom-La-Bret\u00e8che), liebe klassische Musik, Treffen und Austausch im Freundeskreis, den Tag mit einem Spaziergang in der Natur zu beginnen, und &#8230; Humor.<\/p>\n\n\n\n<h3 class=\"wp-block-heading\">BERUFUNG STATT BERUF:<\/h3>\n\n\n\n<p>In Stuttgart geboren, jedoch Franzose, bin&nbsp;<strong>ich &#8222;deu-z\u00f6sisch&#8220;<\/strong>&nbsp;aufgewachsen. Meine aus Deutschland stammende Mutter vermittelte mir deutsche (und sogar schw\u00e4bische!) Grundwerte, und das Pariser Umfeld meiner Jugend eine eher franz\u00f6sische Denkweise.<\/p>\n\n\n\n<p>Die bedeutendste T\u00e4tigkeit meines siebenj\u00e4hrigen Aufbaus einer franz\u00f6sischen Filiale bestand unerwarteterweise darin, als&nbsp;<strong>Schnittstelle<\/strong>, bzw.&nbsp;<strong>Mediator<\/strong>&nbsp;zwischen meinen franz\u00f6sischen Kollegen und deren deutschen Widerparts des Mutterhauses in Deutschland zu fungieren. Die zahlreichen Reibereien und Missverst\u00e4ndnisse, die es aus dem Weg zu r\u00e4umen galt, nahmen ca. 50% meiner Zeit in Anspruch!<br><br>Zwei Jahre lang \u00fcbte ich in einer Unternehmensberatung im D\u00fcsseldorfer Raum eine doppelte T\u00e4tigkeit aus. Einerseits Consultant in einer Beratergruppe f\u00fcr franz\u00f6sische Angelegenheiten, andererseits Gesch\u00e4ftsf\u00fchrer einer franz\u00f6sischen Niederlassung eines deutschen Unternehmens. Im Rahmen meiner Hauptaufgabe, die franz\u00f6sische Filiale und deren Vertriebsorganisation in Frankreich auszubauen, befand ich mich wieder in der Mittler-Funktion. Diese Aufgabe eines &#8222;kulturellen Botschafters&#8220; machte mir einerseits immer mehr Spa\u00df und andererseits wurde mir immer klarer welchen entscheidenden Nutzen eine gut besetzte Schnittstellen-Position f\u00fcr ein Unternehmen bringt.<br><br>So entstand mein Bed\u00fcrfnis, diese Praxiserlebnisse zu verfeinern und zu strukturieren. Diese einmalige Gelegenheit wurde mir dadurch geboten, dass ich mich 1987 entschied, gemeinsam mit Jochen Peter Breuer als gesch\u00e4ftsf\u00fchrender Gesellschafter in die damals noch in den Anf\u00e4ngen steckende Unternehmensberatung JPB einzusteigen.<br><br>So konnte ich meine Leidenschaft mit einem ma\u00dfgeschneiderten Beruf verbinden und startete in ein faszinierendes Abenteuer, das bis heute anh\u00e4lt. Ausgangspunkt waren einige g\u00e4ngige Feststellungen \u00fcber kulturelle Unterschiede. Es ging zuerst darum in einer empirischen Erforschung die fatalsten deutsch-franz\u00f6sischen Konflikte aufzudecken. Dann galt es, Pionierarbeit zu leisten: unsere Erfahrungen von interkulturellen und zwischenmenschlichen Kooperationshindernissen mussten strukturiert, und innovative Methoden und dauerhafte L\u00f6sungen f\u00fcr unseren Kunden geschaffen werden.<br><br>Die in verschiedenen Seminaren und Ausbildungen f\u00fcr Pers\u00f6nlichkeitsentwicklung erworbene Selbsterkenntnis gaben mir die Grundlage f\u00fcr die in meinem Beruf unentbehrliche F\u00e4higkeit, mich in die meist unausgesprochenen Probleme und Wahrnehmungen unserer Kunden hineinversetzen zu k\u00f6nnen.<\/p>\n<\/div>\n","protected":false},"excerpt":{"rendered":"<p>EXPERTISE UND T\u00c4TIGKEITSSCHWERPUNKTE: &nbsp; BERUFSERFAHRUNG: &nbsp; AUSBILDUNG: SPRACHEN:&nbsp;Franz\u00f6sisch, Deutsch, Englisch NATIONALIT\u00c4T:&nbsp;bi-kulturell franz\u00f6sisch-deutsch JAHRGANG: 1955 VER\u00d6FFENTLICHUNGEN: MEINE LEIDENSCHAFT: ALS &#8222;BOTSCHAFTER&#8220; ZU WIRKEN: Meine Leidenschaft ist es mit Einf\u00fchlungsverm\u00f6gen und Mitgef\u00fchl zuzuh\u00f6ren, Menschen dazu zu bringen Verst\u00e4ndnis und Akzeptanz f\u00fcr Andere sowie f\u00fcr sich selbst zu entwickeln und werturteilsfreien Perspektivenwechsel mit Humor anzuregen.Besonders nach dem Tod meines [&hellip;]<\/p>\n","protected":false},"author":1,"featured_media":7063,"parent":0,"menu_order":0,"comment_status":"closed","ping_status":"closed","template":"wp-custom-template-page-home-jpb","meta":{"advgb_blocks_editor_width":"","advgb_blocks_columns_visual_guide":"","footnotes":""},"class_list":["post-5693","page","type-page","status-publish","has-post-thumbnail","hentry"],"coauthors":[],"author_meta":{"author_link":"https:\/\/cookiedropping.com\/de\/author\/mbd-berlin\/","display_name":"mbd.berlin"},"relative_dates":{"created":"Posted 2\u00a0Jahren ago","modified":"Updated 8\u00a0Monaten ago"},"absolute_dates":{"created":"Posted on Dezember 21, 2023","modified":"Updated on August 21, 2025"},"absolute_dates_time":{"created":"Posted on Dezember 21, 2023 12:01 p.m.","modified":"Updated on August 21, 2025 11:22 a.m."},"featured_img_caption":"","featured_img":"https:\/\/cookiedropping.com\/wp-content\/uploads\/2025\/08\/Pierre-de-Bartha-Fond-noir-2024.jpg","series_order":"","_links":{"self":[{"href":"https:\/\/cookiedropping.com\/de\/wp-json\/wp\/v2\/pages\/5693","targetHints":{"allow":["GET"]}}],"collection":[{"href":"https:\/\/cookiedropping.com\/de\/wp-json\/wp\/v2\/pages"}],"about":[{"href":"https:\/\/cookiedropping.com\/de\/wp-json\/wp\/v2\/types\/page"}],"author":[{"embeddable":true,"href":"https:\/\/cookiedropping.com\/de\/wp-json\/wp\/v2\/users\/1"}],"replies":[{"embeddable":true,"href":"https:\/\/cookiedropping.com\/de\/wp-json\/wp\/v2\/comments?post=5693"}],"version-history":[{"count":4,"href":"https:\/\/cookiedropping.com\/de\/wp-json\/wp\/v2\/pages\/5693\/revisions"}],"predecessor-version":[{"id":7071,"href":"https:\/\/cookiedropping.com\/de\/wp-json\/wp\/v2\/pages\/5693\/revisions\/7071"}],"wp:featuredmedia":[{"embeddable":true,"href":"https:\/\/cookiedropping.com\/de\/wp-json\/wp\/v2\/media\/7063"}],"wp:attachment":[{"href":"https:\/\/cookiedropping.com\/de\/wp-json\/wp\/v2\/media?parent=5693"}],"curies":[{"name":"wp","href":"https:\/\/api.w.org\/{rel}","templated":true}]}}