{"id":5699,"date":"2023-12-21T12:06:25","date_gmt":"2023-12-21T12:06:25","guid":{"rendered":"https:\/\/cookiedropping.com\/?page_id=5699"},"modified":"2025-08-21T11:22:35","modified_gmt":"2025-08-21T11:22:35","slug":"jochen-peter-breuer","status":"publish","type":"page","link":"https:\/\/cookiedropping.com\/de\/jochen-peter-breuer\/","title":{"rendered":"Jochen-Peter Breuer \u2013 Architekt f\u00fcr psychologische\nSicherheit"},"content":{"rendered":"<h2 class=\"wp-block-post-title\">Jochen-Peter Breuer \u2013 Architekt f\u00fcr psychologische\nSicherheit<\/h2>\n\n\n<div class=\"wp-block-group has-global-padding is-layout-constrained wp-block-group-is-layout-constrained\">\n<div class=\"wp-block-group is-nowrap is-layout-flex wp-container-core-group-is-layout-b79ae030 wp-block-group-is-layout-flex\" style=\"padding-right:0px;padding-left:0px;font-size:0.8em\">\n<p>Lire cette page \u00e0 partir d&#8217;un point de vue fran\u00e7ais:<\/p>\n\n\n\n<div class=\"wp-block-group lang-inline has-global-padding is-content-justification-left is-layout-constrained wp-container-core-group-is-layout-eec01751 wp-block-group-is-layout-constrained\" style=\"padding-right:0px;padding-left:0px\">\n<div class=\"wpml-ls-statics-shortcode_actions wpml-ls wpml-ls-legacy-list-horizontal\">\n\t<ul role=\"menu\"><li class=\"wpml-ls-slot-shortcode_actions wpml-ls-item wpml-ls-item-fr wpml-ls-first-item wpml-ls-last-item wpml-ls-item-legacy-list-horizontal\" role=\"none\">\n\t\t\t\t<a href=\"https:\/\/cookiedropping.com\/\" class=\"wpml-ls-link\" role=\"menuitem\"  aria-label=\"Zu Franz\u00f6sisch wechseln\" title=\"Zu Franz\u00f6sisch wechseln\" >\n                    <span class=\"wpml-ls-display\">Franz\u00f6sisch<\/span><\/a>\n\t\t\t<\/li><\/ul>\n<\/div>\n\n<\/div>\n<\/div>\n\n\n\n<figure class=\"wp-block-image alignright size-full is-resized has-custom-border\"><img loading=\"lazy\" decoding=\"async\" width=\"2020\" height=\"2313\" src=\"https:\/\/cookiedropping.com\/wp-content\/uploads\/2025\/08\/Jochen-Peter-Breuer-Portrait_2020.jpg\" alt=\"\" class=\"has-border-color has-tertiary-border-color wp-image-7065\" style=\"border-width:1px;width:280px\" srcset=\"https:\/\/cookiedropping.com\/wp-content\/uploads\/2025\/08\/Jochen-Peter-Breuer-Portrait_2020.jpg 2020w, https:\/\/cookiedropping.com\/wp-content\/uploads\/2025\/08\/Jochen-Peter-Breuer-Portrait_2020-262x300.jpg 262w, https:\/\/cookiedropping.com\/wp-content\/uploads\/2025\/08\/Jochen-Peter-Breuer-Portrait_2020-894x1024.jpg 894w, https:\/\/cookiedropping.com\/wp-content\/uploads\/2025\/08\/Jochen-Peter-Breuer-Portrait_2020-768x879.jpg 768w, https:\/\/cookiedropping.com\/wp-content\/uploads\/2025\/08\/Jochen-Peter-Breuer-Portrait_2020-50x57.jpg 50w, https:\/\/cookiedropping.com\/wp-content\/uploads\/2025\/08\/Jochen-Peter-Breuer-Portrait_2020-1600x1832.jpg 1600w, https:\/\/cookiedropping.com\/wp-content\/uploads\/2025\/08\/Jochen-Peter-Breuer-Portrait_2020-1341x1536.jpg 1341w, https:\/\/cookiedropping.com\/wp-content\/uploads\/2025\/08\/Jochen-Peter-Breuer-Portrait_2020-1789x2048.jpg 1789w\" sizes=\"auto, (max-width: 2020px) 100vw, 2020px\" \/><figcaption class=\"wp-element-caption\">Jochen Peter Breuer<\/figcaption><\/figure>\n\n\n\n<h3 class=\"wp-block-heading\">T\u00c4TIGKEITSSCHWERPUNKTE:<\/h3>\n\n\n\n<ul class=\"wp-block-list\">\n<li>Internationale Projekte auf der Basis des mentalmerger<sup>\u00ae<\/sup>-Prozesses&nbsp;<\/li>\n\n\n\n<li>Begleitung von Fusionen &amp; Reorginsationsprozessen<\/li>\n\n\n\n<li>Interkulturelle Kommunikation, Troubleshooting und Mediation<\/li>\n\n\n\n<li>Managementteam- &amp; Executive-Coaching<\/li>\n<\/ul>\n\n\n\n<p><\/p>\n\n\n\n<h3 class=\"wp-block-heading\">EXPERTISE:<\/h3>\n\n\n\n<ul class=\"wp-block-list\">\n<li>Aufl\u00f6sung emotionaler Blockaden in internationalen Unternehmen<\/li>\n\n\n\n<li>Management von kollektiven Emotionen im Business<\/li>\n\n\n\n<li>Experte f\u00fcr psychologische Sicherheit in Unternehmen<\/li>\n<\/ul>\n\n\n\n<p><\/p>\n\n\n\n<h3 class=\"wp-block-heading\">BERUFSERFAHRUNG:<\/h3>\n\n\n\n<ul class=\"wp-block-list\">\n<li>Kreditspezialist \/ Bilanzanalyse \u2013 Commerzbank AG K\u00f6ln-Frankfurt-Paris<\/li>\n\n\n\n<li>Gr\u00fcnder von JPB Consulting (1984) &#8211; f\u00fchrende Beratungsfirma in Deutsch-Franz\u00f6sischem Management (Paris)&nbsp;<\/li>\n\n\n\n<li>Gr\u00fcnder von HE2BE SA in 2008 (Lausanne, Schweiz)<\/li>\n\n\n\n<li>Gr\u00fcnder von JPB &amp; Friends in 2018 (Lausanne, Schweiz)<\/li>\n\n\n\n<li>Begleitung von \u00fcber 30.000 Gesch\u00e4ftsf\u00fchrern, internationalen Managern und Ingenieuren bei Fusionen und Reorganisationen<\/li>\n\n\n\n<li>Dozent im Executive Leadership Programm Universit\u00e4t HEC Lausanne<\/li>\n<\/ul>\n\n\n\n<p><\/p>\n\n\n\n<p class=\"has-medium-font-size\"><strong>SPRACHEN:<br><\/strong>Deutsch, Franz\u00f6sisch, Englisch<\/p>\n\n\n\n<p class=\"has-medium-font-size\"><strong>NATIONALIT\u00c4T:<br><\/strong>bi-kulturell deutsch-franz\u00f6sisch<\/p>\n\n\n\n<p class=\"has-medium-font-size\"><strong>JAHRGANG:<br><\/strong>1956<\/p>\n\n\n\n<p><\/p>\n\n\n\n<h3 class=\"wp-block-heading\">BUCHAUTOR &amp; PODCASTER:<\/h3>\n\n\n\n<ul class=\"wp-block-list\">\n<li>Leadership beyond Business&nbsp; &#8211; Die energiebewusste F\u00fchrungskraft (2024) &#8211; Syntonie<\/li>\n\n\n\n<li>Das emotionale Unternehmen (2010), Springer Gabler<\/li>\n\n\n\n<li>Deutsch-franz\u00f6sische Gesch\u00e4ftsbeziehungen erfolgreich gestalten (2001) &#8211; Springer Gabler<\/li>\n\n\n\n<li>Podcast \u201eEmotions in Leadership\u201c gemeinsam mit Christoph Theile<\/li>\n\n\n\n<li>Experte f\u00fcr Focus-online und andere Fachzeitschriften<\/li>\n<\/ul>\n\n\n\n<h3 class=\"wp-block-heading\" style=\"text-transform:none\"><strong>MEINE LEIDENSCHAFT: Leadership beyond Business&nbsp;&nbsp;<\/strong><\/h3>\n\n\n\n<ul class=\"wp-block-list\">\n<li>Businessprobleme lassen sich mit mehr Leichtigkeit l\u00f6sen, wenn der dahinterliegende emotionale Engpass gel\u00f6st wird.<br>Dazu ist es wichtig, ein Umfeld zu schaffen, in dem Menschen sich sicher f\u00fchlen, um alles anzusprechen<br>und ihre Kooperation einfach und nat\u00fcrlich gestalten k\u00f6nnen. Dazu nutze ich meine Kernkompetenz: psychologische Sicherheit systematisch aufbauen und dauerhaft implementieren.<\/li>\n<\/ul>\n\n\n\n<ul class=\"wp-block-list\">\n<li>Ich bin \u201eMade by life\u201c: verheiratet mit 2 Franz\u00f6sinnen (hintereinander \ud83d\ude09), 4 Kinder, Patchwork Family. Ich bin immer meiner Intuition gefolgt und habe Privatleben und Business verbunden. 3-mal komplett mein Leben ver\u00e4ndert, inklusiv Eintauchen in neue Kulturen (Deutschland \/ Frankreich \/ Schweiz). Mit meiner Frau Francine arbeite ich zusammen: Wir haben gemeinsam zus\u00e4tzlich zum Unternehmen ein Seminarzentrum betrieben, coachen und moderieren Workshops. Viele ehemalige Kunden sind zu guten Freunde geworden.<\/li>\n<\/ul>\n<\/div>\n","protected":false},"excerpt":{"rendered":"<p>T\u00c4TIGKEITSSCHWERPUNKTE: EXPERTISE: BERUFSERFAHRUNG: SPRACHEN:Deutsch, Franz\u00f6sisch, Englisch NATIONALIT\u00c4T:bi-kulturell deutsch-franz\u00f6sisch JAHRGANG:1956 BUCHAUTOR &amp; PODCASTER: MEINE LEIDENSCHAFT: Leadership beyond Business&nbsp;&nbsp;<\/p>\n","protected":false},"author":1,"featured_media":7065,"parent":0,"menu_order":0,"comment_status":"closed","ping_status":"closed","template":"wp-custom-template-page-without-cover","meta":{"advgb_blocks_editor_width":"","advgb_blocks_columns_visual_guide":"","footnotes":""},"class_list":["post-5699","page","type-page","status-publish","has-post-thumbnail","hentry"],"coauthors":[],"author_meta":{"author_link":"https:\/\/cookiedropping.com\/de\/author\/mbd-berlin\/","display_name":"mbd.berlin"},"relative_dates":{"created":"Posted 2\u00a0Jahren ago","modified":"Updated 8\u00a0Monaten ago"},"absolute_dates":{"created":"Posted on Dezember 21, 2023","modified":"Updated on August 21, 2025"},"absolute_dates_time":{"created":"Posted on Dezember 21, 2023 12:06 p.m.","modified":"Updated on August 21, 2025 11:22 a.m."},"featured_img_caption":"","featured_img":"https:\/\/cookiedropping.com\/wp-content\/uploads\/2025\/08\/Jochen-Peter-Breuer-Portrait_2020.jpg","series_order":"","_links":{"self":[{"href":"https:\/\/cookiedropping.com\/de\/wp-json\/wp\/v2\/pages\/5699","targetHints":{"allow":["GET"]}}],"collection":[{"href":"https:\/\/cookiedropping.com\/de\/wp-json\/wp\/v2\/pages"}],"about":[{"href":"https:\/\/cookiedropping.com\/de\/wp-json\/wp\/v2\/types\/page"}],"author":[{"embeddable":true,"href":"https:\/\/cookiedropping.com\/de\/wp-json\/wp\/v2\/users\/1"}],"replies":[{"embeddable":true,"href":"https:\/\/cookiedropping.com\/de\/wp-json\/wp\/v2\/comments?post=5699"}],"version-history":[{"count":4,"href":"https:\/\/cookiedropping.com\/de\/wp-json\/wp\/v2\/pages\/5699\/revisions"}],"predecessor-version":[{"id":7072,"href":"https:\/\/cookiedropping.com\/de\/wp-json\/wp\/v2\/pages\/5699\/revisions\/7072"}],"wp:featuredmedia":[{"embeddable":true,"href":"https:\/\/cookiedropping.com\/de\/wp-json\/wp\/v2\/media\/7065"}],"wp:attachment":[{"href":"https:\/\/cookiedropping.com\/de\/wp-json\/wp\/v2\/media?parent=5699"}],"curies":[{"name":"wp","href":"https:\/\/api.w.org\/{rel}","templated":true}]}}