{"id":5702,"date":"2023-12-21T12:09:24","date_gmt":"2023-12-21T12:09:24","guid":{"rendered":"https:\/\/cookiedropping.com\/?page_id=5702"},"modified":"2024-02-22T21:48:05","modified_gmt":"2024-02-22T21:48:05","slug":"susanne-dilcher-de-broglie","status":"publish","type":"page","link":"https:\/\/cookiedropping.com\/de\/susanne-dilcher-de-broglie\/","title":{"rendered":"Susanne Dilcher de Broglie"},"content":{"rendered":"<h2 class=\"wp-block-post-title\">Susanne Dilcher de Broglie<\/h2>\n\n\n<div class=\"wp-block-group has-global-padding is-layout-constrained wp-block-group-is-layout-constrained\">\n<div class=\"wp-block-group is-nowrap is-layout-flex wp-container-core-group-is-layout-b79ae030 wp-block-group-is-layout-flex\" style=\"padding-right:0px;padding-left:0px;font-size:0.8em\">\n<p>Lire cette page \u00e0 partir d&#8217;un point de vue fran\u00e7ais:<\/p>\n\n\n\n<div class=\"wp-block-group lang-inline has-global-padding is-content-justification-left is-layout-constrained wp-container-core-group-is-layout-eec01751 wp-block-group-is-layout-constrained\" style=\"padding-right:0px;padding-left:0px\">\n<div class=\"wpml-ls-statics-shortcode_actions wpml-ls wpml-ls-legacy-list-horizontal\">\n\t<ul role=\"menu\"><li class=\"wpml-ls-slot-shortcode_actions wpml-ls-item wpml-ls-item-fr wpml-ls-first-item wpml-ls-last-item wpml-ls-item-legacy-list-horizontal\" role=\"none\">\n\t\t\t\t<a href=\"https:\/\/cookiedropping.com\/\" class=\"wpml-ls-link\" role=\"menuitem\"  aria-label=\"Zu Franz\u00f6sisch wechseln\" title=\"Zu Franz\u00f6sisch wechseln\" >\n                    <span class=\"wpml-ls-display\">Franz\u00f6sisch<\/span><\/a>\n\t\t\t<\/li><\/ul>\n<\/div>\n\n<\/div>\n<\/div>\n\n\n\n<figure class=\"wp-block-image alignright size-full is-resized has-custom-border\"><img loading=\"lazy\" decoding=\"async\" width=\"439\" height=\"642\" src=\"https:\/\/cookiedropping.com\/wp-content\/uploads\/2024\/01\/Susanne-2018.jpg\" alt=\"\" class=\"has-border-color has-tertiary-border-color wp-image-6365\" style=\"border-width:1px;aspect-ratio:3\/4;object-fit:cover;width:280px\" srcset=\"https:\/\/cookiedropping.com\/wp-content\/uploads\/2024\/01\/Susanne-2018.jpg 439w, https:\/\/cookiedropping.com\/wp-content\/uploads\/2024\/01\/Susanne-2018-205x300.jpg 205w, https:\/\/cookiedropping.com\/wp-content\/uploads\/2024\/01\/Susanne-2018-50x73.jpg 50w\" sizes=\"auto, (max-width: 439px) 100vw, 439px\" \/><figcaption class=\"wp-element-caption\">Susanne Dilcher de Broglie<\/figcaption><\/figure>\n\n\n\n<h3 class=\"wp-block-heading\">EXPERTISE &amp; T\u00c4TIGKEITSSCHWERPUNKTE:<\/h3>\n\n\n\n<ul class=\"wp-block-list\">\n<li>Dreisprachiger (interkultureller) Coach f\u00fcr Vorst\u00e4nde &amp; Teams, Change Consultant, Krisen-Mediator<\/li>\n\n\n\n<li>Gro\u00dfe Erfahrung im Trennen von sachlichen Interessenkonflikten und Dekodierungs-Irrt\u00fcmern unter Einbeziehung der harten und soften Faktoren<\/li>\n\n\n\n<li>St\u00e4ndiger Fokus auf Probleml\u00f6sungen, mit Blick auf das&nbsp;<em>big picture<\/em>&nbsp;sowie&nbsp;<em>out of the box<\/em>-Denken<\/li>\n<\/ul>\n\n\n\n<h3 class=\"wp-block-heading\">BERUFSERFAHRUNG:<\/h3>\n\n\n\n<ul class=\"wp-block-list\">\n<li>Unternehmensberaterin bei McKinsey in M\u00fcnchen,<\/li>\n\n\n\n<li>Operatives Top-Management f\u00fcr ein franz\u00f6sisches Konglomerat in diversen Branchen, Schwerpunkt: Generalmanagement, Vertrieb und Marketing weltweit (Vice President for global sales &amp; marketing),<\/li>\n\n\n\n<li>Gr\u00fcnderin und Gesch\u00e4ftsf\u00fchrerin eines Start-ups im Service Bereich in Paris, Verkauf mit 30 Mio. \u20ac Umsatz,<\/li>\n\n\n\n<li>Erfahrung im operativen Management und Verhandeln u.a. in Deutschland, Frankreich, England, USA,<\/li>\n\n\n\n<li>Dozentent\u00e4tigkeit bei HEC, Paris (franz. Managementhochschule),<\/li>\n\n\n\n<li>Seit Dezember 2002 Senior Consultant bei JPB Consulting.<\/li>\n<\/ul>\n\n\n\n<h3 class=\"wp-block-heading\">AUSBILDUNG:<\/h3>\n\n\n\n<ul class=\"wp-block-list\">\n<li>Deutsches Abitur 1977,<\/li>\n\n\n\n<li>Studium der theoretischen Physik, LMU M\u00fcnchen, Abschluss Diplomphysikerin,<\/li>\n\n\n\n<li>Betriebswirtschaftliches Aufbaustudium Georgia Institute of Technology USA, Abschluss MBA,<\/li>\n\n\n\n<li>Ausbildung zum Coach nach Paul Watzlawick.<\/li>\n<\/ul>\n\n\n\n<p class=\"has-medium-font-size\"><strong>SPRACHEN:<br><\/strong>Englisch, Deutsch, Franz\u00f6sisch<\/p>\n\n\n\n<p class=\"has-medium-font-size\"><strong>NATIONALIT\u00c4T:<br><\/strong>Deutsch<\/p>\n\n\n\n<p class=\"has-medium-font-size\"><strong>JAHRGANG:<br><\/strong>1959<\/p>\n<\/div>\n","protected":false},"excerpt":{"rendered":"<p>EXPERTISE &amp; T\u00c4TIGKEITSSCHWERPUNKTE: BERUFSERFAHRUNG: AUSBILDUNG: SPRACHEN:Englisch, Deutsch, Franz\u00f6sisch NATIONALIT\u00c4T:Deutsch JAHRGANG:1959<\/p>\n","protected":false},"author":1,"featured_media":6365,"parent":0,"menu_order":0,"comment_status":"closed","ping_status":"closed","template":"wp-custom-template-page-without-cover","meta":{"advgb_blocks_editor_width":"","advgb_blocks_columns_visual_guide":"","footnotes":""},"class_list":["post-5702","page","type-page","status-publish","has-post-thumbnail","hentry"],"coauthors":[],"author_meta":{"author_link":"https:\/\/cookiedropping.com\/de\/author\/mbd-berlin\/","display_name":"mbd.berlin"},"relative_dates":{"created":"Posted 2\u00a0Jahren ago","modified":"Updated 2\u00a0Jahren ago"},"absolute_dates":{"created":"Posted on Dezember 21, 2023","modified":"Updated on Februar 22, 2024"},"absolute_dates_time":{"created":"Posted on Dezember 21, 2023 12:09 p.m.","modified":"Updated on Februar 22, 2024 9:48 p.m."},"featured_img_caption":"","featured_img":"https:\/\/cookiedropping.com\/wp-content\/uploads\/2024\/01\/Susanne-2018.jpg","series_order":"","_links":{"self":[{"href":"https:\/\/cookiedropping.com\/de\/wp-json\/wp\/v2\/pages\/5702","targetHints":{"allow":["GET"]}}],"collection":[{"href":"https:\/\/cookiedropping.com\/de\/wp-json\/wp\/v2\/pages"}],"about":[{"href":"https:\/\/cookiedropping.com\/de\/wp-json\/wp\/v2\/types\/page"}],"author":[{"embeddable":true,"href":"https:\/\/cookiedropping.com\/de\/wp-json\/wp\/v2\/users\/1"}],"replies":[{"embeddable":true,"href":"https:\/\/cookiedropping.com\/de\/wp-json\/wp\/v2\/comments?post=5702"}],"version-history":[{"count":4,"href":"https:\/\/cookiedropping.com\/de\/wp-json\/wp\/v2\/pages\/5702\/revisions"}],"predecessor-version":[{"id":7005,"href":"https:\/\/cookiedropping.com\/de\/wp-json\/wp\/v2\/pages\/5702\/revisions\/7005"}],"wp:featuredmedia":[{"embeddable":true,"href":"https:\/\/cookiedropping.com\/de\/wp-json\/wp\/v2\/media\/6365"}],"wp:attachment":[{"href":"https:\/\/cookiedropping.com\/de\/wp-json\/wp\/v2\/media?parent=5702"}],"curies":[{"name":"wp","href":"https:\/\/api.w.org\/{rel}","templated":true}]}}