{"id":5714,"date":"2023-12-21T12:09:17","date_gmt":"2023-12-21T12:09:17","guid":{"rendered":"https:\/\/cookiedropping.com\/?page_id=5714"},"modified":"2024-03-26T10:20:09","modified_gmt":"2024-03-26T10:20:09","slug":"olivier-caron-mason","status":"publish","type":"page","link":"https:\/\/cookiedropping.com\/de\/olivier-caron-mason\/","title":{"rendered":"Olivier Caron-Mason"},"content":{"rendered":"\n<div class=\"wp-block-group has-global-padding is-layout-constrained wp-block-group-is-layout-constrained\">\n<div class=\"wp-block-group is-nowrap is-layout-flex wp-container-core-group-is-layout-b79ae030 wp-block-group-is-layout-flex\" style=\"padding-right:0px;padding-left:0px;font-size:0.8em\">\n<p>Lire cette page \u00e0 partir d&#8217;un point de vue fran\u00e7ais:<\/p>\n\n\n\n<div class=\"wp-block-group lang-inline has-global-padding is-content-justification-left is-layout-constrained wp-container-core-group-is-layout-eec01751 wp-block-group-is-layout-constrained\" style=\"padding-right:0px;padding-left:0px\">\n<div class=\"wpml-ls-statics-shortcode_actions wpml-ls wpml-ls-legacy-list-horizontal\">\n\t<ul role=\"menu\"><li class=\"wpml-ls-slot-shortcode_actions wpml-ls-item wpml-ls-item-fr wpml-ls-first-item wpml-ls-last-item wpml-ls-item-legacy-list-horizontal\" role=\"none\">\n\t\t\t\t<a href=\"https:\/\/cookiedropping.com\/\" class=\"wpml-ls-link\" role=\"menuitem\"  aria-label=\"Zu Franz\u00f6sisch wechseln\" title=\"Zu Franz\u00f6sisch wechseln\" >\n                    <span class=\"wpml-ls-display\">Franz\u00f6sisch<\/span><\/a>\n\t\t\t<\/li><\/ul>\n<\/div>\n\n<\/div>\n<\/div>\n\n\n\n<figure class=\"wp-block-image alignright size-full is-resized has-custom-border\"><img loading=\"lazy\" decoding=\"async\" width=\"797\" height=\"1024\" src=\"https:\/\/cookiedropping.com\/wp-content\/uploads\/2024\/03\/Oli-Caron.jpg-FINAL.jpg\" alt=\"\" class=\"has-border-color has-tertiary-border-color wp-image-7054\" style=\"border-width:1px;width:280px\" srcset=\"https:\/\/cookiedropping.com\/wp-content\/uploads\/2024\/03\/Oli-Caron.jpg-FINAL.jpg 797w, https:\/\/cookiedropping.com\/wp-content\/uploads\/2024\/03\/Oli-Caron.jpg-FINAL-233x300.jpg 233w, https:\/\/cookiedropping.com\/wp-content\/uploads\/2024\/03\/Oli-Caron.jpg-FINAL-768x987.jpg 768w, https:\/\/cookiedropping.com\/wp-content\/uploads\/2024\/03\/Oli-Caron.jpg-FINAL-50x64.jpg 50w\" sizes=\"auto, (max-width: 797px) 100vw, 797px\" \/><figcaption class=\"wp-element-caption\">Olivier Caron-Mason<\/figcaption><\/figure>\n\n\n\n<p>Olivier wurde in einer multikulturellen Familie geboren, in der st\u00e4ndig mehrere Sprachen gesprochen wurden, mit Gro\u00dfeltern unterschiedlicher Nationalit\u00e4ten: Franz\u00f6sisch, Ungarisch, Deutsch, Spanisch. Er wurde fr\u00fch mit den Besonderheiten heterogener Umgebungen konfrontiert.<\/p>\n\n\n\n<p>Nach einem Sekundar- und Universit\u00e4tsstudium in England ging er in die Vereinigten Staaten, um bei einem f\u00fchrenden Unternehmen der Tourismusbranche in Chicago als Produktentwicklungsmanager zu arbeiten.<\/p>\n\n\n\n<p>Nach einigen Jahren in Frankreich trat er in die Kreuzfahrtdivision der Chargeurs S.A. Gruppe als Direktor f\u00fcr Transport ein. In dieser Rolle war er f\u00fcr die Verwaltung von Betriebszentren auf f\u00fcnf Kontinenten verantwortlich. Mit einer spontanen Empathie f\u00fcr alles, was anders ist, schafft er es sofort, ausl\u00e4ndische Gespr\u00e4chspartner zu beruhigen und Vertrauen zu schaffen.<\/p>\n\n\n\n<p>Nachdem er in den 90er Jahren ein Start-up mitbegr\u00fcndet und geleitet hatte, wurde dieses nach f\u00fcnf Jahren an die damals drittgr\u00f6\u00dfte Gruppe der Welt verkauft.<\/p>\n\n\n\n<p>Seine Leidenschaft f\u00fcr die Kommunikation zwischen Menschen aus allen Kulturen f\u00fchrte ihn dazu, dem Team von JPB als Senior Consultant beizutreten.<\/p>\n\n\n\n<p>Dank einer reichen internationalen Karriere, insbesondere in China und S\u00fcdostasien, hat er eine einzigartige Expertise in der Ann\u00e4herung und Synergie zwischen extrem unterschiedlichen Kulturen erworben. Diese Erfahrung hat es ihm erm\u00f6glicht, ein Katalysator beim Br\u00fcckenbau zwischen urspr\u00fcnglich divergenten beruflichen Umfeldern zu werden, wodurch eine fruchtbare und innovative Zusammenarbeit gef\u00f6rdert wird.<\/p>\n\n\n\n<p>Seine Ruhe, Konzentration und eine nat\u00fcrliche F\u00e4higkeit zur Probleml\u00f6sung bringen sofortige Erleichterung und eine schnelle Wiederaufnahme des Dialogs in Krisenzeiten.<\/p>\n<\/div>\n","protected":false},"excerpt":{"rendered":"<p>Olivier wurde in einer multikulturellen Familie geboren, in der st\u00e4ndig mehrere Sprachen gesprochen wurden, mit Gro\u00dfeltern unterschiedlicher Nationalit\u00e4ten: Franz\u00f6sisch, Ungarisch, Deutsch, Spanisch. Er wurde fr\u00fch mit den Besonderheiten heterogener Umgebungen konfrontiert. Nach einem Sekundar- und Universit\u00e4tsstudium in England ging er in die Vereinigten Staaten, um bei einem f\u00fchrenden Unternehmen der Tourismusbranche in Chicago als Produktentwicklungsmanager [&hellip;]<\/p>\n","protected":false},"author":1,"featured_media":2319,"parent":0,"menu_order":0,"comment_status":"closed","ping_status":"closed","template":"wp-custom-template-page-without-cover","meta":{"advgb_blocks_editor_width":"","advgb_blocks_columns_visual_guide":"","footnotes":""},"class_list":["post-5714","page","type-page","status-publish","has-post-thumbnail","hentry"],"coauthors":[],"author_meta":{"author_link":"https:\/\/cookiedropping.com\/de\/author\/mbd-berlin\/","display_name":"mbd.berlin"},"relative_dates":{"created":"Posted 2\u00a0Jahren ago","modified":"Updated 2\u00a0Jahren ago"},"absolute_dates":{"created":"Posted on Dezember 21, 2023","modified":"Updated on M\u00e4rz 26, 2024"},"absolute_dates_time":{"created":"Posted on Dezember 21, 2023 12:09 p.m.","modified":"Updated on M\u00e4rz 26, 2024 10:20 a.m."},"featured_img_caption":"Olivier Caron-Mason","featured_img":"https:\/\/cookiedropping.com\/wp-content\/uploads\/2014\/02\/caron-mason.jpg","series_order":"","_links":{"self":[{"href":"https:\/\/cookiedropping.com\/de\/wp-json\/wp\/v2\/pages\/5714","targetHints":{"allow":["GET"]}}],"collection":[{"href":"https:\/\/cookiedropping.com\/de\/wp-json\/wp\/v2\/pages"}],"about":[{"href":"https:\/\/cookiedropping.com\/de\/wp-json\/wp\/v2\/types\/page"}],"author":[{"embeddable":true,"href":"https:\/\/cookiedropping.com\/de\/wp-json\/wp\/v2\/users\/1"}],"replies":[{"embeddable":true,"href":"https:\/\/cookiedropping.com\/de\/wp-json\/wp\/v2\/comments?post=5714"}],"version-history":[{"count":4,"href":"https:\/\/cookiedropping.com\/de\/wp-json\/wp\/v2\/pages\/5714\/revisions"}],"predecessor-version":[{"id":7057,"href":"https:\/\/cookiedropping.com\/de\/wp-json\/wp\/v2\/pages\/5714\/revisions\/7057"}],"wp:featuredmedia":[{"embeddable":true,"href":"https:\/\/cookiedropping.com\/de\/wp-json\/wp\/v2\/media\/2319"}],"wp:attachment":[{"href":"https:\/\/cookiedropping.com\/de\/wp-json\/wp\/v2\/media?parent=5714"}],"curies":[{"name":"wp","href":"https:\/\/api.w.org\/{rel}","templated":true}]}}